{"id":2634,"date":"2021-08-29T11:11:26","date_gmt":"2021-08-29T15:11:26","guid":{"rendered":"https:\/\/wevaccine.ca\/adultos-con-condiciones-de-salud\/"},"modified":"2022-07-15T10:34:35","modified_gmt":"2022-07-15T14:34:35","slug":"adultos-con-condiciones-de-salud","status":"publish","type":"page","link":"https:\/\/wevaccine.ca\/es\/adultos-con-condiciones-de-salud\/","title":{"rendered":"Adultos con Condiciones de salud"},"content":{"rendered":"\t\t<div data-elementor-type=\"wp-page\" data-elementor-id=\"2634\" class=\"elementor elementor-2634 elementor-933\">\n\t\t\t\t\t\t\t\t\t<section class=\"elementor-section elementor-top-section elementor-element elementor-element-6a50a5f2 elementor-section-boxed elementor-section-height-default elementor-section-height-default\" data-id=\"6a50a5f2\" data-element_type=\"section\" data-settings=\"{&quot;background_background&quot;:&quot;classic&quot;}\">\n\t\t\t\t\t\t\t<div class=\"elementor-background-overlay\"><\/div>\n\t\t\t\t\t\t\t<div class=\"elementor-container elementor-column-gap-default\">\n\t\t\t\t\t<div class=\"elementor-column elementor-col-100 elementor-top-column elementor-element elementor-element-4b9e0f02\" data-id=\"4b9e0f02\" data-element_type=\"column\">\n\t\t\t<div class=\"elementor-widget-wrap elementor-element-populated\">\n\t\t\t\t\t\t\t\t<div class=\"elementor-element elementor-element-fe41c94 elementor-widget elementor-widget-heading\" data-id=\"fe41c94\" data-element_type=\"widget\" data-widget_type=\"heading.default\">\n\t\t\t\t<div class=\"elementor-widget-container\">\n\t\t\t<h1 class=\"elementor-heading-title elementor-size-default\">Individuos Inmunocomprometidos \n<\/h1>\t\t<\/div>\n\t\t\t\t<\/div>\n\t\t\t\t<section class=\"elementor-section elementor-inner-section elementor-element elementor-element-53148a39 elementor-reverse-tablet elementor-reverse-mobile elementor-section-boxed elementor-section-height-default elementor-section-height-default\" data-id=\"53148a39\" data-element_type=\"section\">\n\t\t\t\t\t\t<div class=\"elementor-container elementor-column-gap-default\">\n\t\t\t\t\t<div class=\"elementor-column elementor-col-33 elementor-inner-column elementor-element elementor-element-2be3fdb7\" data-id=\"2be3fdb7\" data-element_type=\"column\">\n\t\t\t<div class=\"elementor-widget-wrap elementor-element-populated\">\n\t\t\t\t\t\t\t\t<div class=\"elementor-element elementor-element-55694b3 elementor-widget elementor-widget-image\" data-id=\"55694b3\" data-element_type=\"widget\" data-settings=\"{&quot;motion_fx_motion_fx_scrolling&quot;:&quot;yes&quot;,&quot;motion_fx_translateY_effect&quot;:&quot;yes&quot;,&quot;motion_fx_translateY_speed&quot;:{&quot;unit&quot;:&quot;px&quot;,&quot;size&quot;:&quot;1&quot;,&quot;sizes&quot;:[]},&quot;motion_fx_translateY_affectedRange&quot;:{&quot;unit&quot;:&quot;%&quot;,&quot;size&quot;:&quot;&quot;,&quot;sizes&quot;:{&quot;start&quot;:0,&quot;end&quot;:100}},&quot;motion_fx_devices&quot;:[&quot;desktop&quot;,&quot;tablet&quot;,&quot;mobile&quot;]}\" data-widget_type=\"image.default\">\n\t\t\t\t<div class=\"elementor-widget-container\">\n\t\t\t\t\t\t\t\t\t\t\t\t\t\t\t<img loading=\"lazy\" decoding=\"async\" width=\"1440\" height=\"810\" src=\"https:\/\/wevaccine.ca\/wp-content\/uploads\/2022\/04\/health-topics-2.jpeg\" class=\"attachment-full size-full\" alt=\"\" srcset=\"https:\/\/wevaccine.ca\/wp-content\/uploads\/2022\/04\/health-topics-2.jpeg 1440w, https:\/\/wevaccine.ca\/wp-content\/uploads\/2022\/04\/health-topics-2-300x169.jpeg 300w, https:\/\/wevaccine.ca\/wp-content\/uploads\/2022\/04\/health-topics-2-1024x576.jpeg 1024w, https:\/\/wevaccine.ca\/wp-content\/uploads\/2022\/04\/health-topics-2-768x432.jpeg 768w\" sizes=\"auto, (max-width: 1440px) 100vw, 1440px\" \/>\t\t\t\t\t\t\t\t\t\t\t\t\t\t\t<\/div>\n\t\t\t\t<\/div>\n\t\t\t\t\t<\/div>\n\t\t<\/div>\n\t\t\t\t<div class=\"elementor-column elementor-col-33 elementor-inner-column elementor-element elementor-element-5922c7e\" data-id=\"5922c7e\" data-element_type=\"column\">\n\t\t\t<div class=\"elementor-widget-wrap elementor-element-populated\">\n\t\t\t\t\t\t\t\t<div class=\"elementor-element elementor-element-85d758 elementor-widget__width-initial elementor-widget elementor-widget-text-editor\" data-id=\"85d758\" data-element_type=\"widget\" data-widget_type=\"text-editor.default\">\n\t\t\t\t<div class=\"elementor-widget-container\">\n\t\t\t\t\t\t\t<p>Adultos con sistemas inmunocomprometidos son m\u00e1s susceptibles a infecciones prevenibles con vacunas y por lo tanto deben seguir una serie de recomendaciones en cuanto a las para prevenir riesgos serios de salud.<\/p>\t\t\t\t\t\t<\/div>\n\t\t\t\t<\/div>\n\t\t\t\t<div class=\"elementor-element elementor-element-7268b4da elementor-widget__width-initial elementor-widget elementor-widget-text-editor\" data-id=\"7268b4da\" data-element_type=\"widget\" data-widget_type=\"text-editor.default\">\n\t\t\t\t<div class=\"elementor-widget-container\">\n\t\t\t\t\t\t\t<p>As\u00ed como cada persona es diferente, usted always debe consultar con su Doctor o medico de familia ( o enfermera especializada) para determinar cual es el mejor calendario de inmunizaci\u00f3n que se adapta a sus necesidades y su situaci\u00f3n.<\/p>\t\t\t\t\t\t<\/div>\n\t\t\t\t<\/div>\n\t\t\t\t<div class=\"elementor-element elementor-element-a5a38f4 elementor-widget__width-initial elementor-align-justify elementor-widget elementor-widget-button\" data-id=\"a5a38f4\" data-element_type=\"widget\" data-widget_type=\"button.default\">\n\t\t\t\t<div class=\"elementor-widget-container\">\n\t\t\t\t\t<div class=\"elementor-button-wrapper\">\n\t\t\t<a href=\"https:\/\/www.canada.ca\/en\/public-health\/services\/publications\/healthy-living\/canadian-immunization-guide-part-3-vaccination-specific-populations\/page-8-immunization-immunocompromised-persons.html\" target=\"_blank\" class=\"elementor-button-link elementor-button elementor-size-sm\" role=\"button\">\n\t\t\t\t\t\t<span class=\"elementor-button-content-wrapper\">\n\t\t\t\t\t\t<span class=\"elementor-button-text\">Continue leyendo<\/span>\n\t\t<\/span>\n\t\t\t\t\t<\/a>\n\t\t<\/div>\n\t\t\t\t<\/div>\n\t\t\t\t<\/div>\n\t\t\t\t\t<\/div>\n\t\t<\/div>\n\t\t\t\t<div class=\"elementor-column elementor-col-33 elementor-inner-column elementor-element elementor-element-39bdf6ef\" data-id=\"39bdf6ef\" data-element_type=\"column\">\n\t\t\t<div class=\"elementor-widget-wrap elementor-element-populated\">\n\t\t\t\t\t\t\t\t<div class=\"elementor-element elementor-element-5378dbd8 elementor-widget__width-initial elementor-widget elementor-widget-text-editor\" data-id=\"5378dbd8\" data-element_type=\"widget\" data-widget_type=\"text-editor.default\">\n\t\t\t\t<div class=\"elementor-widget-container\">\n\t\t\t\t\t\t\t<p>Como regla general, vacunas inactivas deben generalmente ser administradas a la mayor\u00eda de individuos inmunocomprometidos, desde que no poseen incremento del riesgo de efectos adversos producidos por la vacuna. Por otro lado las vacunas vivas deber\u00e1n ser administradas a individuos inmunocomprometidos con menor severidad, desde que los beneficios de las vacunas vivas generalmente superan los riesgos. <\/p>\t\t\t\t\t\t<\/div>\n\t\t\t\t<\/div>\n\t\t\t\t<div class=\"elementor-element elementor-element-63da38e3 elementor-widget__width-initial elementor-widget elementor-widget-text-editor\" data-id=\"63da38e3\" data-element_type=\"widget\" data-widget_type=\"text-editor.default\">\n\t\t\t\t<div class=\"elementor-widget-container\">\n\t\t\t\t\t\t\t<p>Mientras se considera que es generalmente seguro para individuos severamente inmunocomprometidos recibir vacunas inactivas, deber\u00edan consultar con sus proveedores de servicios de salud acerca de las vacunas vivas, porque puede ocurrir un riesgo mayor de enfermedad causado por la cepa de la vacuna.<\/p>\t\t\t\t\t\t<\/div>\n\t\t\t\t<\/div>\n\t\t\t\t\t<\/div>\n\t\t<\/div>\n\t\t\t\t\t\t\t<\/div>\n\t\t<\/section>\n\t\t\t\t\t<\/div>\n\t\t<\/div>\n\t\t\t\t\t\t\t<\/div>\n\t\t<\/section>\n\t\t\t\t<section class=\"elementor-section elementor-top-section elementor-element elementor-element-4849ad9 elementor-section-boxed elementor-section-height-default elementor-section-height-default\" data-id=\"4849ad9\" data-element_type=\"section\">\n\t\t\t\t\t\t<div class=\"elementor-container elementor-column-gap-default\">\n\t\t\t\t\t<div class=\"elementor-column elementor-col-50 elementor-top-column elementor-element elementor-element-63231bbb\" data-id=\"63231bbb\" data-element_type=\"column\">\n\t\t\t<div class=\"elementor-widget-wrap elementor-element-populated\">\n\t\t\t\t\t\t\t\t<div class=\"elementor-element elementor-element-7255e2bd elementor-widget elementor-widget-heading\" data-id=\"7255e2bd\" data-element_type=\"widget\" data-widget_type=\"heading.default\">\n\t\t\t\t<div class=\"elementor-widget-container\">\n\t\t\t<h2 class=\"elementor-heading-title elementor-size-default\">Individuos con Riesgo<\/h2>\t\t<\/div>\n\t\t\t\t<\/div>\n\t\t\t\t<div class=\"elementor-element elementor-element-7e73c882 elementor-widget__width-initial elementor-widget elementor-widget-text-editor\" data-id=\"7e73c882\" data-element_type=\"widget\" data-widget_type=\"text-editor.default\">\n\t\t\t\t<div class=\"elementor-widget-container\">\n\t\t\t\t\t\t\t<p>Individuos con condiciones m\u00e9dicas cr\u00f3nicas o preexistentes son considerados generalmente \u201cde riesgo\u201d debido a que son t\u00edpicamente m\u00e1s susceptibles a desarrollar efectos adversos serios como consecuencia de enfermedades e infecciones.<\/p>\t\t\t\t\t\t<\/div>\n\t\t\t\t<\/div>\n\t\t\t\t<div class=\"elementor-element elementor-element-6fd79ccb elementor-widget__width-initial elementor-widget elementor-widget-text-editor\" data-id=\"6fd79ccb\" data-element_type=\"widget\" data-widget_type=\"text-editor.default\">\n\t\t\t\t<div class=\"elementor-widget-container\">\n\t\t\t\t\t\t\t<p>Condiciones que clasifican a un individuo de estar en riesgo incluyen: c\u00e1ncer, diabetes, enfermedad pulmonar, enfermedad del ri\u00f1\u00f3n, enfermedad cardiaca, enfermedad del h\u00edgado, demencia, apoplej\u00eda y presi\u00f3n arterial elevada.<\/p>\t\t\t\t\t\t<\/div>\n\t\t\t\t<\/div>\n\t\t\t\t\t<\/div>\n\t\t<\/div>\n\t\t\t\t<div class=\"elementor-column elementor-col-50 elementor-top-column elementor-element elementor-element-57e7629f\" data-id=\"57e7629f\" data-element_type=\"column\" data-settings=\"{&quot;background_background&quot;:&quot;classic&quot;}\">\n\t\t\t<div class=\"elementor-widget-wrap elementor-element-populated\">\n\t\t\t\t\t\t\t\t<div class=\"elementor-element elementor-element-6660a339 elementor-widget__width-initial elementor-widget elementor-widget-text-editor\" data-id=\"6660a339\" data-element_type=\"widget\" data-widget_type=\"text-editor.default\">\n\t\t\t\t<div class=\"elementor-widget-container\">\n\t\t\t\t\t\t\t<p>Se recomienda que los adultos que tienen riesgo sigan un programa de inmunizaci\u00f3n diferente para asegurarse de que reciban la m\u00e1xima protecci\u00f3n. Es importante consultar el programa de vacunaci\u00f3n con su proveedor de servicios de salud. <\/p><p>Algunas de las recomendaciones pueden incluir:<\/p>\t\t\t\t\t\t<\/div>\n\t\t\t\t<\/div>\n\t\t\t\t<div class=\"elementor-element elementor-element-ed8628b elementor-widget__width-initial elementor-widget elementor-widget-text-editor\" data-id=\"ed8628b\" data-element_type=\"widget\" data-widget_type=\"text-editor.default\">\n\t\t\t\t<div class=\"elementor-widget-container\">\n\t\t\t\t\t\t\t\n<table id=\"tablepress-5\" class=\"tablepress tablepress-id-5\">\n<thead>\n<tr class=\"row-1 odd\">\n\t<th class=\"column-1\">Vacuna <\/th><th class=\"column-2\">Dosis <\/th>\n<\/tr>\n<\/thead>\n<tbody class=\"row-hover\">\n<tr class=\"row-2 even\">\n\t<td class=\"column-1\">IPV<\/td><td class=\"column-2\">1 dosis de refuerzo <\/td>\n<\/tr>\n<tr class=\"row-3 odd\">\n\t<td class=\"column-1\">MMR<\/td><td class=\"column-2\">2da dosis <\/td>\n<\/tr>\n<tr class=\"row-4 even\">\n\t<td class=\"column-1\">Neumococo  <\/td><td class=\"column-2\">1 dosis + una posible dosis de refuerzo <\/td>\n<\/tr>\n<tr class=\"row-5 odd\">\n\t<td class=\"column-1\">Meningococo<\/td><td class=\"column-2\">2 dosis + una dosis de refuerzo <\/td>\n<\/tr>\n<tr class=\"row-6 even\">\n\t<td class=\"column-1\">Influenza<\/td><td class=\"column-2\">Anualmente<\/td>\n<\/tr>\n<tr class=\"row-7 odd\">\n\t<td class=\"column-1\">Varicela <\/td><td class=\"column-2\">2 dosis <\/td>\n<\/tr>\n<\/tbody>\n<\/table>\n<!-- #tablepress-5 from cache -->\t\t\t\t\t\t<\/div>\n\t\t\t\t<\/div>\n\t\t\t\t<div class=\"elementor-element elementor-element-4b35dba elementor-widget elementor-widget-text-editor\" data-id=\"4b35dba\" data-element_type=\"widget\" data-widget_type=\"text-editor.default\">\n\t\t\t\t<div class=\"elementor-widget-container\">\n\t\t\t\t\t\t\t\t\t\t\t\t\t<\/div>\n\t\t\t\t<\/div>\n\t\t\t\t<div class=\"elementor-element elementor-element-4db81e4 elementor-widget__width-initial elementor-align-justify elementor-widget elementor-widget-button\" data-id=\"4db81e4\" data-element_type=\"widget\" data-widget_type=\"button.default\">\n\t\t\t\t<div class=\"elementor-widget-container\">\n\t\t\t\t\t<div class=\"elementor-button-wrapper\">\n\t\t\t<a href=\"https:\/\/www.canada.ca\/en\/public-health\/services\/publications\/healthy-living\/canadian-immunization-guide-part-1-key-immunization-information\/page-13-recommended-immunization-schedules.html#p1c12a8\" target=\"_blank\" class=\"elementor-button-link elementor-button elementor-size-sm\" role=\"button\">\n\t\t\t\t\t\t<span class=\"elementor-button-content-wrapper\">\n\t\t\t\t\t\t<span class=\"elementor-button-text\">Continue leyendo<\/span>\n\t\t<\/span>\n\t\t\t\t\t<\/a>\n\t\t<\/div>\n\t\t\t\t<\/div>\n\t\t\t\t<\/div>\n\t\t\t\t\t<\/div>\n\t\t<\/div>\n\t\t\t\t\t\t\t<\/div>\n\t\t<\/section>\n\t\t\t\t<section class=\"elementor-section elementor-top-section elementor-element elementor-element-e0152a8 elementor-section-boxed elementor-section-height-default elementor-section-height-default\" data-id=\"e0152a8\" data-element_type=\"section\">\n\t\t\t\t\t\t<div class=\"elementor-container elementor-column-gap-default\">\n\t\t\t\t\t<div class=\"elementor-column elementor-col-100 elementor-top-column elementor-element elementor-element-73fb309\" data-id=\"73fb309\" data-element_type=\"column\">\n\t\t\t<div class=\"elementor-widget-wrap elementor-element-populated\">\n\t\t\t\t\t\t\t\t<div class=\"elementor-element elementor-element-36858f4 elementor-widget elementor-widget-heading\" data-id=\"36858f4\" data-element_type=\"widget\" data-widget_type=\"heading.default\">\n\t\t\t\t<div class=\"elementor-widget-container\">\n\t\t\t<h2 class=\"elementor-heading-title elementor-size-default\">Vacuna de COVID-19 para poblaciones especificas<\/h2>\t\t<\/div>\n\t\t\t\t<\/div>\n\t\t\t\t<div class=\"elementor-element elementor-element-cd33b51 elementor-widget__width-initial elementor-widget elementor-widget-text-editor\" data-id=\"cd33b51\" data-element_type=\"widget\" data-widget_type=\"text-editor.default\">\n\t\t\t\t<div class=\"elementor-widget-container\">\n\t\t\t\t\t\t\t<ul><li>Individuos inmunocomprometidos tienen una respuesta inmunol\u00f3gica mas baja a la vacunaci\u00f3n de COVID-19.<\/li><li>Debido a esto se recomienda que se apliquen una tercer vacuna mRNA 28 dias despu\u00e9s de recibir la segunda dosis.<\/li><li>Una vez vacunados con la 3er m RNA, se recomienda que se administre una dosis de refuerzo despu\u00e9s de 6 meses, para asegurar m\u00e1xima protecci\u00f3n. (\u00faltima actualizaci\u00f3n Marzo 22<sup>,<\/sup> 2022) <\/li><li><p>Para determinar cual es el programa de vacunaci\u00f3n de COVID-19 al que usted es elegible, basado en su nivel de riesgo, por favor hable con su profesional de la salud o visite <a href=\"https:\/\/www.canada.ca\/en\/public-health\/services\/publications\/healthy-living\/canadian-immunization-guide-part-4-active-vaccines\/page-26-covid-19-vaccine.html\">Canada public health services<\/a>.<\/p><\/li><\/ul>\t\t\t\t\t\t<\/div>\n\t\t\t\t<\/div>\n\t\t\t\t\t<\/div>\n\t\t<\/div>\n\t\t\t\t\t\t\t<\/div>\n\t\t<\/section>\n\t\t\t\t\t\t\t<\/div>\n\t\t","protected":false},"excerpt":{"rendered":"<p>Individuos Inmunocomprometidos Adultos con sistemas inmunocomprometidos son m\u00e1s susceptibles a infecciones prevenibles con vacunas y por lo tanto deben seguir una serie de recomendaciones en cuanto a las para prevenir riesgos serios de salud. As\u00ed como cada persona es diferente, usted always debe consultar con su Doctor o medico de familia ( o enfermera especializada) [&hellip;]<\/p>\n","protected":false},"author":1,"featured_media":0,"parent":0,"menu_order":0,"comment_status":"closed","ping_status":"closed","template":"elementor_header_footer","meta":{"footnotes":""},"class_list":["post-2634","page","type-page","status-publish","hentry"],"yoast_head":"<!-- This site is optimized with the Yoast SEO plugin v19.9 - https:\/\/yoast.com\/wordpress\/plugins\/seo\/ -->\n<title>Adultos con Condiciones de salud | Windsor Essex Vaccine<\/title>\n<meta name=\"description\" content=\"Adultos con Condiciones de salud | Windsor Essex Vaccine\" \/>\n<meta name=\"robots\" content=\"index, follow, max-snippet:-1, max-image-preview:large, max-video-preview:-1\" \/>\n<link rel=\"canonical\" href=\"https:\/\/wevaccine.ca\/es\/adultos-con-condiciones-de-salud\/\" \/>\n<meta property=\"og:locale\" content=\"es_ES\" \/>\n<meta property=\"og:type\" content=\"article\" \/>\n<meta property=\"og:title\" content=\"Adultos con Condiciones de salud | Windsor Essex Vaccine\" \/>\n<meta property=\"og:description\" content=\"Adultos con Condiciones de salud | Windsor Essex Vaccine\" \/>\n<meta property=\"og:url\" content=\"https:\/\/wevaccine.ca\/es\/adultos-con-condiciones-de-salud\/\" \/>\n<meta property=\"og:site_name\" content=\"Windsor Essex Vaccine\" \/>\n<meta property=\"article:modified_time\" content=\"2022-07-15T14:34:35+00:00\" \/>\n<meta property=\"og:image\" content=\"https:\/\/wevaccine.ca\/wp-content\/uploads\/2022\/04\/health-topics-2.jpeg\" \/>\n<meta name=\"twitter:card\" content=\"summary_large_image\" \/>\n<meta name=\"twitter:label1\" content=\"Tiempo de lectura\" \/>\n\t<meta name=\"twitter:data1\" content=\"2 minutos\" \/>\n<script type=\"application\/ld+json\" class=\"yoast-schema-graph\">{\"@context\":\"https:\/\/schema.org\",\"@graph\":[{\"@type\":\"WebPage\",\"@id\":\"https:\/\/wevaccine.ca\/es\/adultos-con-condiciones-de-salud\/\",\"url\":\"https:\/\/wevaccine.ca\/es\/adultos-con-condiciones-de-salud\/\",\"name\":\"Adultos con Condiciones de salud | Windsor Essex Vaccine\",\"isPartOf\":{\"@id\":\"https:\/\/wevaccine.ca\/#website\"},\"datePublished\":\"2021-08-29T15:11:26+00:00\",\"dateModified\":\"2022-07-15T14:34:35+00:00\",\"description\":\"Adultos con Condiciones de salud | Windsor Essex Vaccine\",\"breadcrumb\":{\"@id\":\"https:\/\/wevaccine.ca\/es\/adultos-con-condiciones-de-salud\/#breadcrumb\"},\"inLanguage\":\"es\",\"potentialAction\":[{\"@type\":\"ReadAction\",\"target\":[\"https:\/\/wevaccine.ca\/es\/adultos-con-condiciones-de-salud\/\"]}]},{\"@type\":\"BreadcrumbList\",\"@id\":\"https:\/\/wevaccine.ca\/es\/adultos-con-condiciones-de-salud\/#breadcrumb\",\"itemListElement\":[{\"@type\":\"ListItem\",\"position\":1,\"name\":\"Home\",\"item\":\"https:\/\/wevaccine.ca\/es\/home\/\"},{\"@type\":\"ListItem\",\"position\":2,\"name\":\"Adultos con Condiciones de salud\"}]},{\"@type\":\"WebSite\",\"@id\":\"https:\/\/wevaccine.ca\/#website\",\"url\":\"https:\/\/wevaccine.ca\/\",\"name\":\"Windsor Essex Vaccine\",\"description\":\"Windsor Essex Vaccination Education Site by the University of Windsor\",\"publisher\":{\"@id\":\"https:\/\/wevaccine.ca\/#organization\"},\"potentialAction\":[{\"@type\":\"SearchAction\",\"target\":{\"@type\":\"EntryPoint\",\"urlTemplate\":\"https:\/\/wevaccine.ca\/?s={search_term_string}\"},\"query-input\":\"required name=search_term_string\"}],\"inLanguage\":\"es\"},{\"@type\":\"Organization\",\"@id\":\"https:\/\/wevaccine.ca\/#organization\",\"name\":\"Windsor Essex Vaccination Education\",\"url\":\"https:\/\/wevaccine.ca\/\",\"logo\":{\"@type\":\"ImageObject\",\"inLanguage\":\"es\",\"@id\":\"https:\/\/wevaccine.ca\/#\/schema\/logo\/image\/\",\"url\":\"https:\/\/wevaccine.ca\/wp-content\/uploads\/2021\/08\/Screen-Shot-2021-08-02-at-6.29.54-PM.png\",\"contentUrl\":\"https:\/\/wevaccine.ca\/wp-content\/uploads\/2021\/08\/Screen-Shot-2021-08-02-at-6.29.54-PM.png\",\"width\":408,\"height\":244,\"caption\":\"Windsor Essex Vaccination Education\"},\"image\":{\"@id\":\"https:\/\/wevaccine.ca\/#\/schema\/logo\/image\/\"}}]}<\/script>\n<!-- \/ Yoast SEO plugin. -->","yoast_head_json":{"title":"Adultos con Condiciones de salud | Windsor Essex Vaccine","description":"Adultos con Condiciones de salud | Windsor Essex Vaccine","robots":{"index":"index","follow":"follow","max-snippet":"max-snippet:-1","max-image-preview":"max-image-preview:large","max-video-preview":"max-video-preview:-1"},"canonical":"https:\/\/wevaccine.ca\/es\/adultos-con-condiciones-de-salud\/","og_locale":"es_ES","og_type":"article","og_title":"Adultos con Condiciones de salud | Windsor Essex Vaccine","og_description":"Adultos con Condiciones de salud | Windsor Essex Vaccine","og_url":"https:\/\/wevaccine.ca\/es\/adultos-con-condiciones-de-salud\/","og_site_name":"Windsor Essex Vaccine","article_modified_time":"2022-07-15T14:34:35+00:00","og_image":[{"url":"https:\/\/wevaccine.ca\/wp-content\/uploads\/2022\/04\/health-topics-2.jpeg"}],"twitter_card":"summary_large_image","twitter_misc":{"Tiempo de lectura":"2 minutos"},"schema":{"@context":"https:\/\/schema.org","@graph":[{"@type":"WebPage","@id":"https:\/\/wevaccine.ca\/es\/adultos-con-condiciones-de-salud\/","url":"https:\/\/wevaccine.ca\/es\/adultos-con-condiciones-de-salud\/","name":"Adultos con Condiciones de salud | Windsor Essex Vaccine","isPartOf":{"@id":"https:\/\/wevaccine.ca\/#website"},"datePublished":"2021-08-29T15:11:26+00:00","dateModified":"2022-07-15T14:34:35+00:00","description":"Adultos con Condiciones de salud | Windsor Essex Vaccine","breadcrumb":{"@id":"https:\/\/wevaccine.ca\/es\/adultos-con-condiciones-de-salud\/#breadcrumb"},"inLanguage":"es","potentialAction":[{"@type":"ReadAction","target":["https:\/\/wevaccine.ca\/es\/adultos-con-condiciones-de-salud\/"]}]},{"@type":"BreadcrumbList","@id":"https:\/\/wevaccine.ca\/es\/adultos-con-condiciones-de-salud\/#breadcrumb","itemListElement":[{"@type":"ListItem","position":1,"name":"Home","item":"https:\/\/wevaccine.ca\/es\/home\/"},{"@type":"ListItem","position":2,"name":"Adultos con Condiciones de salud"}]},{"@type":"WebSite","@id":"https:\/\/wevaccine.ca\/#website","url":"https:\/\/wevaccine.ca\/","name":"Windsor Essex Vaccine","description":"Windsor Essex Vaccination Education Site by the University of Windsor","publisher":{"@id":"https:\/\/wevaccine.ca\/#organization"},"potentialAction":[{"@type":"SearchAction","target":{"@type":"EntryPoint","urlTemplate":"https:\/\/wevaccine.ca\/?s={search_term_string}"},"query-input":"required name=search_term_string"}],"inLanguage":"es"},{"@type":"Organization","@id":"https:\/\/wevaccine.ca\/#organization","name":"Windsor Essex Vaccination Education","url":"https:\/\/wevaccine.ca\/","logo":{"@type":"ImageObject","inLanguage":"es","@id":"https:\/\/wevaccine.ca\/#\/schema\/logo\/image\/","url":"https:\/\/wevaccine.ca\/wp-content\/uploads\/2021\/08\/Screen-Shot-2021-08-02-at-6.29.54-PM.png","contentUrl":"https:\/\/wevaccine.ca\/wp-content\/uploads\/2021\/08\/Screen-Shot-2021-08-02-at-6.29.54-PM.png","width":408,"height":244,"caption":"Windsor Essex Vaccination Education"},"image":{"@id":"https:\/\/wevaccine.ca\/#\/schema\/logo\/image\/"}}]}},"_links":{"self":[{"href":"https:\/\/wevaccine.ca\/es\/wp-json\/wp\/v2\/pages\/2634","targetHints":{"allow":["GET"]}}],"collection":[{"href":"https:\/\/wevaccine.ca\/es\/wp-json\/wp\/v2\/pages"}],"about":[{"href":"https:\/\/wevaccine.ca\/es\/wp-json\/wp\/v2\/types\/page"}],"author":[{"embeddable":true,"href":"https:\/\/wevaccine.ca\/es\/wp-json\/wp\/v2\/users\/1"}],"replies":[{"embeddable":true,"href":"https:\/\/wevaccine.ca\/es\/wp-json\/wp\/v2\/comments?post=2634"}],"version-history":[{"count":6,"href":"https:\/\/wevaccine.ca\/es\/wp-json\/wp\/v2\/pages\/2634\/revisions"}],"predecessor-version":[{"id":3029,"href":"https:\/\/wevaccine.ca\/es\/wp-json\/wp\/v2\/pages\/2634\/revisions\/3029"}],"wp:attachment":[{"href":"https:\/\/wevaccine.ca\/es\/wp-json\/wp\/v2\/media?parent=2634"}],"curies":[{"name":"wp","href":"https:\/\/api.w.org\/{rel}","templated":true}]}}