{"id":2679,"date":"2021-08-29T11:13:15","date_gmt":"2021-08-29T15:13:15","guid":{"rendered":"https:\/\/wevaccine.ca\/mitos-comunes\/"},"modified":"2022-06-11T13:52:53","modified_gmt":"2022-06-11T17:52:53","slug":"mitos-comunes","status":"publish","type":"page","link":"https:\/\/wevaccine.ca\/es\/mitos-comunes\/","title":{"rendered":"Mitos comunes"},"content":{"rendered":"\t\t<div data-elementor-type=\"wp-page\" data-elementor-id=\"2679\" class=\"elementor elementor-2679 elementor-942\">\n\t\t\t\t\t\t\t\t\t<section class=\"elementor-section elementor-top-section elementor-element elementor-element-644c25e9 elementor-section-content-middle elementor-section-boxed elementor-section-height-default elementor-section-height-default\" data-id=\"644c25e9\" data-element_type=\"section\">\n\t\t\t\t\t\t<div class=\"elementor-container elementor-column-gap-no\">\n\t\t\t\t\t<div class=\"elementor-column elementor-col-100 elementor-top-column elementor-element elementor-element-4a2dfbd4\" data-id=\"4a2dfbd4\" data-element_type=\"column\">\n\t\t\t<div class=\"elementor-widget-wrap elementor-element-populated\">\n\t\t\t\t\t\t\t\t<section class=\"elementor-section elementor-inner-section elementor-element elementor-element-76bd7e8 elementor-section-boxed elementor-section-height-default elementor-section-height-default\" data-id=\"76bd7e8\" data-element_type=\"section\">\n\t\t\t\t\t\t<div class=\"elementor-container elementor-column-gap-default\">\n\t\t\t\t\t<div class=\"elementor-column elementor-col-50 elementor-inner-column elementor-element elementor-element-624f1a5\" data-id=\"624f1a5\" data-element_type=\"column\">\n\t\t\t<div class=\"elementor-widget-wrap elementor-element-populated\">\n\t\t\t\t\t\t\t\t<div class=\"elementor-element elementor-element-18bc9fa elementor-widget elementor-widget-heading\" data-id=\"18bc9fa\" data-element_type=\"widget\" data-widget_type=\"heading.default\">\n\t\t\t\t<div class=\"elementor-widget-container\">\n\t\t\t<h2 class=\"elementor-heading-title elementor-size-medium\"><h4 data-elementor-setting-key=\"title\" data-pen-placeholder=\"Type Here...\" style=\"font-family: Inter, sans-serif; font-weight: 600; line-height: 1.2em; color: rgb(32, 59, 84); font-size: 42px; text-transform: capitalize; letter-spacing: -1px;\">Vacunas e Inmunizaci\u00f3n: <br>Mitos y Conceptos err\u00f3neos (WHO, 2019)<\/h4><\/h2>\t\t<\/div>\n\t\t\t\t<\/div>\n\t\t\t\t\t<\/div>\n\t\t<\/div>\n\t\t\t\t<div class=\"elementor-column elementor-col-50 elementor-inner-column elementor-element elementor-element-e510f3b\" data-id=\"e510f3b\" data-element_type=\"column\">\n\t\t\t<div class=\"elementor-widget-wrap elementor-element-populated\">\n\t\t\t\t\t\t\t\t<div class=\"elementor-element elementor-element-229a92f elementor-widget elementor-widget-image\" data-id=\"229a92f\" data-element_type=\"widget\" data-widget_type=\"image.default\">\n\t\t\t\t<div class=\"elementor-widget-container\">\n\t\t\t\t\t\t\t\t\t\t\t\t\t\t\t<img loading=\"lazy\" decoding=\"async\" width=\"800\" height=\"534\" src=\"https:\/\/wevaccine.ca\/wp-content\/uploads\/2022\/03\/61Z_2112.w009.n001.65B.p14.65-1024x683.jpg\" class=\"attachment-large size-large\" alt=\"\" srcset=\"https:\/\/wevaccine.ca\/wp-content\/uploads\/2022\/03\/61Z_2112.w009.n001.65B.p14.65-1024x683.jpg 1024w, https:\/\/wevaccine.ca\/wp-content\/uploads\/2022\/03\/61Z_2112.w009.n001.65B.p14.65-300x200.jpg 300w, https:\/\/wevaccine.ca\/wp-content\/uploads\/2022\/03\/61Z_2112.w009.n001.65B.p14.65-768x512.jpg 768w, https:\/\/wevaccine.ca\/wp-content\/uploads\/2022\/03\/61Z_2112.w009.n001.65B.p14.65-1536x1024.jpg 1536w, https:\/\/wevaccine.ca\/wp-content\/uploads\/2022\/03\/61Z_2112.w009.n001.65B.p14.65-2048x1365.jpg 2048w\" sizes=\"auto, (max-width: 800px) 100vw, 800px\" \/>\t\t\t\t\t\t\t\t\t\t\t\t\t\t\t<\/div>\n\t\t\t\t<\/div>\n\t\t\t\t\t<\/div>\n\t\t<\/div>\n\t\t\t\t\t\t\t<\/div>\n\t\t<\/section>\n\t\t\t\t<div class=\"elementor-element elementor-element-7ac2a94c elementor-widget elementor-widget-toggle\" data-id=\"7ac2a94c\" data-element_type=\"widget\" data-widget_type=\"toggle.default\">\n\t\t\t\t<div class=\"elementor-widget-container\">\n\t\t\t\t\t<div class=\"elementor-toggle\" role=\"tablist\">\n\t\t\t\t\t\t\t<div class=\"elementor-toggle-item\">\n\t\t\t\t\t<div id=\"elementor-tab-title-2051\" class=\"elementor-tab-title\" data-tab=\"1\" role=\"tab\" aria-controls=\"elementor-tab-content-2051\" aria-expanded=\"false\">\n\t\t\t\t\t\t\t\t\t\t\t\t<span class=\"elementor-toggle-icon elementor-toggle-icon-right\" aria-hidden=\"true\">\n\t\t\t\t\t\t\t\t\t\t\t\t\t\t\t<span class=\"elementor-toggle-icon-closed\"><i class=\"fas fa-caret-right\"><\/i><\/span>\n\t\t\t\t\t\t\t\t<span class=\"elementor-toggle-icon-opened\"><i class=\"elementor-toggle-icon-opened fas fa-caret-up\"><\/i><\/span>\n\t\t\t\t\t\t\t\t\t\t\t\t\t<\/span>\n\t\t\t\t\t\t\t\t\t\t\t\t<a href=\"\" class=\"elementor-toggle-title\">\u00bfNo estaban las enfermedades desapareciendo antes de que las vacunas fueran introducidas debido a mejor higiene y salubridad?<\/a>\n\t\t\t\t\t<\/div>\n\n\t\t\t\t\t<div id=\"elementor-tab-content-2051\" class=\"elementor-tab-content elementor-clearfix\" data-tab=\"1\" role=\"tabpanel\" aria-labelledby=\"elementor-tab-title-2051\"><p>Ideas como esta son una creencia antivacunas muy com\u00fan, la intenci\u00f3n es aparentemente sugerir que las vacunas no son necesarias. Mejores condiciones socio- econ\u00f3micas indudablemente han tenido un impacto indirecto en las enfermedades. Mejor nutrici\u00f3n, tambi\u00e9n el desarrollo de los antibi\u00f3ticos y otros tratamientos, han incrementado los niveles de supervivencia entre las personas enfermas; condiciones de vida menos concurridas han reducido la transmisi\u00f3n de enfermedades; menores \u00edndices de nacimientos han disminuido el n\u00famero de contactos susceptibles en el hogar. Sin embargo, observando la incidencia actual de enfermedades a trav\u00e9s de los a\u00f1os no cabe duda de el significativo impacto directo que las vacunas han tenido, incluso en tiempos modernos.   <\/p><p>Por ejemplo, desde que el saneamiento no es mejor actualmente de lo que era en 1990, es dif\u00edcil atribuir la desaparici\u00f3n virtual de las enfermedades como la Haemophilus influenzae Tipo b (Hib) en a\u00f1os recientes en pa\u00edses con una rutina de vacunaci\u00f3n Hib en ni\u00f1os ( de un promedio de 20 000 casos por a\u00f1o a 1419 casos en 1993, y disminuyendo en los Estados Unidos de Am\u00e9rica) debido solamente a la vacuna.<\/p><\/div>\n\t\t\t\t<\/div>\n\t\t\t\t\t\t\t<div class=\"elementor-toggle-item\">\n\t\t\t\t\t<div id=\"elementor-tab-title-2052\" class=\"elementor-tab-title\" data-tab=\"2\" role=\"tab\" aria-controls=\"elementor-tab-content-2052\" aria-expanded=\"false\">\n\t\t\t\t\t\t\t\t\t\t\t\t<span class=\"elementor-toggle-icon elementor-toggle-icon-right\" aria-hidden=\"true\">\n\t\t\t\t\t\t\t\t\t\t\t\t\t\t\t<span class=\"elementor-toggle-icon-closed\"><i class=\"fas fa-caret-right\"><\/i><\/span>\n\t\t\t\t\t\t\t\t<span class=\"elementor-toggle-icon-opened\"><i class=\"elementor-toggle-icon-opened fas fa-caret-up\"><\/i><\/span>\n\t\t\t\t\t\t\t\t\t\t\t\t\t<\/span>\n\t\t\t\t\t\t\t\t\t\t\t\t<a href=\"\" class=\"elementor-toggle-title\">\u00bfLas vacunas pueden causar enfermedad? He o\u00eddo que la mayor\u00eda de las personas que se enferman han sido vacunadas. <\/a>\n\t\t\t\t\t<\/div>\n\n\t\t\t\t\t<div id=\"elementor-tab-content-2052\" class=\"elementor-tab-content elementor-clearfix\" data-tab=\"2\" role=\"tabpanel\" aria-labelledby=\"elementor-tab-title-2052\"><div class=\"sf-accordion__panel is-active\"><div class=\"sf-accordion__content\"><div><p>Este es otro argumento frecuentemente usado en la literatura antivacunas, sugiriendo que esto prueba que las vacunas no son efectivas. De hecho es cierto que en un brote las personas que han sido vacunadas por lo general superan a los no vacunados\u2019 incluso con vacunas como sarampi\u00f3n, la cual reconocemos ser 98% efectiva cunado se usa de la manera recomendada. <\/p><p>Esta paradoja aparente se explica por dos factores. Primeramente, ninguna vacuna es 100% efectiva. Para hacer las vacunas mas seguras que la enfermedad, la bacteria o el virus se mata o se debilita (aten\u00faa). Por razones que tiene que ver con cada individuo, no todas las personas vacunadas desarrollan inmunidad. La mayor\u00eda de las vacunas com\u00fanmente dadas en la infancia son efectivas entre el 85% y el 95% de los recipientes. En segundo lugar, en los pa\u00edses con ingresos econ\u00f3micos mayores, la gente vacunada supera vastamente los no vacunados.     <\/p><p>Como estos dos factores funcionan de manera conjunta para resultar en brotes en los cuales la mayor\u00eda de los casos han sido personas vacunadas puede ser comprendido m\u00e1s f\u00e1cilmente al considerar un ejemplo hipot\u00e9tico:<\/p><p>Considere una escuela secundaria de 1.000 estudiantes donde ninguno de ellos ha tenido sarampi\u00f3n. Todos menos 5 de los estudiantes han recibido 2 dosis de la vacuna del sarampi\u00f3n, y por lo tanto est\u00e1n completamente inmunizados. El grupo entero de estudiantes esta expuesto a el sarampi\u00f3n, y cada estudiante susceptible contrae la enfermedad. Los 5 estudiantes sin vacuna son infectados, por supuesto. Pero de los 995 que han sido vacunados, esperamos que varios no respondan a la vacuna. El nivel de eficacia a las 2 dosis de la vacuna del sarampi\u00f3n puede ser tan alta como &gt;99%. En esta clase, 7 estudiantes no responden, y ellos tambi\u00e9n se infectan. Por lo tanto 7 de 12, o 58%, de los casos ocurren en estudiantes que han sido completamente vacunados.       <\/p><p>Como usted puede ver, esto no prueba que la vacuna no funciona- solamente que la mayor\u00eda de los ni\u00f1os en la clase han sido vacunados, entonces los que fueron vacunados y no respondieron superan aquellos que no han sido vacunados. Visto de otra manera, 100% de los ni\u00f1os que no fueron vacunados contrajeron sarampi\u00f3n, comparado con menos de 1% de los que fueron vacunados. La vacuna del sarampi\u00f3n protegi\u00f3 a la mayor\u00eda de la clase; si nadie en la clase hubiera sido vacunado, entonces probablemente hubiera habido 1,000 casos de sarampi\u00f3n.  <\/p><\/div><\/div><\/div><div class=\"sf-accordion__panel\"><div class=\"sf-accordion__trigger-panel\"> <\/div><\/div><\/div>\n\t\t\t\t<\/div>\n\t\t\t\t\t\t\t<div class=\"elementor-toggle-item\">\n\t\t\t\t\t<div id=\"elementor-tab-title-2053\" class=\"elementor-tab-title\" data-tab=\"3\" role=\"tab\" aria-controls=\"elementor-tab-content-2053\" aria-expanded=\"false\">\n\t\t\t\t\t\t\t\t\t\t\t\t<span class=\"elementor-toggle-icon elementor-toggle-icon-right\" aria-hidden=\"true\">\n\t\t\t\t\t\t\t\t\t\t\t\t\t\t\t<span class=\"elementor-toggle-icon-closed\"><i class=\"fas fa-caret-right\"><\/i><\/span>\n\t\t\t\t\t\t\t\t<span class=\"elementor-toggle-icon-opened\"><i class=\"elementor-toggle-icon-opened fas fa-caret-up\"><\/i><\/span>\n\t\t\t\t\t\t\t\t\t\t\t\t\t<\/span>\n\t\t\t\t\t\t\t\t\t\t\t\t<a href=\"\" class=\"elementor-toggle-title\">\u00bfNo es a\u00fan un riesgo peque\u00f1o demasiado grande para justificar la vacunaci\u00f3n?<\/a>\n\t\t\t\t\t<\/div>\n\n\t\t\t\t\t<div id=\"elementor-tab-content-2053\" class=\"elementor-tab-content elementor-clearfix\" data-tab=\"3\" role=\"tabpanel\" aria-labelledby=\"elementor-tab-title-2053\"><div class=\"sf-accordion__panel is-active\"><div class=\"sf-accordion__content\"><div><p>Observar al riesgo solamente no es suficiente; se debe siempre mirar a los dos tanto riesgos como beneficios. Incluso un solo efecto adverso en un mill\u00f3n de dosis de vacunas no puede ser justificado si no hay beneficios derivados de la vacunaci\u00f3n. Sin embargo, si no hay vacunas, habr\u00eda muchos m\u00e1s casos de enfermedad, y junto con ello, efectos secundarios mas serios y por ende mas muertes. Por ejemplo, de acuerdo con el an\u00e1lisis de beneficios y riesgos de inmunizaci\u00f3n DTP, si no hubiera programas de inmunizaci\u00f3n en los Estados Unidos, los casos de tosferina podr\u00edan aumentar 71- times and muertes causadas por tosferina podr\u00edan incrementar 4 \u2013 veces. Comparando los riesgos de la enfermedad con los riesgos derivados de las vacunas nos puede dar una idea de los beneficios que se obtienen de vacunar a nuestros hijos.    <\/p><p>Los hechos muestran que un ni\u00f1o tiene m\u00e1s riesgo de ser seriamente enfermo por una de estas enfermedades que de las vacunas. Mientras cualquier consecuencia grave o muerte causada por las vacunas es demasiado, est\u00e1 claro que los beneficios de la vacunaci\u00f3n sobrepasan ampliamente los leves riesgos, y que muchas, muchas m\u00e1s enfermedades y muertes podr\u00edan ocurrir sin las vacunaciones. De hecho, el poseer una intervenci\u00f3n medica tan efectiva como la vacunaci\u00f3n para prevenir enfermedades y no utilizarla ser\u00eda inconcebible.  <\/p><\/div><\/div><\/div><\/div>\n\t\t\t\t<\/div>\n\t\t\t\t\t\t\t\t<\/div>\n\t\t\t\t<\/div>\n\t\t\t\t<\/div>\n\t\t\t\t\t<\/div>\n\t\t<\/div>\n\t\t\t\t\t\t\t<\/div>\n\t\t<\/section>\n\t\t\t\t<section class=\"elementor-section elementor-top-section elementor-element elementor-element-7f86f73 elementor-section-boxed elementor-section-height-default elementor-section-height-default\" data-id=\"7f86f73\" data-element_type=\"section\">\n\t\t\t\t\t\t<div class=\"elementor-container elementor-column-gap-default\">\n\t\t\t\t\t<div class=\"elementor-column elementor-col-100 elementor-top-column elementor-element elementor-element-cb7e177\" data-id=\"cb7e177\" data-element_type=\"column\">\n\t\t\t<div class=\"elementor-widget-wrap elementor-element-populated\">\n\t\t\t\t\t\t\t\t<div class=\"elementor-element elementor-element-563dcbc elementor-widget elementor-widget-button\" data-id=\"563dcbc\" data-element_type=\"widget\" data-widget_type=\"button.default\">\n\t\t\t\t<div class=\"elementor-widget-container\">\n\t\t\t\t\t<div class=\"elementor-button-wrapper\">\n\t\t\t<a href=\"https:\/\/www.who.int\/news-room\/questions-and-answers\/item\/vaccines-and-immunization-myths-and-misconceptions\" target=\"_blank\" class=\"elementor-button-link elementor-button elementor-size-lg\" role=\"button\">\n\t\t\t\t\t\t<span class=\"elementor-button-content-wrapper\">\n\t\t\t\t\t\t<span class=\"elementor-button-text\">M\u00e1s informaci\u00f3n<\/span>\n\t\t<\/span>\n\t\t\t\t\t<\/a>\n\t\t<\/div>\n\t\t\t\t<\/div>\n\t\t\t\t<\/div>\n\t\t\t\t\t<\/div>\n\t\t<\/div>\n\t\t\t\t\t\t\t<\/div>\n\t\t<\/section>\n\t\t\t\t\t\t\t<\/div>\n\t\t","protected":false},"excerpt":{"rendered":"<p>Vacunas e Inmunizaci\u00f3n: Mitos y Conceptos err\u00f3neos (WHO, 2019) \u00bfNo estaban las enfermedades desapareciendo antes de que las vacunas fueran introducidas debido a mejor higiene y salubridad? Ideas como esta son una creencia antivacunas muy com\u00fan, la intenci\u00f3n es aparentemente sugerir que las vacunas no son necesarias. Mejores condiciones socio- econ\u00f3micas indudablemente han tenido un [&hellip;]<\/p>\n","protected":false},"author":1,"featured_media":0,"parent":0,"menu_order":0,"comment_status":"closed","ping_status":"closed","template":"elementor_header_footer","meta":{"footnotes":""},"class_list":["post-2679","page","type-page","status-publish","hentry"],"yoast_head":"<!-- This site is optimized with the Yoast SEO plugin v19.9 - https:\/\/yoast.com\/wordpress\/plugins\/seo\/ -->\n<title>Mitos comunes | Windsor Essex Vaccine<\/title>\n<meta name=\"description\" content=\"Mitos comunes | Windsor Essex Vaccine\" \/>\n<meta name=\"robots\" content=\"index, follow, max-snippet:-1, max-image-preview:large, max-video-preview:-1\" \/>\n<link rel=\"canonical\" href=\"https:\/\/wevaccine.ca\/es\/mitos-comunes\/\" \/>\n<meta property=\"og:locale\" content=\"es_ES\" \/>\n<meta property=\"og:type\" content=\"article\" \/>\n<meta property=\"og:title\" content=\"Mitos comunes | Windsor Essex Vaccine\" \/>\n<meta property=\"og:description\" content=\"Mitos comunes | Windsor Essex Vaccine\" \/>\n<meta property=\"og:url\" content=\"https:\/\/wevaccine.ca\/es\/mitos-comunes\/\" \/>\n<meta property=\"og:site_name\" content=\"Windsor Essex Vaccine\" \/>\n<meta property=\"article:modified_time\" content=\"2022-06-11T17:52:53+00:00\" \/>\n<meta property=\"og:image\" content=\"https:\/\/wevaccine.ca\/wp-content\/uploads\/2022\/03\/61Z_2112.w009.n001.65B.p14.65-1024x683.jpg\" \/>\n<meta name=\"twitter:card\" content=\"summary_large_image\" \/>\n<meta name=\"twitter:label1\" content=\"Tiempo de lectura\" \/>\n\t<meta name=\"twitter:data1\" content=\"5 minutos\" \/>\n<script type=\"application\/ld+json\" class=\"yoast-schema-graph\">{\"@context\":\"https:\/\/schema.org\",\"@graph\":[{\"@type\":\"WebPage\",\"@id\":\"https:\/\/wevaccine.ca\/es\/mitos-comunes\/\",\"url\":\"https:\/\/wevaccine.ca\/es\/mitos-comunes\/\",\"name\":\"Mitos comunes | Windsor Essex Vaccine\",\"isPartOf\":{\"@id\":\"https:\/\/wevaccine.ca\/#website\"},\"datePublished\":\"2021-08-29T15:13:15+00:00\",\"dateModified\":\"2022-06-11T17:52:53+00:00\",\"description\":\"Mitos comunes | Windsor Essex Vaccine\",\"breadcrumb\":{\"@id\":\"https:\/\/wevaccine.ca\/es\/mitos-comunes\/#breadcrumb\"},\"inLanguage\":\"es\",\"potentialAction\":[{\"@type\":\"ReadAction\",\"target\":[\"https:\/\/wevaccine.ca\/es\/mitos-comunes\/\"]}]},{\"@type\":\"BreadcrumbList\",\"@id\":\"https:\/\/wevaccine.ca\/es\/mitos-comunes\/#breadcrumb\",\"itemListElement\":[{\"@type\":\"ListItem\",\"position\":1,\"name\":\"Home\",\"item\":\"https:\/\/wevaccine.ca\/es\/home\/\"},{\"@type\":\"ListItem\",\"position\":2,\"name\":\"Mitos comunes\"}]},{\"@type\":\"WebSite\",\"@id\":\"https:\/\/wevaccine.ca\/#website\",\"url\":\"https:\/\/wevaccine.ca\/\",\"name\":\"Windsor Essex Vaccine\",\"description\":\"Windsor Essex Vaccination Education Site by the University of Windsor\",\"publisher\":{\"@id\":\"https:\/\/wevaccine.ca\/#organization\"},\"potentialAction\":[{\"@type\":\"SearchAction\",\"target\":{\"@type\":\"EntryPoint\",\"urlTemplate\":\"https:\/\/wevaccine.ca\/?s={search_term_string}\"},\"query-input\":\"required name=search_term_string\"}],\"inLanguage\":\"es\"},{\"@type\":\"Organization\",\"@id\":\"https:\/\/wevaccine.ca\/#organization\",\"name\":\"Windsor Essex Vaccination Education\",\"url\":\"https:\/\/wevaccine.ca\/\",\"logo\":{\"@type\":\"ImageObject\",\"inLanguage\":\"es\",\"@id\":\"https:\/\/wevaccine.ca\/#\/schema\/logo\/image\/\",\"url\":\"https:\/\/wevaccine.ca\/wp-content\/uploads\/2021\/08\/Screen-Shot-2021-08-02-at-6.29.54-PM.png\",\"contentUrl\":\"https:\/\/wevaccine.ca\/wp-content\/uploads\/2021\/08\/Screen-Shot-2021-08-02-at-6.29.54-PM.png\",\"width\":408,\"height\":244,\"caption\":\"Windsor Essex Vaccination Education\"},\"image\":{\"@id\":\"https:\/\/wevaccine.ca\/#\/schema\/logo\/image\/\"}}]}<\/script>\n<!-- \/ Yoast SEO plugin. -->","yoast_head_json":{"title":"Mitos comunes | Windsor Essex Vaccine","description":"Mitos comunes | Windsor Essex Vaccine","robots":{"index":"index","follow":"follow","max-snippet":"max-snippet:-1","max-image-preview":"max-image-preview:large","max-video-preview":"max-video-preview:-1"},"canonical":"https:\/\/wevaccine.ca\/es\/mitos-comunes\/","og_locale":"es_ES","og_type":"article","og_title":"Mitos comunes | Windsor Essex Vaccine","og_description":"Mitos comunes | Windsor Essex Vaccine","og_url":"https:\/\/wevaccine.ca\/es\/mitos-comunes\/","og_site_name":"Windsor Essex Vaccine","article_modified_time":"2022-06-11T17:52:53+00:00","og_image":[{"url":"https:\/\/wevaccine.ca\/wp-content\/uploads\/2022\/03\/61Z_2112.w009.n001.65B.p14.65-1024x683.jpg"}],"twitter_card":"summary_large_image","twitter_misc":{"Tiempo de lectura":"5 minutos"},"schema":{"@context":"https:\/\/schema.org","@graph":[{"@type":"WebPage","@id":"https:\/\/wevaccine.ca\/es\/mitos-comunes\/","url":"https:\/\/wevaccine.ca\/es\/mitos-comunes\/","name":"Mitos comunes | Windsor Essex Vaccine","isPartOf":{"@id":"https:\/\/wevaccine.ca\/#website"},"datePublished":"2021-08-29T15:13:15+00:00","dateModified":"2022-06-11T17:52:53+00:00","description":"Mitos comunes | Windsor Essex Vaccine","breadcrumb":{"@id":"https:\/\/wevaccine.ca\/es\/mitos-comunes\/#breadcrumb"},"inLanguage":"es","potentialAction":[{"@type":"ReadAction","target":["https:\/\/wevaccine.ca\/es\/mitos-comunes\/"]}]},{"@type":"BreadcrumbList","@id":"https:\/\/wevaccine.ca\/es\/mitos-comunes\/#breadcrumb","itemListElement":[{"@type":"ListItem","position":1,"name":"Home","item":"https:\/\/wevaccine.ca\/es\/home\/"},{"@type":"ListItem","position":2,"name":"Mitos comunes"}]},{"@type":"WebSite","@id":"https:\/\/wevaccine.ca\/#website","url":"https:\/\/wevaccine.ca\/","name":"Windsor Essex Vaccine","description":"Windsor Essex Vaccination Education Site by the University of Windsor","publisher":{"@id":"https:\/\/wevaccine.ca\/#organization"},"potentialAction":[{"@type":"SearchAction","target":{"@type":"EntryPoint","urlTemplate":"https:\/\/wevaccine.ca\/?s={search_term_string}"},"query-input":"required name=search_term_string"}],"inLanguage":"es"},{"@type":"Organization","@id":"https:\/\/wevaccine.ca\/#organization","name":"Windsor Essex Vaccination Education","url":"https:\/\/wevaccine.ca\/","logo":{"@type":"ImageObject","inLanguage":"es","@id":"https:\/\/wevaccine.ca\/#\/schema\/logo\/image\/","url":"https:\/\/wevaccine.ca\/wp-content\/uploads\/2021\/08\/Screen-Shot-2021-08-02-at-6.29.54-PM.png","contentUrl":"https:\/\/wevaccine.ca\/wp-content\/uploads\/2021\/08\/Screen-Shot-2021-08-02-at-6.29.54-PM.png","width":408,"height":244,"caption":"Windsor Essex Vaccination Education"},"image":{"@id":"https:\/\/wevaccine.ca\/#\/schema\/logo\/image\/"}}]}},"_links":{"self":[{"href":"https:\/\/wevaccine.ca\/es\/wp-json\/wp\/v2\/pages\/2679","targetHints":{"allow":["GET"]}}],"collection":[{"href":"https:\/\/wevaccine.ca\/es\/wp-json\/wp\/v2\/pages"}],"about":[{"href":"https:\/\/wevaccine.ca\/es\/wp-json\/wp\/v2\/types\/page"}],"author":[{"embeddable":true,"href":"https:\/\/wevaccine.ca\/es\/wp-json\/wp\/v2\/users\/1"}],"replies":[{"embeddable":true,"href":"https:\/\/wevaccine.ca\/es\/wp-json\/wp\/v2\/comments?post=2679"}],"version-history":[{"count":1,"href":"https:\/\/wevaccine.ca\/es\/wp-json\/wp\/v2\/pages\/2679\/revisions"}],"predecessor-version":[{"id":2680,"href":"https:\/\/wevaccine.ca\/es\/wp-json\/wp\/v2\/pages\/2679\/revisions\/2680"}],"wp:attachment":[{"href":"https:\/\/wevaccine.ca\/es\/wp-json\/wp\/v2\/media?parent=2679"}],"curies":[{"name":"wp","href":"https:\/\/api.w.org\/{rel}","templated":true}]}}