{"id":2689,"date":"2021-08-02T16:53:51","date_gmt":"2021-08-02T20:53:51","guid":{"rendered":"https:\/\/wevaccine.ca\/home\/"},"modified":"2022-06-15T17:05:00","modified_gmt":"2022-06-15T21:05:00","slug":"home","status":"publish","type":"page","link":"https:\/\/wevaccine.ca\/es\/","title":{"rendered":"Pagina principal"},"content":{"rendered":"\t\t<div data-elementor-type=\"wp-page\" data-elementor-id=\"2689\" class=\"elementor elementor-2689 elementor-96\">\n\t\t\t\t\t\t\t\t\t<section class=\"elementor-section elementor-top-section elementor-element elementor-element-3e22566 elementor-section-full_width elementor-section-content-middle elementor-section-height-default elementor-section-height-default\" data-id=\"3e22566\" data-element_type=\"section\">\n\t\t\t\t\t\t<div class=\"elementor-container elementor-column-gap-no\">\n\t\t\t\t\t<div class=\"elementor-column elementor-col-100 elementor-top-column elementor-element elementor-element-410a532\" data-id=\"410a532\" data-element_type=\"column\" data-settings=\"{&quot;background_background&quot;:&quot;classic&quot;}\">\n\t\t\t<div class=\"elementor-widget-wrap elementor-element-populated\">\n\t\t\t\t\t\t\t\t<div class=\"elementor-element elementor-element-ba37b58 elementor-widget__width-initial elementor-absolute elementor-widget-tablet__width-initial elementor-widget-mobile__width-inherit elementor-widget elementor-widget-spacer\" data-id=\"ba37b58\" data-element_type=\"widget\" data-settings=\"{&quot;_position&quot;:&quot;absolute&quot;,&quot;motion_fx_motion_fx_scrolling&quot;:&quot;yes&quot;,&quot;motion_fx_translateX_effect&quot;:&quot;yes&quot;,&quot;motion_fx_translateX_speed&quot;:{&quot;unit&quot;:&quot;px&quot;,&quot;size&quot;:&quot;0.5&quot;,&quot;sizes&quot;:[]},&quot;motion_fx_devices&quot;:[&quot;desktop&quot;,&quot;tablet&quot;],&quot;motion_fx_translateX_affectedRange&quot;:{&quot;unit&quot;:&quot;%&quot;,&quot;size&quot;:&quot;&quot;,&quot;sizes&quot;:{&quot;start&quot;:0,&quot;end&quot;:100}}}\" data-widget_type=\"spacer.default\">\n\t\t\t\t<div class=\"elementor-widget-container\">\n\t\t\t\t\t<div class=\"elementor-spacer\">\n\t\t\t<div class=\"elementor-spacer-inner\"><\/div>\n\t\t<\/div>\n\t\t\t\t<\/div>\n\t\t\t\t<\/div>\n\t\t\t\t<section class=\"elementor-section elementor-inner-section elementor-element elementor-element-3058db9 elementor-section-content-middle elementor-section-boxed elementor-section-height-default elementor-section-height-default\" data-id=\"3058db9\" data-element_type=\"section\">\n\t\t\t\t\t\t<div class=\"elementor-container elementor-column-gap-no\">\n\t\t\t\t\t<div class=\"elementor-column elementor-col-33 elementor-inner-column elementor-element elementor-element-add8764\" data-id=\"add8764\" data-element_type=\"column\">\n\t\t\t<div class=\"elementor-widget-wrap elementor-element-populated\">\n\t\t\t\t\t\t\t\t<div class=\"elementor-element elementor-element-c6affcb elementor-invisible elementor-widget elementor-widget-heading\" data-id=\"c6affcb\" data-element_type=\"widget\" data-settings=\"{&quot;_animation&quot;:&quot;fadeIn&quot;,&quot;_animation_mobile&quot;:&quot;none&quot;}\" data-widget_type=\"heading.default\">\n\t\t\t\t<div class=\"elementor-widget-container\">\n\t\t\t<h1 class=\"elementor-heading-title elementor-size-default\">\u00bfCu\u00e1nto sabe <br>usted acerca de las vacunas?<\/h1>\t\t<\/div>\n\t\t\t\t<\/div>\n\t\t\t\t<div class=\"elementor-element elementor-element-5891dbb elementor-mobile-align-left elementor-invisible elementor-widget elementor-widget-button\" data-id=\"5891dbb\" data-element_type=\"widget\" data-settings=\"{&quot;_animation&quot;:&quot;fadeIn&quot;,&quot;_animation_mobile&quot;:&quot;none&quot;,&quot;_animation_delay&quot;:&quot;200&quot;}\" data-widget_type=\"button.default\">\n\t\t\t\t<div class=\"elementor-widget-container\">\n\t\t\t\t\t<div class=\"elementor-button-wrapper\">\n\t\t\t<a href=\"https:\/\/wevaccine.ca\/take-our-quiz\/\" class=\"elementor-button-link elementor-button elementor-size-sm\" role=\"button\">\n\t\t\t\t\t\t<span class=\"elementor-button-content-wrapper\">\n\t\t\t\t\t\t<span class=\"elementor-button-text\">Pruebe su conocimiento acerca de las vacunas <\/span>\n\t\t<\/span>\n\t\t\t\t\t<\/a>\n\t\t<\/div>\n\t\t\t\t<\/div>\n\t\t\t\t<\/div>\n\t\t\t\t\t<\/div>\n\t\t<\/div>\n\t\t\t\t<div class=\"elementor-column elementor-col-33 elementor-inner-column elementor-element elementor-element-df58823\" data-id=\"df58823\" data-element_type=\"column\">\n\t\t\t<div class=\"elementor-widget-wrap elementor-element-populated\">\n\t\t\t\t\t\t\t\t<div class=\"elementor-element elementor-element-6a4a356 elementor-widget-mobile__width-inherit elementor-view-default elementor-invisible elementor-widget elementor-widget-icon\" data-id=\"6a4a356\" data-element_type=\"widget\" data-settings=\"{&quot;_animation&quot;:&quot;slideInLeft&quot;}\" data-widget_type=\"icon.default\">\n\t\t\t\t<div class=\"elementor-widget-container\">\n\t\t\t\t\t<div class=\"elementor-icon-wrapper\">\n\t\t\t<div class=\"elementor-icon\">\n\t\t\t<i aria-hidden=\"true\" class=\"fas fa-square\"><\/i>\t\t\t<\/div>\n\t\t<\/div>\n\t\t\t\t<\/div>\n\t\t\t\t<\/div>\n\t\t\t\t\t<\/div>\n\t\t<\/div>\n\t\t\t\t<div class=\"elementor-column elementor-col-33 elementor-inner-column elementor-element elementor-element-cc0b9cf\" data-id=\"cc0b9cf\" data-element_type=\"column\">\n\t\t\t<div class=\"elementor-widget-wrap elementor-element-populated\">\n\t\t\t\t\t\t\t\t<div class=\"elementor-element elementor-element-c7c4dcc elementor-cta--skin-cover elementor-cta--valign-middle elementor-widget-tablet__width-inherit elementor-invisible elementor-widget elementor-widget-call-to-action\" data-id=\"c7c4dcc\" data-element_type=\"widget\" data-settings=\"{&quot;_animation&quot;:&quot;fadeIn&quot;}\" data-widget_type=\"call-to-action.default\">\n\t\t\t\t<div class=\"elementor-widget-container\">\n\t\t\t\t\t<div class=\"elementor-cta\">\n\t\t\t\t\t<div class=\"elementor-cta__bg-wrapper\">\n\t\t\t\t<div class=\"elementor-cta__bg elementor-bg\" style=\"background-image: url(https:\/\/wevaccine.ca\/wp-content\/uploads\/2021\/08\/pexels-cottonbro-3952236-scaled.jpg);\"><\/div>\n\t\t\t\t<div class=\"elementor-cta__bg-overlay\"><\/div>\n\t\t\t<\/div>\n\t\t\t\t\t\t\t<div class=\"elementor-cta__content\">\n\t\t\t\t\n\t\t\t\t<h4 class=\"elementor-cta__title elementor-cta__content-item elementor-content-item\"> <\/h4>\n\t\t\t\t\n\t\t\t\t\t\t\t<\/div>\n\t\t\t\t\t\t<\/div>\n\t\t\t\t<\/div>\n\t\t\t\t<\/div>\n\t\t\t\t<div class=\"elementor-element elementor-element-660230d elementor-widget__width-initial elementor-widget-tablet__width-inherit elementor-view-default elementor-invisible elementor-widget elementor-widget-icon\" data-id=\"660230d\" data-element_type=\"widget\" data-settings=\"{&quot;_animation&quot;:&quot;bounceInLeft&quot;}\" data-widget_type=\"icon.default\">\n\t\t\t\t<div class=\"elementor-widget-container\">\n\t\t\t\t\t<div class=\"elementor-icon-wrapper\">\n\t\t\t<div class=\"elementor-icon\">\n\t\t\t<i aria-hidden=\"true\" class=\"fas fa-square\"><\/i>\t\t\t<\/div>\n\t\t<\/div>\n\t\t\t\t<\/div>\n\t\t\t\t<\/div>\n\t\t\t\t\t<\/div>\n\t\t<\/div>\n\t\t\t\t\t\t\t<\/div>\n\t\t<\/section>\n\t\t\t\t\t<\/div>\n\t\t<\/div>\n\t\t\t\t\t\t\t<\/div>\n\t\t<\/section>\n\t\t\t\t<section class=\"elementor-section elementor-top-section elementor-element elementor-element-68e03802 elementor-section-full_width elementor-section-height-default elementor-section-height-default\" data-id=\"68e03802\" data-element_type=\"section\" data-settings=\"{&quot;motion_fx_motion_fx_scrolling&quot;:&quot;yes&quot;,&quot;motion_fx_devices&quot;:[&quot;desktop&quot;,&quot;tablet&quot;,&quot;mobile&quot;]}\">\n\t\t\t\t\t\t<div class=\"elementor-container elementor-column-gap-no\">\n\t\t\t\t\t<div class=\"elementor-column elementor-col-50 elementor-top-column elementor-element elementor-element-7795425d\" data-id=\"7795425d\" data-element_type=\"column\">\n\t\t\t<div class=\"elementor-widget-wrap elementor-element-populated\">\n\t\t\t\t\t\t\t\t<div class=\"elementor-element elementor-element-384969be elementor-widget elementor-widget-text-editor\" data-id=\"384969be\" data-element_type=\"widget\" data-widget_type=\"text-editor.default\">\n\t\t\t\t<div class=\"elementor-widget-container\">\n\t\t\t\t\t\t\t<p>Vacunaci\u00f3n, o vacunas, son un acercamiento de la salud publica Para ayudar a proporcionar a los individuos la protecci\u00f3n o inmunidad contra enfermedades potencialmente letales. Existe evidencia creciente que resalta que un largo porcentaje de la poblaci\u00f3n adulta no est\u00e1 vacunada completamente para condiciones y enfermedades que han estado circulando por d\u00e9cadas, tales como: pertussis, t\u00e9tano, neumococo, influenza y herpes zoster. <\/p>\t\t\t\t\t\t<\/div>\n\t\t\t\t<\/div>\n\t\t\t\t<div class=\"elementor-element elementor-element-9cc0ecb elementor-widget elementor-widget-text-editor\" data-id=\"9cc0ecb\" data-element_type=\"widget\" data-widget_type=\"text-editor.default\">\n\t\t\t\t<div class=\"elementor-widget-container\">\n\t\t\t\t\t\t\t<p><img loading=\"lazy\" decoding=\"async\" class=\"alignnone size-medium wp-image-122\" src=\"https:\/\/wevaccine.ca\/wp-content\/uploads\/2021\/08\/pexels-kampus-production-8949916-300x200.jpg\" alt=\"\" width=\"300\" height=\"200\" srcset=\"https:\/\/wevaccine.ca\/wp-content\/uploads\/2021\/08\/pexels-kampus-production-8949916-300x200.jpg 300w, https:\/\/wevaccine.ca\/wp-content\/uploads\/2021\/08\/pexels-kampus-production-8949916-1024x684.jpg 1024w, https:\/\/wevaccine.ca\/wp-content\/uploads\/2021\/08\/pexels-kampus-production-8949916-768x513.jpg 768w, https:\/\/wevaccine.ca\/wp-content\/uploads\/2021\/08\/pexels-kampus-production-8949916-1536x1025.jpg 1536w, https:\/\/wevaccine.ca\/wp-content\/uploads\/2021\/08\/pexels-kampus-production-8949916-2048x1367.jpg 2048w, https:\/\/wevaccine.ca\/wp-content\/uploads\/2021\/08\/pexels-kampus-production-8949916-1568x1047.jpg 1568w\" sizes=\"auto, (max-width: 300px) 100vw, 300px\" \/><\/p>\t\t\t\t\t\t<\/div>\n\t\t\t\t<\/div>\n\t\t\t\t<div class=\"elementor-element elementor-element-7d871e0 elementor-widget elementor-widget-text-editor\" data-id=\"7d871e0\" data-element_type=\"widget\" data-widget_type=\"text-editor.default\">\n\t\t\t\t<div class=\"elementor-widget-container\">\n\t\t\t\t\t\t\t<p>La reciente pandemia de COVID-19 ha puesto la mira en la cantidad de informaci\u00f3n err\u00f3nea y falta de informaci\u00f3n que ha estado circulando. Asimismo, ha resaltado el incremento en el numero de individuos que tienen poco conocimiento en cuanto a las vacunas y que han experimentado dudas con respecto a las vacunas. Existen mucha evidencia basada en pautas para la recepci\u00f3n de vacunas en adultos, pero muchos adultos no tienen conocimiento o no est\u00e1n seguros de si deber\u00edan inmunizarse, o si necesitan una dosis de refuerzo.  <\/p>\t\t\t\t\t\t<\/div>\n\t\t\t\t<\/div>\n\t\t\t\t\t<\/div>\n\t\t<\/div>\n\t\t\t\t<div class=\"elementor-column elementor-col-50 elementor-top-column elementor-element elementor-element-5eedea0e\" data-id=\"5eedea0e\" data-element_type=\"column\">\n\t\t\t<div class=\"elementor-widget-wrap elementor-element-populated\">\n\t\t\t\t\t\t\t\t<div class=\"elementor-element elementor-element-6ebe309a elementor-widget elementor-widget-text-editor\" data-id=\"6ebe309a\" data-element_type=\"widget\" data-widget_type=\"text-editor.default\">\n\t\t\t\t<div class=\"elementor-widget-container\">\n\t\t\t\t\t\t\t<p><img loading=\"lazy\" decoding=\"async\" class=\"alignnone size-medium wp-image-494\" src=\"https:\/\/wevaccine.ca\/wp-content\/uploads\/2021\/08\/pexels-karolina-grabowska-4047149-200x300.jpg\" alt=\"\" width=\"200\" height=\"300\" srcset=\"https:\/\/wevaccine.ca\/wp-content\/uploads\/2021\/08\/pexels-karolina-grabowska-4047149-200x300.jpg 200w, https:\/\/wevaccine.ca\/wp-content\/uploads\/2021\/08\/pexels-karolina-grabowska-4047149-683x1024.jpg 683w, https:\/\/wevaccine.ca\/wp-content\/uploads\/2021\/08\/pexels-karolina-grabowska-4047149-768x1152.jpg 768w, https:\/\/wevaccine.ca\/wp-content\/uploads\/2021\/08\/pexels-karolina-grabowska-4047149-1024x1536.jpg 1024w, https:\/\/wevaccine.ca\/wp-content\/uploads\/2021\/08\/pexels-karolina-grabowska-4047149-1365x2048.jpg 1365w, https:\/\/wevaccine.ca\/wp-content\/uploads\/2021\/08\/pexels-karolina-grabowska-4047149-scaled.jpg 1707w\" sizes=\"auto, (max-width: 200px) 100vw, 200px\" \/><\/p>\t\t\t\t\t\t<\/div>\n\t\t\t\t<\/div>\n\t\t\t\t<div class=\"elementor-element elementor-element-ed64ab2 elementor-widget elementor-widget-text-editor\" data-id=\"ed64ab2\" data-element_type=\"widget\" data-widget_type=\"text-editor.default\">\n\t\t\t\t<div class=\"elementor-widget-container\">\n\t\t\t\t\t\t\t<p>Al proveer informaci\u00f3n acerca de las vacunas, o vacunaciones, nos estamos esforzando para asistir a la poblaci\u00f3n adulta en tomar decisiones basadas en evidencia, y traducir ese conocimiento en acatamiento, y trasladar a Windsor-Essex County hacia alcanzar los objetivos de cobertura nacional (80%) de personas vacunadas.<\/p>\t\t\t\t\t\t<\/div>\n\t\t\t\t<\/div>\n\t\t\t\t\t<\/div>\n\t\t<\/div>\n\t\t\t\t\t\t\t<\/div>\n\t\t<\/section>\n\t\t\t\t\t\t\t<\/div>\n\t\t","protected":false},"excerpt":{"rendered":"<p>\u00bfCu\u00e1nto sabe usted acerca de las vacunas? Pruebe su conocimiento acerca de las vacunas Vacunaci\u00f3n, o vacunas, son un acercamiento de la salud publica Para ayudar a proporcionar a los individuos la protecci\u00f3n o inmunidad contra enfermedades potencialmente letales. Existe evidencia creciente que resalta que un largo porcentaje de la poblaci\u00f3n adulta no est\u00e1 vacunada [&hellip;]<\/p>\n","protected":false},"author":1,"featured_media":0,"parent":0,"menu_order":0,"comment_status":"closed","ping_status":"closed","template":"elementor_header_footer","meta":{"footnotes":""},"class_list":["post-2689","page","type-page","status-publish","hentry"],"yoast_head":"<!-- This site is optimized with the Yoast SEO plugin v19.9 - https:\/\/yoast.com\/wordpress\/plugins\/seo\/ -->\n<title>Windsor-Essex Vaccination Education<\/title>\n<meta name=\"description\" content=\"Windsor-Essex Vaccination Education is a project for increasing education and vaccine literacy among adults in southwestern Ontario.\" \/>\n<meta name=\"robots\" content=\"index, follow, max-snippet:-1, max-image-preview:large, max-video-preview:-1\" \/>\n<link rel=\"canonical\" href=\"https:\/\/wevaccine.ca\/es\/\" \/>\n<meta property=\"og:locale\" content=\"es_ES\" \/>\n<meta property=\"og:type\" content=\"article\" \/>\n<meta property=\"og:title\" content=\"Windsor-Essex Vaccination Education\" \/>\n<meta property=\"og:description\" content=\"Windsor-Essex Vaccination Education is a project for increasing education and vaccine literacy among adults in southwestern Ontario.\" \/>\n<meta property=\"og:url\" content=\"https:\/\/wevaccine.ca\/es\/\" \/>\n<meta property=\"og:site_name\" content=\"Windsor Essex Vaccine\" \/>\n<meta property=\"article:modified_time\" content=\"2022-06-15T21:05:00+00:00\" \/>\n<meta property=\"og:image\" content=\"https:\/\/wevaccine.ca\/wp-content\/uploads\/2021\/08\/pexels-kampus-production-8949916-300x200.jpg\" \/>\n<meta name=\"twitter:card\" content=\"summary_large_image\" \/>\n<meta name=\"twitter:label1\" content=\"Tiempo de lectura\" \/>\n\t<meta name=\"twitter:data1\" content=\"1 minuto\" \/>\n<script type=\"application\/ld+json\" class=\"yoast-schema-graph\">{\"@context\":\"https:\/\/schema.org\",\"@graph\":[{\"@type\":\"WebPage\",\"@id\":\"https:\/\/wevaccine.ca\/es\/\",\"url\":\"https:\/\/wevaccine.ca\/es\/\",\"name\":\"Windsor-Essex Vaccination Education\",\"isPartOf\":{\"@id\":\"https:\/\/wevaccine.ca\/#website\"},\"datePublished\":\"2021-08-02T20:53:51+00:00\",\"dateModified\":\"2022-06-15T21:05:00+00:00\",\"description\":\"Windsor-Essex Vaccination Education is a project for increasing education and vaccine literacy among adults in southwestern Ontario.\",\"breadcrumb\":{\"@id\":\"https:\/\/wevaccine.ca\/es\/#breadcrumb\"},\"inLanguage\":\"es\",\"potentialAction\":[{\"@type\":\"ReadAction\",\"target\":[\"https:\/\/wevaccine.ca\/es\/\"]}]},{\"@type\":\"BreadcrumbList\",\"@id\":\"https:\/\/wevaccine.ca\/es\/#breadcrumb\",\"itemListElement\":[{\"@type\":\"ListItem\",\"position\":1,\"name\":\"Home\",\"item\":\"https:\/\/wevaccine.ca\/es\/home\/\"},{\"@type\":\"ListItem\",\"position\":2,\"name\":\"Pagina principal\"}]},{\"@type\":\"WebSite\",\"@id\":\"https:\/\/wevaccine.ca\/#website\",\"url\":\"https:\/\/wevaccine.ca\/\",\"name\":\"Windsor Essex Vaccine\",\"description\":\"Windsor Essex Vaccination Education Site by the University of Windsor\",\"publisher\":{\"@id\":\"https:\/\/wevaccine.ca\/#organization\"},\"potentialAction\":[{\"@type\":\"SearchAction\",\"target\":{\"@type\":\"EntryPoint\",\"urlTemplate\":\"https:\/\/wevaccine.ca\/?s={search_term_string}\"},\"query-input\":\"required name=search_term_string\"}],\"inLanguage\":\"es\"},{\"@type\":\"Organization\",\"@id\":\"https:\/\/wevaccine.ca\/#organization\",\"name\":\"Windsor Essex Vaccination Education\",\"url\":\"https:\/\/wevaccine.ca\/\",\"logo\":{\"@type\":\"ImageObject\",\"inLanguage\":\"es\",\"@id\":\"https:\/\/wevaccine.ca\/#\/schema\/logo\/image\/\",\"url\":\"https:\/\/wevaccine.ca\/wp-content\/uploads\/2021\/08\/Screen-Shot-2021-08-02-at-6.29.54-PM.png\",\"contentUrl\":\"https:\/\/wevaccine.ca\/wp-content\/uploads\/2021\/08\/Screen-Shot-2021-08-02-at-6.29.54-PM.png\",\"width\":408,\"height\":244,\"caption\":\"Windsor Essex Vaccination Education\"},\"image\":{\"@id\":\"https:\/\/wevaccine.ca\/#\/schema\/logo\/image\/\"}}]}<\/script>\n<!-- \/ Yoast SEO plugin. -->","yoast_head_json":{"title":"Windsor-Essex Vaccination Education","description":"Windsor-Essex Vaccination Education is a project for increasing education and vaccine literacy among adults in southwestern Ontario.","robots":{"index":"index","follow":"follow","max-snippet":"max-snippet:-1","max-image-preview":"max-image-preview:large","max-video-preview":"max-video-preview:-1"},"canonical":"https:\/\/wevaccine.ca\/es\/","og_locale":"es_ES","og_type":"article","og_title":"Windsor-Essex Vaccination Education","og_description":"Windsor-Essex Vaccination Education is a project for increasing education and vaccine literacy among adults in southwestern Ontario.","og_url":"https:\/\/wevaccine.ca\/es\/","og_site_name":"Windsor Essex Vaccine","article_modified_time":"2022-06-15T21:05:00+00:00","og_image":[{"url":"https:\/\/wevaccine.ca\/wp-content\/uploads\/2021\/08\/pexels-kampus-production-8949916-300x200.jpg"}],"twitter_card":"summary_large_image","twitter_misc":{"Tiempo de lectura":"1 minuto"},"schema":{"@context":"https:\/\/schema.org","@graph":[{"@type":"WebPage","@id":"https:\/\/wevaccine.ca\/es\/","url":"https:\/\/wevaccine.ca\/es\/","name":"Windsor-Essex Vaccination Education","isPartOf":{"@id":"https:\/\/wevaccine.ca\/#website"},"datePublished":"2021-08-02T20:53:51+00:00","dateModified":"2022-06-15T21:05:00+00:00","description":"Windsor-Essex Vaccination Education is a project for increasing education and vaccine literacy among adults in southwestern Ontario.","breadcrumb":{"@id":"https:\/\/wevaccine.ca\/es\/#breadcrumb"},"inLanguage":"es","potentialAction":[{"@type":"ReadAction","target":["https:\/\/wevaccine.ca\/es\/"]}]},{"@type":"BreadcrumbList","@id":"https:\/\/wevaccine.ca\/es\/#breadcrumb","itemListElement":[{"@type":"ListItem","position":1,"name":"Home","item":"https:\/\/wevaccine.ca\/es\/home\/"},{"@type":"ListItem","position":2,"name":"Pagina principal"}]},{"@type":"WebSite","@id":"https:\/\/wevaccine.ca\/#website","url":"https:\/\/wevaccine.ca\/","name":"Windsor Essex Vaccine","description":"Windsor Essex Vaccination Education Site by the University of Windsor","publisher":{"@id":"https:\/\/wevaccine.ca\/#organization"},"potentialAction":[{"@type":"SearchAction","target":{"@type":"EntryPoint","urlTemplate":"https:\/\/wevaccine.ca\/?s={search_term_string}"},"query-input":"required name=search_term_string"}],"inLanguage":"es"},{"@type":"Organization","@id":"https:\/\/wevaccine.ca\/#organization","name":"Windsor Essex Vaccination Education","url":"https:\/\/wevaccine.ca\/","logo":{"@type":"ImageObject","inLanguage":"es","@id":"https:\/\/wevaccine.ca\/#\/schema\/logo\/image\/","url":"https:\/\/wevaccine.ca\/wp-content\/uploads\/2021\/08\/Screen-Shot-2021-08-02-at-6.29.54-PM.png","contentUrl":"https:\/\/wevaccine.ca\/wp-content\/uploads\/2021\/08\/Screen-Shot-2021-08-02-at-6.29.54-PM.png","width":408,"height":244,"caption":"Windsor Essex Vaccination Education"},"image":{"@id":"https:\/\/wevaccine.ca\/#\/schema\/logo\/image\/"}}]}},"_links":{"self":[{"href":"https:\/\/wevaccine.ca\/es\/wp-json\/wp\/v2\/pages\/2689","targetHints":{"allow":["GET"]}}],"collection":[{"href":"https:\/\/wevaccine.ca\/es\/wp-json\/wp\/v2\/pages"}],"about":[{"href":"https:\/\/wevaccine.ca\/es\/wp-json\/wp\/v2\/types\/page"}],"author":[{"embeddable":true,"href":"https:\/\/wevaccine.ca\/es\/wp-json\/wp\/v2\/users\/1"}],"replies":[{"embeddable":true,"href":"https:\/\/wevaccine.ca\/es\/wp-json\/wp\/v2\/comments?post=2689"}],"version-history":[{"count":5,"href":"https:\/\/wevaccine.ca\/es\/wp-json\/wp\/v2\/pages\/2689\/revisions"}],"predecessor-version":[{"id":2730,"href":"https:\/\/wevaccine.ca\/es\/wp-json\/wp\/v2\/pages\/2689\/revisions\/2730"}],"wp:attachment":[{"href":"https:\/\/wevaccine.ca\/es\/wp-json\/wp\/v2\/media?parent=2689"}],"curies":[{"name":"wp","href":"https:\/\/api.w.org\/{rel}","templated":true}]}}