{"id":2877,"date":"2021-08-29T11:11:26","date_gmt":"2021-08-29T15:11:26","guid":{"rendered":"https:\/\/wevaccine.ca\/adultes-ayant-des-problemes-de-sante\/"},"modified":"2022-07-15T10:32:05","modified_gmt":"2022-07-15T14:32:05","slug":"adultes-ayant-des-problemes-de-sante","status":"publish","type":"page","link":"https:\/\/wevaccine.ca\/fr\/adultes-ayant-des-problemes-de-sante\/","title":{"rendered":"Adultes ayant des probl\u00e8mes de sant\u00e9"},"content":{"rendered":"\t\t<div data-elementor-type=\"wp-page\" data-elementor-id=\"2877\" class=\"elementor elementor-2877 elementor-933\">\n\t\t\t\t\t\t\t\t\t<section class=\"elementor-section elementor-top-section elementor-element elementor-element-6a50a5f2 elementor-section-boxed elementor-section-height-default elementor-section-height-default\" data-id=\"6a50a5f2\" data-element_type=\"section\" data-settings=\"{&quot;background_background&quot;:&quot;classic&quot;}\">\n\t\t\t\t\t\t\t<div class=\"elementor-background-overlay\"><\/div>\n\t\t\t\t\t\t\t<div class=\"elementor-container elementor-column-gap-default\">\n\t\t\t\t\t<div class=\"elementor-column elementor-col-100 elementor-top-column elementor-element elementor-element-4b9e0f02\" data-id=\"4b9e0f02\" data-element_type=\"column\">\n\t\t\t<div class=\"elementor-widget-wrap elementor-element-populated\">\n\t\t\t\t\t\t\t\t<div class=\"elementor-element elementor-element-fe41c94 elementor-widget elementor-widget-heading\" data-id=\"fe41c94\" data-element_type=\"widget\" data-widget_type=\"heading.default\">\n\t\t\t\t<div class=\"elementor-widget-container\">\n\t\t\t<h1 class=\"elementor-heading-title elementor-size-default\">Personnes immunod\u00e9prim\u00e9es \n<\/h1>\t\t<\/div>\n\t\t\t\t<\/div>\n\t\t\t\t<section class=\"elementor-section elementor-inner-section elementor-element elementor-element-53148a39 elementor-reverse-tablet elementor-reverse-mobile elementor-section-boxed elementor-section-height-default elementor-section-height-default\" data-id=\"53148a39\" data-element_type=\"section\">\n\t\t\t\t\t\t<div class=\"elementor-container elementor-column-gap-default\">\n\t\t\t\t\t<div class=\"elementor-column elementor-col-33 elementor-inner-column elementor-element elementor-element-2be3fdb7\" data-id=\"2be3fdb7\" data-element_type=\"column\">\n\t\t\t<div class=\"elementor-widget-wrap elementor-element-populated\">\n\t\t\t\t\t\t\t\t<div class=\"elementor-element elementor-element-55694b3 elementor-widget elementor-widget-image\" data-id=\"55694b3\" data-element_type=\"widget\" data-settings=\"{&quot;motion_fx_motion_fx_scrolling&quot;:&quot;yes&quot;,&quot;motion_fx_translateY_effect&quot;:&quot;yes&quot;,&quot;motion_fx_translateY_speed&quot;:{&quot;unit&quot;:&quot;px&quot;,&quot;size&quot;:&quot;1&quot;,&quot;sizes&quot;:[]},&quot;motion_fx_translateY_affectedRange&quot;:{&quot;unit&quot;:&quot;%&quot;,&quot;size&quot;:&quot;&quot;,&quot;sizes&quot;:{&quot;start&quot;:0,&quot;end&quot;:100}},&quot;motion_fx_devices&quot;:[&quot;desktop&quot;,&quot;tablet&quot;,&quot;mobile&quot;]}\" data-widget_type=\"image.default\">\n\t\t\t\t<div class=\"elementor-widget-container\">\n\t\t\t\t\t\t\t\t\t\t\t\t\t\t\t<img loading=\"lazy\" decoding=\"async\" width=\"1440\" height=\"810\" src=\"https:\/\/wevaccine.ca\/wp-content\/uploads\/2022\/04\/health-topics-2.jpeg\" class=\"attachment-full size-full\" alt=\"\" srcset=\"https:\/\/wevaccine.ca\/wp-content\/uploads\/2022\/04\/health-topics-2.jpeg 1440w, https:\/\/wevaccine.ca\/wp-content\/uploads\/2022\/04\/health-topics-2-300x169.jpeg 300w, https:\/\/wevaccine.ca\/wp-content\/uploads\/2022\/04\/health-topics-2-1024x576.jpeg 1024w, https:\/\/wevaccine.ca\/wp-content\/uploads\/2022\/04\/health-topics-2-768x432.jpeg 768w\" sizes=\"auto, (max-width: 1440px) 100vw, 1440px\" \/>\t\t\t\t\t\t\t\t\t\t\t\t\t\t\t<\/div>\n\t\t\t\t<\/div>\n\t\t\t\t\t<\/div>\n\t\t<\/div>\n\t\t\t\t<div class=\"elementor-column elementor-col-33 elementor-inner-column elementor-element elementor-element-5922c7e\" data-id=\"5922c7e\" data-element_type=\"column\">\n\t\t\t<div class=\"elementor-widget-wrap elementor-element-populated\">\n\t\t\t\t\t\t\t\t<div class=\"elementor-element elementor-element-85d758 elementor-widget__width-initial elementor-widget elementor-widget-text-editor\" data-id=\"85d758\" data-element_type=\"widget\" data-widget_type=\"text-editor.default\">\n\t\t\t\t<div class=\"elementor-widget-container\">\n\t\t\t\t\t\t\t<p>Les adultes immunod\u00e9prim\u00e9s sont plus vuln\u00e9rables aux infections \u00e9vitables par la vaccination et doivent donc suivre un ensemble de directives relatives aux vaccins pour pr\u00e9venir les risques sanitaires graves.<\/p>\t\t\t\t\t\t<\/div>\n\t\t\t\t<\/div>\n\t\t\t\t<div class=\"elementor-element elementor-element-7268b4da elementor-widget__width-initial elementor-widget elementor-widget-text-editor\" data-id=\"7268b4da\" data-element_type=\"widget\" data-widget_type=\"text-editor.default\">\n\t\t\t\t<div class=\"elementor-widget-container\">\n\t\t\t\t\t\t\t<p>Comme chaque personne est diff\u00e9rente, vous devriez toujours consulter votre m\u00e9decin ou votre m\u00e9decin de famille (ou votre infirmi\u00e8re praticienne) afin de d\u00e9terminer le meilleur calendrier de vaccination qui r\u00e9ponde \u00e0 vos pr\u00e9occupations et \u00e0 vos besoins.<\/p>\t\t\t\t\t\t<\/div>\n\t\t\t\t<\/div>\n\t\t\t\t<div class=\"elementor-element elementor-element-a5a38f4 elementor-widget__width-initial elementor-align-justify elementor-widget elementor-widget-button\" data-id=\"a5a38f4\" data-element_type=\"widget\" data-widget_type=\"button.default\">\n\t\t\t\t<div class=\"elementor-widget-container\">\n\t\t\t\t\t<div class=\"elementor-button-wrapper\">\n\t\t\t<a href=\"https:\/\/www.canada.ca\/en\/public-health\/services\/publications\/healthy-living\/canadian-immunization-guide-part-3-vaccination-specific-populations\/page-8-immunization-immunocompromised-persons.html\" target=\"_blank\" class=\"elementor-button-link elementor-button elementor-size-sm\" role=\"button\">\n\t\t\t\t\t\t<span class=\"elementor-button-content-wrapper\">\n\t\t\t\t\t\t<span class=\"elementor-button-text\">Plus d\u2019informations<\/span>\n\t\t<\/span>\n\t\t\t\t\t<\/a>\n\t\t<\/div>\n\t\t\t\t<\/div>\n\t\t\t\t<\/div>\n\t\t\t\t\t<\/div>\n\t\t<\/div>\n\t\t\t\t<div class=\"elementor-column elementor-col-33 elementor-inner-column elementor-element elementor-element-39bdf6ef\" data-id=\"39bdf6ef\" data-element_type=\"column\">\n\t\t\t<div class=\"elementor-widget-wrap elementor-element-populated\">\n\t\t\t\t\t\t\t\t<div class=\"elementor-element elementor-element-5378dbd8 elementor-widget__width-initial elementor-widget elementor-widget-text-editor\" data-id=\"5378dbd8\" data-element_type=\"widget\" data-widget_type=\"text-editor.default\">\n\t\t\t\t<div class=\"elementor-widget-container\">\n\t\t\t\t\t\t\t<p>En r\u00e8gle g\u00e9n\u00e9rale, les vaccins inactiv\u00e9s peuvent \u00eatre administr\u00e9s \u00e0 la plupart des personnes immunod\u00e9prim\u00e9es, car il n\u2019y a pas de risque accru d\u2019effets ind\u00e9sirables li\u00e9s au vaccin. Cependant, les vaccins vivants ne doivent \u00eatre administr\u00e9s qu\u2019aux personnes moins gravement immunod\u00e9prim\u00e9es vu que leurs avantages l\u2019emportent habituellement sur les risques. <\/p>\t\t\t\t\t\t<\/div>\n\t\t\t\t<\/div>\n\t\t\t\t<div class=\"elementor-element elementor-element-63da38e3 elementor-widget__width-initial elementor-widget elementor-widget-text-editor\" data-id=\"63da38e3\" data-element_type=\"widget\" data-widget_type=\"text-editor.default\">\n\t\t\t\t<div class=\"elementor-widget-container\">\n\t\t\t\t\t\t\t<p>Bien qu\u2019il soit g\u00e9n\u00e9ralement sans danger pour les personnes gravement immunod\u00e9prim\u00e9es de recevoir des vaccins inactiv\u00e9s, elles doivent discuter des vaccins vivants avec leur professionnel de sant\u00e9, car il peut y avoir un risque accru de maladie caus\u00e9e par la souche vaccinale.<\/p>\t\t\t\t\t\t<\/div>\n\t\t\t\t<\/div>\n\t\t\t\t\t<\/div>\n\t\t<\/div>\n\t\t\t\t\t\t\t<\/div>\n\t\t<\/section>\n\t\t\t\t\t<\/div>\n\t\t<\/div>\n\t\t\t\t\t\t\t<\/div>\n\t\t<\/section>\n\t\t\t\t<section class=\"elementor-section elementor-top-section elementor-element elementor-element-4849ad9 elementor-section-boxed elementor-section-height-default elementor-section-height-default\" data-id=\"4849ad9\" data-element_type=\"section\">\n\t\t\t\t\t\t<div class=\"elementor-container elementor-column-gap-default\">\n\t\t\t\t\t<div class=\"elementor-column elementor-col-50 elementor-top-column elementor-element elementor-element-63231bbb\" data-id=\"63231bbb\" data-element_type=\"column\">\n\t\t\t<div class=\"elementor-widget-wrap elementor-element-populated\">\n\t\t\t\t\t\t\t\t<div class=\"elementor-element elementor-element-7255e2bd elementor-widget elementor-widget-heading\" data-id=\"7255e2bd\" data-element_type=\"widget\" data-widget_type=\"heading.default\">\n\t\t\t\t<div class=\"elementor-widget-container\">\n\t\t\t<h2 class=\"elementor-heading-title elementor-size-default\">Personnes \u00e0 risque<\/h2>\t\t<\/div>\n\t\t\t\t<\/div>\n\t\t\t\t<div class=\"elementor-element elementor-element-7e73c882 elementor-widget__width-initial elementor-widget elementor-widget-text-editor\" data-id=\"7e73c882\" data-element_type=\"widget\" data-widget_type=\"text-editor.default\">\n\t\t\t\t<div class=\"elementor-widget-container\">\n\t\t\t\t\t\t\t<p>Les personnes atteintes de maladies chroniques sous-jacentes sont g\u00e9n\u00e9ralement consid\u00e9r\u00e9es comme \u00ab \u00e0 risque \u00bb, car elles sont plus vuln\u00e9rables aux effets ind\u00e9sirables graves des infections et des maladies.<\/p>\t\t\t\t\t\t<\/div>\n\t\t\t\t<\/div>\n\t\t\t\t<div class=\"elementor-element elementor-element-6fd79ccb elementor-widget__width-initial elementor-widget elementor-widget-text-editor\" data-id=\"6fd79ccb\" data-element_type=\"widget\" data-widget_type=\"text-editor.default\">\n\t\t\t\t<div class=\"elementor-widget-container\">\n\t\t\t\t\t\t\t<p>Les conditions qui d\u00e9terminent un individu comme \u00e9tant \u00e0 risque peuvent inclure : le cancer, le diab\u00e8te, les maladies pulmonaires, les maladies r\u00e9nales, les maladies cardiaques, les maladies du foie, la d\u00e9mence, les accidents vasculaires c\u00e9r\u00e9braux et l\u2019hypertension art\u00e9rielle.<\/p>\t\t\t\t\t\t<\/div>\n\t\t\t\t<\/div>\n\t\t\t\t\t<\/div>\n\t\t<\/div>\n\t\t\t\t<div class=\"elementor-column elementor-col-50 elementor-top-column elementor-element elementor-element-57e7629f\" data-id=\"57e7629f\" data-element_type=\"column\" data-settings=\"{&quot;background_background&quot;:&quot;classic&quot;}\">\n\t\t\t<div class=\"elementor-widget-wrap elementor-element-populated\">\n\t\t\t\t\t\t\t\t<div class=\"elementor-element elementor-element-6660a339 elementor-widget__width-initial elementor-widget elementor-widget-text-editor\" data-id=\"6660a339\" data-element_type=\"widget\" data-widget_type=\"text-editor.default\">\n\t\t\t\t<div class=\"elementor-widget-container\">\n\t\t\t\t\t\t\t<p>Il est recommand\u00e9 que les adultes \u00e0 risque suivent un calendrier de vaccination modifi\u00e9 afin de s\u2019assurer qu\u2019ils re\u00e7oivent une protection maximale. Il est important de discuter d\u2019un calendrier de vaccination avec votre professionnel de sant\u00e9. <\/p><p>Certaines de ces recommandations peuvent inclure :<\/p>\t\t\t\t\t\t<\/div>\n\t\t\t\t<\/div>\n\t\t\t\t<div class=\"elementor-element elementor-element-ed8628b elementor-widget__width-initial elementor-widget elementor-widget-text-editor\" data-id=\"ed8628b\" data-element_type=\"widget\" data-widget_type=\"text-editor.default\">\n\t\t\t\t<div class=\"elementor-widget-container\">\n\t\t\t\t\t\t\t\n<table id=\"tablepress-4\" class=\"tablepress tablepress-id-4\">\n<thead>\n<tr class=\"row-1 odd\">\n\t<th class=\"column-1\">Vaccin<\/th><th class=\"column-2\">Dose<\/th>\n<\/tr>\n<\/thead>\n<tbody class=\"row-hover\">\n<tr class=\"row-2 even\">\n\t<td class=\"column-1\">VPI<\/td><td class=\"column-2\">1 dose de rappel<\/td>\n<\/tr>\n<tr class=\"row-3 odd\">\n\t<td class=\"column-1\">RRO<\/td><td class=\"column-2\">2de dose<\/td>\n<\/tr>\n<tr class=\"row-4 even\">\n\t<td class=\"column-1\">Pneumocoque <\/td><td class=\"column-2\">1 dose + dose de rappel possible<\/td>\n<\/tr>\n<tr class=\"row-5 odd\">\n\t<td class=\"column-1\">M\u00e9ningocoque<\/td><td class=\"column-2\">2 doses + dose de rappel<\/td>\n<\/tr>\n<tr class=\"row-6 even\">\n\t<td class=\"column-1\">Grippe<\/td><td class=\"column-2\">Tous les ans<\/td>\n<\/tr>\n<tr class=\"row-7 odd\">\n\t<td class=\"column-1\">Varicelle<\/td><td class=\"column-2\">2 doses<\/td>\n<\/tr>\n<\/tbody>\n<\/table>\n<!-- #tablepress-4 from cache -->\t\t\t\t\t\t<\/div>\n\t\t\t\t<\/div>\n\t\t\t\t<div class=\"elementor-element elementor-element-4b35dba elementor-widget elementor-widget-text-editor\" data-id=\"4b35dba\" data-element_type=\"widget\" data-widget_type=\"text-editor.default\">\n\t\t\t\t<div class=\"elementor-widget-container\">\n\t\t\t\t\t\t\t\t\t\t\t\t\t<\/div>\n\t\t\t\t<\/div>\n\t\t\t\t<div class=\"elementor-element elementor-element-4db81e4 elementor-widget__width-initial elementor-align-justify elementor-widget elementor-widget-button\" data-id=\"4db81e4\" data-element_type=\"widget\" data-widget_type=\"button.default\">\n\t\t\t\t<div class=\"elementor-widget-container\">\n\t\t\t\t\t<div class=\"elementor-button-wrapper\">\n\t\t\t<a href=\"https:\/\/www.canada.ca\/en\/public-health\/services\/publications\/healthy-living\/canadian-immunization-guide-part-1-key-immunization-information\/page-13-recommended-immunization-schedules.html#p1c12a8\" target=\"_blank\" class=\"elementor-button-link elementor-button elementor-size-sm\" role=\"button\">\n\t\t\t\t\t\t<span class=\"elementor-button-content-wrapper\">\n\t\t\t\t\t\t<span class=\"elementor-button-text\">Lire la suite<\/span>\n\t\t<\/span>\n\t\t\t\t\t<\/a>\n\t\t<\/div>\n\t\t\t\t<\/div>\n\t\t\t\t<\/div>\n\t\t\t\t\t<\/div>\n\t\t<\/div>\n\t\t\t\t\t\t\t<\/div>\n\t\t<\/section>\n\t\t\t\t<section class=\"elementor-section elementor-top-section elementor-element elementor-element-e0152a8 elementor-section-boxed elementor-section-height-default elementor-section-height-default\" data-id=\"e0152a8\" data-element_type=\"section\">\n\t\t\t\t\t\t<div class=\"elementor-container elementor-column-gap-default\">\n\t\t\t\t\t<div class=\"elementor-column elementor-col-100 elementor-top-column elementor-element elementor-element-73fb309\" data-id=\"73fb309\" data-element_type=\"column\">\n\t\t\t<div class=\"elementor-widget-wrap elementor-element-populated\">\n\t\t\t\t\t\t\t\t<div class=\"elementor-element elementor-element-36858f4 elementor-widget elementor-widget-heading\" data-id=\"36858f4\" data-element_type=\"widget\" data-widget_type=\"heading.default\">\n\t\t\t\t<div class=\"elementor-widget-container\">\n\t\t\t<h2 class=\"elementor-heading-title elementor-size-default\">Vaccin contre la COVID-19 pour des populations sp\u00e9cifiques<\/h2>\t\t<\/div>\n\t\t\t\t<\/div>\n\t\t\t\t<div class=\"elementor-element elementor-element-cd33b51 elementor-widget__width-initial elementor-widget elementor-widget-text-editor\" data-id=\"cd33b51\" data-element_type=\"widget\" data-widget_type=\"text-editor.default\">\n\t\t\t\t<div class=\"elementor-widget-container\">\n\t\t\t\t\t\t\t<ul><li>Les personnes immunod\u00e9prim\u00e9es ont une r\u00e9ponse immunitaire plus faible \u00e0 la vaccination contre la COVID-19.<\/li><li>Pour cette raison, une troisi\u00e8me dose de vaccin \u00e0 ARNm est recommand\u00e9e 28 jours apr\u00e8s avoir re\u00e7u la deuxi\u00e8me dose.<\/li><li>Une fois vaccin\u00e9 avec les 3 vaccins \u00e0 ARNm, il est sugg\u00e9r\u00e9 d\u2019administrer une dose de rappel apr\u00e8s 6 mois afin d\u2019assurer une protection maximale (derni\u00e8re mise \u00e0 jour le 22 <sup>mars<\/sup> 2022). <\/li><li><p>Afin de d\u00e9terminer \u00e0 quel calendrier de vaccination contre la COVID-19 vous \u00eates admissible en fonction de votre niveau de risque, veuillez consulter votre professionnel de la sant\u00e9 ou visiter les <a href=\"https:\/\/www.canada.ca\/en\/public-health\/services\/publications\/healthy-living\/canadian-immunization-guide-part-4-active-vaccines\/page-26-covid-19-vaccine.html\">services de sant\u00e9 publique du Canada<\/a>.<\/p><\/li><\/ul>\t\t\t\t\t\t<\/div>\n\t\t\t\t<\/div>\n\t\t\t\t\t<\/div>\n\t\t<\/div>\n\t\t\t\t\t\t\t<\/div>\n\t\t<\/section>\n\t\t\t\t\t\t\t<\/div>\n\t\t","protected":false},"excerpt":{"rendered":"<p>Personnes immunod\u00e9prim\u00e9es Les adultes immunod\u00e9prim\u00e9s sont plus vuln\u00e9rables aux infections \u00e9vitables par la vaccination et doivent donc suivre un ensemble de directives relatives aux vaccins pour pr\u00e9venir les risques sanitaires graves. Comme chaque personne est diff\u00e9rente, vous devriez toujours consulter votre m\u00e9decin ou votre m\u00e9decin de famille (ou votre infirmi\u00e8re praticienne) afin de d\u00e9terminer le [&hellip;]<\/p>\n","protected":false},"author":1,"featured_media":0,"parent":0,"menu_order":0,"comment_status":"closed","ping_status":"closed","template":"elementor_header_footer","meta":{"footnotes":""},"class_list":["post-2877","page","type-page","status-publish","hentry"],"yoast_head":"<!-- This site is optimized with the Yoast SEO plugin v19.9 - https:\/\/yoast.com\/wordpress\/plugins\/seo\/ -->\n<title>Adultes ayant des probl\u00e8mes de sant\u00e9 | Windsor Essex Vaccine<\/title>\n<meta name=\"description\" content=\"Adultes ayant des probl\u00e8mes de sant\u00e9 | Windsor Essex Vaccine\" \/>\n<meta name=\"robots\" content=\"index, follow, max-snippet:-1, max-image-preview:large, max-video-preview:-1\" \/>\n<link rel=\"canonical\" href=\"https:\/\/wevaccine.ca\/fr\/adultes-ayant-des-problemes-de-sante\/\" \/>\n<meta property=\"og:locale\" content=\"fr_FR\" \/>\n<meta property=\"og:type\" content=\"article\" \/>\n<meta property=\"og:title\" content=\"Adultes ayant des probl\u00e8mes de sant\u00e9 | Windsor Essex Vaccine\" \/>\n<meta property=\"og:description\" content=\"Adultes ayant des probl\u00e8mes de sant\u00e9 | Windsor Essex Vaccine\" \/>\n<meta property=\"og:url\" content=\"https:\/\/wevaccine.ca\/fr\/adultes-ayant-des-problemes-de-sante\/\" \/>\n<meta property=\"og:site_name\" content=\"Windsor Essex Vaccine\" \/>\n<meta property=\"article:modified_time\" content=\"2022-07-15T14:32:05+00:00\" \/>\n<meta property=\"og:image\" content=\"https:\/\/wevaccine.ca\/wp-content\/uploads\/2022\/04\/health-topics-2.jpeg\" \/>\n<meta name=\"twitter:card\" content=\"summary_large_image\" \/>\n<meta name=\"twitter:label1\" content=\"Dur\u00e9e de lecture estim\u00e9e\" \/>\n\t<meta name=\"twitter:data1\" content=\"3 minutes\" \/>\n<script type=\"application\/ld+json\" class=\"yoast-schema-graph\">{\"@context\":\"https:\/\/schema.org\",\"@graph\":[{\"@type\":\"WebPage\",\"@id\":\"https:\/\/wevaccine.ca\/fr\/adultes-ayant-des-problemes-de-sante\/\",\"url\":\"https:\/\/wevaccine.ca\/fr\/adultes-ayant-des-problemes-de-sante\/\",\"name\":\"Adultes ayant des probl\u00e8mes de sant\u00e9 | Windsor Essex Vaccine\",\"isPartOf\":{\"@id\":\"https:\/\/wevaccine.ca\/#website\"},\"datePublished\":\"2021-08-29T15:11:26+00:00\",\"dateModified\":\"2022-07-15T14:32:05+00:00\",\"description\":\"Adultes ayant des probl\u00e8mes de sant\u00e9 | Windsor Essex Vaccine\",\"breadcrumb\":{\"@id\":\"https:\/\/wevaccine.ca\/fr\/adultes-ayant-des-problemes-de-sante\/#breadcrumb\"},\"inLanguage\":\"fr-FR\",\"potentialAction\":[{\"@type\":\"ReadAction\",\"target\":[\"https:\/\/wevaccine.ca\/fr\/adultes-ayant-des-problemes-de-sante\/\"]}]},{\"@type\":\"BreadcrumbList\",\"@id\":\"https:\/\/wevaccine.ca\/fr\/adultes-ayant-des-problemes-de-sante\/#breadcrumb\",\"itemListElement\":[{\"@type\":\"ListItem\",\"position\":1,\"name\":\"Home\",\"item\":\"https:\/\/wevaccine.ca\/fr\/accueil\/\"},{\"@type\":\"ListItem\",\"position\":2,\"name\":\"Adultes ayant des probl\u00e8mes de sant\u00e9\"}]},{\"@type\":\"WebSite\",\"@id\":\"https:\/\/wevaccine.ca\/#website\",\"url\":\"https:\/\/wevaccine.ca\/\",\"name\":\"Windsor Essex Vaccine\",\"description\":\"Windsor Essex Vaccination Education Site by the University of Windsor\",\"publisher\":{\"@id\":\"https:\/\/wevaccine.ca\/#organization\"},\"potentialAction\":[{\"@type\":\"SearchAction\",\"target\":{\"@type\":\"EntryPoint\",\"urlTemplate\":\"https:\/\/wevaccine.ca\/?s={search_term_string}\"},\"query-input\":\"required name=search_term_string\"}],\"inLanguage\":\"fr-FR\"},{\"@type\":\"Organization\",\"@id\":\"https:\/\/wevaccine.ca\/#organization\",\"name\":\"Windsor Essex Vaccination Education\",\"url\":\"https:\/\/wevaccine.ca\/\",\"logo\":{\"@type\":\"ImageObject\",\"inLanguage\":\"fr-FR\",\"@id\":\"https:\/\/wevaccine.ca\/#\/schema\/logo\/image\/\",\"url\":\"https:\/\/wevaccine.ca\/wp-content\/uploads\/2021\/08\/Screen-Shot-2021-08-02-at-6.29.54-PM.png\",\"contentUrl\":\"https:\/\/wevaccine.ca\/wp-content\/uploads\/2021\/08\/Screen-Shot-2021-08-02-at-6.29.54-PM.png\",\"width\":408,\"height\":244,\"caption\":\"Windsor Essex Vaccination Education\"},\"image\":{\"@id\":\"https:\/\/wevaccine.ca\/#\/schema\/logo\/image\/\"}}]}<\/script>\n<!-- \/ Yoast SEO plugin. -->","yoast_head_json":{"title":"Adultes ayant des probl\u00e8mes de sant\u00e9 | Windsor Essex Vaccine","description":"Adultes ayant des probl\u00e8mes de sant\u00e9 | Windsor Essex Vaccine","robots":{"index":"index","follow":"follow","max-snippet":"max-snippet:-1","max-image-preview":"max-image-preview:large","max-video-preview":"max-video-preview:-1"},"canonical":"https:\/\/wevaccine.ca\/fr\/adultes-ayant-des-problemes-de-sante\/","og_locale":"fr_FR","og_type":"article","og_title":"Adultes ayant des probl\u00e8mes de sant\u00e9 | Windsor Essex Vaccine","og_description":"Adultes ayant des probl\u00e8mes de sant\u00e9 | Windsor Essex Vaccine","og_url":"https:\/\/wevaccine.ca\/fr\/adultes-ayant-des-problemes-de-sante\/","og_site_name":"Windsor Essex Vaccine","article_modified_time":"2022-07-15T14:32:05+00:00","og_image":[{"url":"https:\/\/wevaccine.ca\/wp-content\/uploads\/2022\/04\/health-topics-2.jpeg"}],"twitter_card":"summary_large_image","twitter_misc":{"Dur\u00e9e de lecture estim\u00e9e":"3 minutes"},"schema":{"@context":"https:\/\/schema.org","@graph":[{"@type":"WebPage","@id":"https:\/\/wevaccine.ca\/fr\/adultes-ayant-des-problemes-de-sante\/","url":"https:\/\/wevaccine.ca\/fr\/adultes-ayant-des-problemes-de-sante\/","name":"Adultes ayant des probl\u00e8mes de sant\u00e9 | Windsor Essex Vaccine","isPartOf":{"@id":"https:\/\/wevaccine.ca\/#website"},"datePublished":"2021-08-29T15:11:26+00:00","dateModified":"2022-07-15T14:32:05+00:00","description":"Adultes ayant des probl\u00e8mes de sant\u00e9 | Windsor Essex Vaccine","breadcrumb":{"@id":"https:\/\/wevaccine.ca\/fr\/adultes-ayant-des-problemes-de-sante\/#breadcrumb"},"inLanguage":"fr-FR","potentialAction":[{"@type":"ReadAction","target":["https:\/\/wevaccine.ca\/fr\/adultes-ayant-des-problemes-de-sante\/"]}]},{"@type":"BreadcrumbList","@id":"https:\/\/wevaccine.ca\/fr\/adultes-ayant-des-problemes-de-sante\/#breadcrumb","itemListElement":[{"@type":"ListItem","position":1,"name":"Home","item":"https:\/\/wevaccine.ca\/fr\/accueil\/"},{"@type":"ListItem","position":2,"name":"Adultes ayant des probl\u00e8mes de sant\u00e9"}]},{"@type":"WebSite","@id":"https:\/\/wevaccine.ca\/#website","url":"https:\/\/wevaccine.ca\/","name":"Windsor Essex Vaccine","description":"Windsor Essex Vaccination Education Site by the University of Windsor","publisher":{"@id":"https:\/\/wevaccine.ca\/#organization"},"potentialAction":[{"@type":"SearchAction","target":{"@type":"EntryPoint","urlTemplate":"https:\/\/wevaccine.ca\/?s={search_term_string}"},"query-input":"required name=search_term_string"}],"inLanguage":"fr-FR"},{"@type":"Organization","@id":"https:\/\/wevaccine.ca\/#organization","name":"Windsor Essex Vaccination Education","url":"https:\/\/wevaccine.ca\/","logo":{"@type":"ImageObject","inLanguage":"fr-FR","@id":"https:\/\/wevaccine.ca\/#\/schema\/logo\/image\/","url":"https:\/\/wevaccine.ca\/wp-content\/uploads\/2021\/08\/Screen-Shot-2021-08-02-at-6.29.54-PM.png","contentUrl":"https:\/\/wevaccine.ca\/wp-content\/uploads\/2021\/08\/Screen-Shot-2021-08-02-at-6.29.54-PM.png","width":408,"height":244,"caption":"Windsor Essex Vaccination Education"},"image":{"@id":"https:\/\/wevaccine.ca\/#\/schema\/logo\/image\/"}}]}},"_links":{"self":[{"href":"https:\/\/wevaccine.ca\/fr\/wp-json\/wp\/v2\/pages\/2877","targetHints":{"allow":["GET"]}}],"collection":[{"href":"https:\/\/wevaccine.ca\/fr\/wp-json\/wp\/v2\/pages"}],"about":[{"href":"https:\/\/wevaccine.ca\/fr\/wp-json\/wp\/v2\/types\/page"}],"author":[{"embeddable":true,"href":"https:\/\/wevaccine.ca\/fr\/wp-json\/wp\/v2\/users\/1"}],"replies":[{"embeddable":true,"href":"https:\/\/wevaccine.ca\/fr\/wp-json\/wp\/v2\/comments?post=2877"}],"version-history":[{"count":4,"href":"https:\/\/wevaccine.ca\/fr\/wp-json\/wp\/v2\/pages\/2877\/revisions"}],"predecessor-version":[{"id":3026,"href":"https:\/\/wevaccine.ca\/fr\/wp-json\/wp\/v2\/pages\/2877\/revisions\/3026"}],"wp:attachment":[{"href":"https:\/\/wevaccine.ca\/fr\/wp-json\/wp\/v2\/media?parent=2877"}],"curies":[{"name":"wp","href":"https:\/\/api.w.org\/{rel}","templated":true}]}}