{"id":2925,"date":"2021-08-29T11:13:15","date_gmt":"2021-08-29T15:13:15","guid":{"rendered":"https:\/\/wevaccine.ca\/mythes-courants\/"},"modified":"2022-06-17T10:47:50","modified_gmt":"2022-06-17T14:47:50","slug":"mythes-courants","status":"publish","type":"page","link":"https:\/\/wevaccine.ca\/fr\/mythes-courants\/","title":{"rendered":"Mythes courants"},"content":{"rendered":"\t\t<div data-elementor-type=\"wp-page\" data-elementor-id=\"2925\" class=\"elementor elementor-2925 elementor-942\">\n\t\t\t\t\t\t\t\t\t<section class=\"elementor-section elementor-top-section elementor-element elementor-element-644c25e9 elementor-section-content-middle elementor-section-boxed elementor-section-height-default elementor-section-height-default\" data-id=\"644c25e9\" data-element_type=\"section\">\n\t\t\t\t\t\t<div class=\"elementor-container elementor-column-gap-no\">\n\t\t\t\t\t<div class=\"elementor-column elementor-col-100 elementor-top-column elementor-element elementor-element-4a2dfbd4\" data-id=\"4a2dfbd4\" data-element_type=\"column\">\n\t\t\t<div class=\"elementor-widget-wrap elementor-element-populated\">\n\t\t\t\t\t\t\t\t<section class=\"elementor-section elementor-inner-section elementor-element elementor-element-76bd7e8 elementor-section-boxed elementor-section-height-default elementor-section-height-default\" data-id=\"76bd7e8\" data-element_type=\"section\">\n\t\t\t\t\t\t<div class=\"elementor-container elementor-column-gap-default\">\n\t\t\t\t\t<div class=\"elementor-column elementor-col-50 elementor-inner-column elementor-element elementor-element-624f1a5\" data-id=\"624f1a5\" data-element_type=\"column\">\n\t\t\t<div class=\"elementor-widget-wrap elementor-element-populated\">\n\t\t\t\t\t\t\t\t<div class=\"elementor-element elementor-element-18bc9fa elementor-widget elementor-widget-heading\" data-id=\"18bc9fa\" data-element_type=\"widget\" data-widget_type=\"heading.default\">\n\t\t\t\t<div class=\"elementor-widget-container\">\n\t\t\t<h2 class=\"elementor-heading-title elementor-size-medium\"><h4 data-elementor-setting-key=\"title\" data-pen-placeholder=\"Type Here...\" style=\"font-family: Inter, sans-serif; font-weight: 600; line-height: 1.2em; color: rgb(32, 59, 84); font-size: 42px; text-transform: capitalize; letter-spacing: -1px;\">Vaccins et immunisation : <br>Mythes et id\u00e9es re\u00e7ues (WHO, 2019)<\/h4><\/h2>\t\t<\/div>\n\t\t\t\t<\/div>\n\t\t\t\t\t<\/div>\n\t\t<\/div>\n\t\t\t\t<div class=\"elementor-column elementor-col-50 elementor-inner-column elementor-element elementor-element-e510f3b\" data-id=\"e510f3b\" data-element_type=\"column\">\n\t\t\t<div class=\"elementor-widget-wrap elementor-element-populated\">\n\t\t\t\t\t\t\t\t<div class=\"elementor-element elementor-element-229a92f elementor-widget elementor-widget-image\" data-id=\"229a92f\" data-element_type=\"widget\" data-widget_type=\"image.default\">\n\t\t\t\t<div class=\"elementor-widget-container\">\n\t\t\t\t\t\t\t\t\t\t\t\t\t\t\t<img loading=\"lazy\" decoding=\"async\" width=\"800\" height=\"534\" src=\"https:\/\/wevaccine.ca\/wp-content\/uploads\/2022\/03\/61Z_2112.w009.n001.65B.p14.65-1024x683.jpg\" class=\"attachment-large size-large\" alt=\"\" srcset=\"https:\/\/wevaccine.ca\/wp-content\/uploads\/2022\/03\/61Z_2112.w009.n001.65B.p14.65-1024x683.jpg 1024w, https:\/\/wevaccine.ca\/wp-content\/uploads\/2022\/03\/61Z_2112.w009.n001.65B.p14.65-300x200.jpg 300w, https:\/\/wevaccine.ca\/wp-content\/uploads\/2022\/03\/61Z_2112.w009.n001.65B.p14.65-768x512.jpg 768w, https:\/\/wevaccine.ca\/wp-content\/uploads\/2022\/03\/61Z_2112.w009.n001.65B.p14.65-1536x1024.jpg 1536w, https:\/\/wevaccine.ca\/wp-content\/uploads\/2022\/03\/61Z_2112.w009.n001.65B.p14.65-2048x1365.jpg 2048w\" sizes=\"auto, (max-width: 800px) 100vw, 800px\" \/>\t\t\t\t\t\t\t\t\t\t\t\t\t\t\t<\/div>\n\t\t\t\t<\/div>\n\t\t\t\t\t<\/div>\n\t\t<\/div>\n\t\t\t\t\t\t\t<\/div>\n\t\t<\/section>\n\t\t\t\t<div class=\"elementor-element elementor-element-7ac2a94c elementor-widget elementor-widget-toggle\" data-id=\"7ac2a94c\" data-element_type=\"widget\" data-widget_type=\"toggle.default\">\n\t\t\t\t<div class=\"elementor-widget-container\">\n\t\t\t\t\t<div class=\"elementor-toggle\" role=\"tablist\">\n\t\t\t\t\t\t\t<div class=\"elementor-toggle-item\">\n\t\t\t\t\t<div id=\"elementor-tab-title-2051\" class=\"elementor-tab-title\" data-tab=\"1\" role=\"tab\" aria-controls=\"elementor-tab-content-2051\" aria-expanded=\"false\">\n\t\t\t\t\t\t\t\t\t\t\t\t<span class=\"elementor-toggle-icon elementor-toggle-icon-right\" aria-hidden=\"true\">\n\t\t\t\t\t\t\t\t\t\t\t\t\t\t\t<span class=\"elementor-toggle-icon-closed\"><i class=\"fas fa-caret-right\"><\/i><\/span>\n\t\t\t\t\t\t\t\t<span class=\"elementor-toggle-icon-opened\"><i class=\"elementor-toggle-icon-opened fas fa-caret-up\"><\/i><\/span>\n\t\t\t\t\t\t\t\t\t\t\t\t\t<\/span>\n\t\t\t\t\t\t\t\t\t\t\t\t<a href=\"\" class=\"elementor-toggle-title\">Les maladies ne disparaissaient-elles pas d\u00e9j\u00e0 avant l\u2019introduction des vaccins gr\u00e2ce \u00e0 une meilleure hygi\u00e8ne et un meilleur assainissement?<\/a>\n\t\t\t\t\t<\/div>\n\n\t\t\t\t\t<div id=\"elementor-tab-content-2051\" class=\"elementor-tab-content elementor-clearfix\" data-tab=\"1\" role=\"tabpanel\" aria-labelledby=\"elementor-tab-title-2051\"><p>Des id\u00e9es comme celle-ci sont tr\u00e8s courantes dans la litt\u00e9rature anti-vaccin, l\u2019intention \u00e9tant apparemment de sugg\u00e9rer que les vaccins ne sont pas n\u00e9cessaires. L\u2019am\u00e9lioration des conditions socio-\u00e9conomiques a sans aucun doute eu un impact indirect sur la maladie. Une meilleure alimentation en plus du d\u00e9veloppement d\u2019antibiotiques et d\u2019autres traitements ont augment\u00e9 les taux de survie des malades; les conditions de vie moins surpeupl\u00e9es ont r\u00e9duit la transmission des maladies; et des taux de natalit\u00e9 plus faibles ont r\u00e9duit le nombre de contacts familiaux sensibles. Cependant, l\u2019examen de l\u2019incidence r\u00e9elle de la maladie au fil des ans ne laisse gu\u00e8re de doute sur l\u2019impact direct important que les vaccins ont eu, m\u00eame \u00e0 l\u2019\u00e9poque moderne.   <\/p><p>Par exemple, \u00e9tant donn\u00e9 que l\u2019assainissement n\u2019est pas meilleur aujourd\u2019hui qu\u2019il ne l\u2019\u00e9tait en 1990, il est difficile d\u2019attribuer la quasi-disparition de maladies telles que l\u2019Haemophilus influenzae de type b (Hib) chez les enfants ces derni\u00e8res ann\u00e9es dans les pays o\u00f9 la vaccination contre le Hib est syst\u00e9matique (passant d\u2019environ 20 000 cas par an \u00e0 1419 cas en 1993, et toujours en baisse, aux \u00c9tats-Unis) \u00e0 autre chose qu\u2019au vaccin.<\/p><\/div>\n\t\t\t\t<\/div>\n\t\t\t\t\t\t\t<div class=\"elementor-toggle-item\">\n\t\t\t\t\t<div id=\"elementor-tab-title-2052\" class=\"elementor-tab-title\" data-tab=\"2\" role=\"tab\" aria-controls=\"elementor-tab-content-2052\" aria-expanded=\"false\">\n\t\t\t\t\t\t\t\t\t\t\t\t<span class=\"elementor-toggle-icon elementor-toggle-icon-right\" aria-hidden=\"true\">\n\t\t\t\t\t\t\t\t\t\t\t\t\t\t\t<span class=\"elementor-toggle-icon-closed\"><i class=\"fas fa-caret-right\"><\/i><\/span>\n\t\t\t\t\t\t\t\t<span class=\"elementor-toggle-icon-opened\"><i class=\"elementor-toggle-icon-opened fas fa-caret-up\"><\/i><\/span>\n\t\t\t\t\t\t\t\t\t\t\t\t\t<\/span>\n\t\t\t\t\t\t\t\t\t\t\t\t<a href=\"\" class=\"elementor-toggle-title\">Les vaccins peuvent-ils provoquer la maladie? J\u2019ai entendu dire que la majorit\u00e9 des personnes qui contractent la maladie ont \u00e9t\u00e9 vaccin\u00e9es. <\/a>\n\t\t\t\t\t<\/div>\n\n\t\t\t\t\t<div id=\"elementor-tab-content-2052\" class=\"elementor-tab-content elementor-clearfix\" data-tab=\"2\" role=\"tabpanel\" aria-labelledby=\"elementor-tab-title-2052\"><div class=\"sf-accordion__panel is-active\"><div class=\"sf-accordion__content\"><div><p>C\u2019est un autre argument que l\u2019on trouve fr\u00e9quemment dans la litt\u00e9rature anti-vaccin, l\u2019implication \u00e9tant que cela prouve que les vaccins ne sont pas efficaces. En fait, il est vrai que lors d\u2019une \u00e9pid\u00e9mie, ceux qui ont \u00e9t\u00e9 vaccin\u00e9s sont souvent plus nombreux que ceux qui ne l\u2019ont pas \u00e9t\u00e9, m\u00eame avec des vaccins comme celui contre la rougeole, dont nous savons qu\u2019ils sont efficaces \u00e0 environ 98 % lorsqu\u2019ils sont utilis\u00e9s conform\u00e9ment aux recommandations. <\/p><p>Ce paradoxe apparent s\u2019explique par deux facteurs. Tout d\u2019abord, aucun vaccin n\u2019est efficace \u00e0 100 %. Pour rendre les vaccins plus s\u00fbrs que la maladie, la bact\u00e9rie ou le virus est tu\u00e9(e) ou affaibli(e) (att\u00e9nu\u00e9(e)). Pour des raisons li\u00e9es \u00e0 l\u2019individu, toutes les personnes vaccin\u00e9es ne d\u00e9veloppent pas d\u2019immunit\u00e9. La plupart des vaccins infantiles de routine sont efficaces pour 85 \u00e0 95 % des receveurs. Deuxi\u00e8mement, dans la plupart des pays \u00e0 revenu \u00e9lev\u00e9, les personnes qui ont \u00e9t\u00e9 vaccin\u00e9es sont largement plus nombreuses que celles qui ne l\u2019ont pas \u00e9t\u00e9.     <\/p><p>La mani\u00e8re dont ces deux facteurs interagissent pour entra\u00eener des \u00e9pid\u00e9mies dans lesquelles la majorit\u00e9 des cas ont \u00e9t\u00e9 vaccin\u00e9s peut \u00eatre plus facilement comprise en examinant cet exemple hypoth\u00e9tique :<\/p><p>Consid\u00e9rez une \u00e9cole secondaire de 1 000 \u00e9l\u00e8ves o\u00f9 aucun n\u2019a jamais eu la rougeole. Tous les \u00e9tudiants sauf 5 ont re\u00e7u 2 doses de vaccin contre la rougeole et sont donc compl\u00e8tement immunis\u00e9s. L\u2019ensemble du corps \u00e9tudiant est expos\u00e9 \u00e0 la rougeole et chaque \u00e9l\u00e8ve vuln\u00e9rable est infect\u00e9. Les 5 \u00e9l\u00e8ves non vaccin\u00e9s seront bien s\u00fbr infect\u00e9s. Mais sur les 995 qui ont \u00e9t\u00e9 vaccin\u00e9s, on s\u2019attendrait \u00e0 ce que plusieurs ne r\u00e9pondent pas au vaccin. Le taux d\u2019efficacit\u00e9 pour 2 doses de vaccin contre la rougeole peut atteindre plus de 99 %. Dans cette classe, 7 \u00e9l\u00e8ves ne r\u00e9pondent pas et eux aussi sont infect\u00e9s. Par cons\u00e9quent, 7 cas sur 12, soit environ 58 %, surviennent chez des \u00e9tudiants enti\u00e8rement vaccin\u00e9s.       <\/p><p>Comme vous pouvez le voir, cela ne prouve pas que le vaccin n\u2019a pas fonctionn\u00e9 \u2013 seulement que la plupart des enfants de la classe avaient \u00e9t\u00e9 vaccin\u00e9s, de sorte que ceux qui ont \u00e9t\u00e9 vaccin\u00e9s et n\u2019y ont pas r\u00e9pondu \u00e9taient plus nombreux que ceux qui n\u2019avaient pas \u00e9t\u00e9 vaccin\u00e9s. D\u2019un autre c\u00f4t\u00e9, 100 % des enfants qui n\u2019avaient pas \u00e9t\u00e9 vaccin\u00e9s ont attrap\u00e9 la rougeole, contre moins de 1 % de ceux qui avaient \u00e9t\u00e9 vaccin\u00e9s. Le vaccin contre la rougeole a prot\u00e9g\u00e9 la majeure partie de la classe. Si personne dans la classe n\u2019avait \u00e9t\u00e9 vaccin\u00e9, il y aurait probablement eu 1 000 cas de rougeole.  <\/p><\/div><\/div><\/div><div class=\"sf-accordion__panel\"><div class=\"sf-accordion__trigger-panel\"> <\/div><\/div><\/div>\n\t\t\t\t<\/div>\n\t\t\t\t\t\t\t<div class=\"elementor-toggle-item\">\n\t\t\t\t\t<div id=\"elementor-tab-title-2053\" class=\"elementor-tab-title\" data-tab=\"3\" role=\"tab\" aria-controls=\"elementor-tab-content-2053\" aria-expanded=\"false\">\n\t\t\t\t\t\t\t\t\t\t\t\t<span class=\"elementor-toggle-icon elementor-toggle-icon-right\" aria-hidden=\"true\">\n\t\t\t\t\t\t\t\t\t\t\t\t\t\t\t<span class=\"elementor-toggle-icon-closed\"><i class=\"fas fa-caret-right\"><\/i><\/span>\n\t\t\t\t\t\t\t\t<span class=\"elementor-toggle-icon-opened\"><i class=\"elementor-toggle-icon-opened fas fa-caret-up\"><\/i><\/span>\n\t\t\t\t\t\t\t\t\t\t\t\t\t<\/span>\n\t\t\t\t\t\t\t\t\t\t\t\t<a href=\"\" class=\"elementor-toggle-title\">M\u00eame un petit risque n\u2019est-il pas de trop pour justifier la vaccination?<\/a>\n\t\t\t\t\t<\/div>\n\n\t\t\t\t\t<div id=\"elementor-tab-content-2053\" class=\"elementor-tab-content elementor-clearfix\" data-tab=\"3\" role=\"tabpanel\" aria-labelledby=\"elementor-tab-title-2053\"><div class=\"sf-accordion__panel is-active\"><div class=\"sf-accordion__content\"><div><p>Il ne suffit pas d\u2019examiner le risque, vous devez toujours consid\u00e9rer \u00e0 la fois les risques et les avantages. M\u00eame un effet ind\u00e9sirable grave sur un million de doses de vaccin ne peut \u00eatre justifi\u00e9 s\u2019il n\u2019y a aucun b\u00e9n\u00e9fice \u00e0 la vaccination. Cependant, s\u2019il n\u2019y avait pas de vaccin, il y aurait beaucoup plus de cas de maladie, et avec eux, des effets secondaires plus graves et plus de d\u00e9c\u00e8s. Par exemple, selon une analyse des avantages et des risques de la vaccination DTC, s\u2019il n\u2019y avait pas de programme de vaccination aux \u00c9tats-Unis, les cas de coqueluche pourraient \u00eatre multipli\u00e9s par 71 et les d\u00e9c\u00e8s dus \u00e0 la coqueluche pourraient \u00eatre multipli\u00e9s par 4. La comparaison du risque de maladie avec le risque des vaccins peut nous donner une id\u00e9e des avantages que nous tirons de la vaccination de nos enfants.    <\/p><p>Le fait est qu\u2019un enfant est beaucoup plus susceptible d\u2019\u00eatre gravement atteint par l\u2019une de ces maladies que par n\u2019importe quel vaccin. Bien que les pr\u00e9judices graves ou les d\u00e9c\u00e8s caus\u00e9s par les vaccins soient trop nombreux, il est \u00e9galement clair que les avantages de la vaccination l\u2019emportent largement sur le l\u00e9ger risque, et que beaucoup, beaucoup plus de pr\u00e9judices et de d\u00e9c\u00e8s surviendraient sans vaccination. En fait, avoir une intervention m\u00e9dicale aussi efficace que la vaccination pour pr\u00e9venir la maladie et ne pas l\u2019utiliser serait inadmissible.  <\/p><\/div><\/div><\/div><\/div>\n\t\t\t\t<\/div>\n\t\t\t\t\t\t\t\t<\/div>\n\t\t\t\t<\/div>\n\t\t\t\t<\/div>\n\t\t\t\t\t<\/div>\n\t\t<\/div>\n\t\t\t\t\t\t\t<\/div>\n\t\t<\/section>\n\t\t\t\t<section class=\"elementor-section elementor-top-section elementor-element elementor-element-7f86f73 elementor-section-boxed elementor-section-height-default elementor-section-height-default\" data-id=\"7f86f73\" data-element_type=\"section\">\n\t\t\t\t\t\t<div class=\"elementor-container elementor-column-gap-default\">\n\t\t\t\t\t<div class=\"elementor-column elementor-col-100 elementor-top-column elementor-element elementor-element-cb7e177\" data-id=\"cb7e177\" data-element_type=\"column\">\n\t\t\t<div class=\"elementor-widget-wrap elementor-element-populated\">\n\t\t\t\t\t\t\t\t<div class=\"elementor-element elementor-element-563dcbc elementor-widget elementor-widget-button\" data-id=\"563dcbc\" data-element_type=\"widget\" data-widget_type=\"button.default\">\n\t\t\t\t<div class=\"elementor-widget-container\">\n\t\t\t\t\t<div class=\"elementor-button-wrapper\">\n\t\t\t<a href=\"https:\/\/www.who.int\/news-room\/questions-and-answers\/item\/vaccines-and-immunization-myths-and-misconceptions\" target=\"_blank\" class=\"elementor-button-link elementor-button elementor-size-lg\" role=\"button\">\n\t\t\t\t\t\t<span class=\"elementor-button-content-wrapper\">\n\t\t\t\t\t\t<span class=\"elementor-button-text\">Plus d\u2019informations<\/span>\n\t\t<\/span>\n\t\t\t\t\t<\/a>\n\t\t<\/div>\n\t\t\t\t<\/div>\n\t\t\t\t<\/div>\n\t\t\t\t\t<\/div>\n\t\t<\/div>\n\t\t\t\t\t\t\t<\/div>\n\t\t<\/section>\n\t\t\t\t\t\t\t<\/div>\n\t\t","protected":false},"excerpt":{"rendered":"<p>Vaccins et immunisation : Mythes et id\u00e9es re\u00e7ues (WHO, 2019) Les maladies ne disparaissaient-elles pas d\u00e9j\u00e0 avant l\u2019introduction des vaccins gr\u00e2ce \u00e0 une meilleure hygi\u00e8ne et un meilleur assainissement? Des id\u00e9es comme celle-ci sont tr\u00e8s courantes dans la litt\u00e9rature anti-vaccin, l\u2019intention \u00e9tant apparemment de sugg\u00e9rer que les vaccins ne sont pas n\u00e9cessaires. L\u2019am\u00e9lioration des conditions [&hellip;]<\/p>\n","protected":false},"author":1,"featured_media":0,"parent":0,"menu_order":0,"comment_status":"closed","ping_status":"closed","template":"elementor_header_footer","meta":{"footnotes":""},"class_list":["post-2925","page","type-page","status-publish","hentry"],"yoast_head":"<!-- This site is optimized with the Yoast SEO plugin v19.9 - https:\/\/yoast.com\/wordpress\/plugins\/seo\/ -->\n<title>Mythes courants | Windsor Essex Vaccine<\/title>\n<meta name=\"description\" content=\"Mythes courants | Windsor Essex Vaccine\" \/>\n<meta name=\"robots\" content=\"index, follow, max-snippet:-1, max-image-preview:large, max-video-preview:-1\" \/>\n<link rel=\"canonical\" href=\"https:\/\/wevaccine.ca\/fr\/mythes-courants\/\" \/>\n<meta property=\"og:locale\" content=\"fr_FR\" \/>\n<meta property=\"og:type\" content=\"article\" \/>\n<meta property=\"og:title\" content=\"Mythes courants | Windsor Essex Vaccine\" \/>\n<meta property=\"og:description\" content=\"Mythes courants | Windsor Essex Vaccine\" \/>\n<meta property=\"og:url\" content=\"https:\/\/wevaccine.ca\/fr\/mythes-courants\/\" \/>\n<meta property=\"og:site_name\" content=\"Windsor Essex Vaccine\" \/>\n<meta property=\"article:modified_time\" content=\"2022-06-17T14:47:50+00:00\" \/>\n<meta property=\"og:image\" content=\"https:\/\/wevaccine.ca\/wp-content\/uploads\/2022\/03\/61Z_2112.w009.n001.65B.p14.65-1024x683.jpg\" \/>\n<meta name=\"twitter:card\" content=\"summary_large_image\" \/>\n<meta name=\"twitter:label1\" content=\"Dur\u00e9e de lecture estim\u00e9e\" \/>\n\t<meta name=\"twitter:data1\" content=\"5 minutes\" \/>\n<script type=\"application\/ld+json\" class=\"yoast-schema-graph\">{\"@context\":\"https:\/\/schema.org\",\"@graph\":[{\"@type\":\"WebPage\",\"@id\":\"https:\/\/wevaccine.ca\/fr\/mythes-courants\/\",\"url\":\"https:\/\/wevaccine.ca\/fr\/mythes-courants\/\",\"name\":\"Mythes courants | Windsor Essex Vaccine\",\"isPartOf\":{\"@id\":\"https:\/\/wevaccine.ca\/#website\"},\"datePublished\":\"2021-08-29T15:13:15+00:00\",\"dateModified\":\"2022-06-17T14:47:50+00:00\",\"description\":\"Mythes courants | Windsor Essex Vaccine\",\"breadcrumb\":{\"@id\":\"https:\/\/wevaccine.ca\/fr\/mythes-courants\/#breadcrumb\"},\"inLanguage\":\"fr-FR\",\"potentialAction\":[{\"@type\":\"ReadAction\",\"target\":[\"https:\/\/wevaccine.ca\/fr\/mythes-courants\/\"]}]},{\"@type\":\"BreadcrumbList\",\"@id\":\"https:\/\/wevaccine.ca\/fr\/mythes-courants\/#breadcrumb\",\"itemListElement\":[{\"@type\":\"ListItem\",\"position\":1,\"name\":\"Home\",\"item\":\"https:\/\/wevaccine.ca\/fr\/accueil\/\"},{\"@type\":\"ListItem\",\"position\":2,\"name\":\"Mythes courants\"}]},{\"@type\":\"WebSite\",\"@id\":\"https:\/\/wevaccine.ca\/#website\",\"url\":\"https:\/\/wevaccine.ca\/\",\"name\":\"Windsor Essex Vaccine\",\"description\":\"Windsor Essex Vaccination Education Site by the University of Windsor\",\"publisher\":{\"@id\":\"https:\/\/wevaccine.ca\/#organization\"},\"potentialAction\":[{\"@type\":\"SearchAction\",\"target\":{\"@type\":\"EntryPoint\",\"urlTemplate\":\"https:\/\/wevaccine.ca\/?s={search_term_string}\"},\"query-input\":\"required name=search_term_string\"}],\"inLanguage\":\"fr-FR\"},{\"@type\":\"Organization\",\"@id\":\"https:\/\/wevaccine.ca\/#organization\",\"name\":\"Windsor Essex Vaccination Education\",\"url\":\"https:\/\/wevaccine.ca\/\",\"logo\":{\"@type\":\"ImageObject\",\"inLanguage\":\"fr-FR\",\"@id\":\"https:\/\/wevaccine.ca\/#\/schema\/logo\/image\/\",\"url\":\"https:\/\/wevaccine.ca\/wp-content\/uploads\/2021\/08\/Screen-Shot-2021-08-02-at-6.29.54-PM.png\",\"contentUrl\":\"https:\/\/wevaccine.ca\/wp-content\/uploads\/2021\/08\/Screen-Shot-2021-08-02-at-6.29.54-PM.png\",\"width\":408,\"height\":244,\"caption\":\"Windsor Essex Vaccination Education\"},\"image\":{\"@id\":\"https:\/\/wevaccine.ca\/#\/schema\/logo\/image\/\"}}]}<\/script>\n<!-- \/ Yoast SEO plugin. -->","yoast_head_json":{"title":"Mythes courants | Windsor Essex Vaccine","description":"Mythes courants | Windsor Essex Vaccine","robots":{"index":"index","follow":"follow","max-snippet":"max-snippet:-1","max-image-preview":"max-image-preview:large","max-video-preview":"max-video-preview:-1"},"canonical":"https:\/\/wevaccine.ca\/fr\/mythes-courants\/","og_locale":"fr_FR","og_type":"article","og_title":"Mythes courants | Windsor Essex Vaccine","og_description":"Mythes courants | Windsor Essex Vaccine","og_url":"https:\/\/wevaccine.ca\/fr\/mythes-courants\/","og_site_name":"Windsor Essex Vaccine","article_modified_time":"2022-06-17T14:47:50+00:00","og_image":[{"url":"https:\/\/wevaccine.ca\/wp-content\/uploads\/2022\/03\/61Z_2112.w009.n001.65B.p14.65-1024x683.jpg"}],"twitter_card":"summary_large_image","twitter_misc":{"Dur\u00e9e de lecture estim\u00e9e":"5 minutes"},"schema":{"@context":"https:\/\/schema.org","@graph":[{"@type":"WebPage","@id":"https:\/\/wevaccine.ca\/fr\/mythes-courants\/","url":"https:\/\/wevaccine.ca\/fr\/mythes-courants\/","name":"Mythes courants | Windsor Essex Vaccine","isPartOf":{"@id":"https:\/\/wevaccine.ca\/#website"},"datePublished":"2021-08-29T15:13:15+00:00","dateModified":"2022-06-17T14:47:50+00:00","description":"Mythes courants | Windsor Essex Vaccine","breadcrumb":{"@id":"https:\/\/wevaccine.ca\/fr\/mythes-courants\/#breadcrumb"},"inLanguage":"fr-FR","potentialAction":[{"@type":"ReadAction","target":["https:\/\/wevaccine.ca\/fr\/mythes-courants\/"]}]},{"@type":"BreadcrumbList","@id":"https:\/\/wevaccine.ca\/fr\/mythes-courants\/#breadcrumb","itemListElement":[{"@type":"ListItem","position":1,"name":"Home","item":"https:\/\/wevaccine.ca\/fr\/accueil\/"},{"@type":"ListItem","position":2,"name":"Mythes courants"}]},{"@type":"WebSite","@id":"https:\/\/wevaccine.ca\/#website","url":"https:\/\/wevaccine.ca\/","name":"Windsor Essex Vaccine","description":"Windsor Essex Vaccination Education Site by the University of Windsor","publisher":{"@id":"https:\/\/wevaccine.ca\/#organization"},"potentialAction":[{"@type":"SearchAction","target":{"@type":"EntryPoint","urlTemplate":"https:\/\/wevaccine.ca\/?s={search_term_string}"},"query-input":"required name=search_term_string"}],"inLanguage":"fr-FR"},{"@type":"Organization","@id":"https:\/\/wevaccine.ca\/#organization","name":"Windsor Essex Vaccination Education","url":"https:\/\/wevaccine.ca\/","logo":{"@type":"ImageObject","inLanguage":"fr-FR","@id":"https:\/\/wevaccine.ca\/#\/schema\/logo\/image\/","url":"https:\/\/wevaccine.ca\/wp-content\/uploads\/2021\/08\/Screen-Shot-2021-08-02-at-6.29.54-PM.png","contentUrl":"https:\/\/wevaccine.ca\/wp-content\/uploads\/2021\/08\/Screen-Shot-2021-08-02-at-6.29.54-PM.png","width":408,"height":244,"caption":"Windsor Essex Vaccination Education"},"image":{"@id":"https:\/\/wevaccine.ca\/#\/schema\/logo\/image\/"}}]}},"_links":{"self":[{"href":"https:\/\/wevaccine.ca\/fr\/wp-json\/wp\/v2\/pages\/2925","targetHints":{"allow":["GET"]}}],"collection":[{"href":"https:\/\/wevaccine.ca\/fr\/wp-json\/wp\/v2\/pages"}],"about":[{"href":"https:\/\/wevaccine.ca\/fr\/wp-json\/wp\/v2\/types\/page"}],"author":[{"embeddable":true,"href":"https:\/\/wevaccine.ca\/fr\/wp-json\/wp\/v2\/users\/1"}],"replies":[{"embeddable":true,"href":"https:\/\/wevaccine.ca\/fr\/wp-json\/wp\/v2\/comments?post=2925"}],"version-history":[{"count":1,"href":"https:\/\/wevaccine.ca\/fr\/wp-json\/wp\/v2\/pages\/2925\/revisions"}],"predecessor-version":[{"id":2926,"href":"https:\/\/wevaccine.ca\/fr\/wp-json\/wp\/v2\/pages\/2925\/revisions\/2926"}],"wp:attachment":[{"href":"https:\/\/wevaccine.ca\/fr\/wp-json\/wp\/v2\/media?parent=2925"}],"curies":[{"name":"wp","href":"https:\/\/api.w.org\/{rel}","templated":true}]}}