{"id":2952,"date":"2021-08-29T11:12:34","date_gmt":"2021-08-29T15:12:34","guid":{"rendered":"https:\/\/wevaccine.ca\/femmes-enceintes\/"},"modified":"2022-06-17T12:23:25","modified_gmt":"2022-06-17T16:23:25","slug":"femmes-enceintes","status":"publish","type":"page","link":"https:\/\/wevaccine.ca\/fr\/femmes-enceintes\/","title":{"rendered":"Femmes enceintes"},"content":{"rendered":"\t\t<div data-elementor-type=\"wp-page\" data-elementor-id=\"2952\" class=\"elementor elementor-2952 elementor-939\">\n\t\t\t\t\t\t\t\t\t<section class=\"elementor-section elementor-top-section elementor-element elementor-element-55ff014a elementor-section-full_width elementor-section-height-min-height elementor-section-items-stretch elementor-section-content-middle elementor-reverse-mobile elementor-reverse-tablet elementor-section-height-default\" data-id=\"55ff014a\" data-element_type=\"section\" data-settings=\"{&quot;background_background&quot;:&quot;classic&quot;}\">\n\t\t\t\t\t\t<div class=\"elementor-container elementor-column-gap-no\">\n\t\t\t\t\t<div class=\"elementor-column elementor-col-50 elementor-top-column elementor-element elementor-element-13123b2a\" data-id=\"13123b2a\" data-element_type=\"column\" data-settings=\"{&quot;background_background&quot;:&quot;classic&quot;}\">\n\t\t\t<div class=\"elementor-widget-wrap elementor-element-populated\">\n\t\t\t\t\t\t\t\t<div class=\"elementor-element elementor-element-a8f23a4 elementor-widget elementor-widget-heading\" data-id=\"a8f23a4\" data-element_type=\"widget\" data-widget_type=\"heading.default\">\n\t\t\t\t<div class=\"elementor-widget-container\">\n\t\t\t<h1 class=\"elementor-heading-title elementor-size-default\">Femmes <br>enceintes<\/h1>\t\t<\/div>\n\t\t\t\t<\/div>\n\t\t\t\t<div class=\"elementor-element elementor-element-296c1e28 elementor-widget__width-initial elementor-widget elementor-widget-text-editor\" data-id=\"296c1e28\" data-element_type=\"widget\" data-widget_type=\"text-editor.default\">\n\t\t\t\t<div class=\"elementor-widget-container\">\n\t\t\t\t\t\t\t<p>Avant de recevoir un vaccin au cours de la grossesse, vous devriez consulter votre professionnel de sant\u00e9 (par exemple, gyn\u00e9cologue-obst\u00e9tricien) pour savoir ce qui vous convient le mieux.<\/p><p>En r\u00e8gle g\u00e9n\u00e9rale, la plupart des vaccins inactiv\u00e9s, comme celui contre la grippe, sont s\u00fbrs et offrent une protection aux femmes enceintes. Alors que les vaccins vivants tels que celui contre la rougeole, la rub\u00e9ole et les oreillons (RRO) doivent \u00eatre consid\u00e9r\u00e9s avec prudence. <\/p>\t\t\t\t\t\t<\/div>\n\t\t\t\t<\/div>\n\t\t\t\t<div class=\"elementor-element elementor-element-6c9db64 elementor-widget elementor-widget-button\" data-id=\"6c9db64\" data-element_type=\"widget\" data-widget_type=\"button.default\">\n\t\t\t\t<div class=\"elementor-widget-container\">\n\t\t\t\t\t<div class=\"elementor-button-wrapper\">\n\t\t\t<a href=\"https:\/\/www.canada.ca\/en\/public-health\/services\/publications\/healthy-living\/canadian-immunization-guide-part-3-vaccination-specific-populations\/page-4-immunization-pregnancy-breastfeeding.html\" target=\"_blank\" class=\"elementor-button-link elementor-button elementor-size-sm\" role=\"button\">\n\t\t\t\t\t\t<span class=\"elementor-button-content-wrapper\">\n\t\t\t\t\t\t<span class=\"elementor-button-text\">Plus d\u2019informations<\/span>\n\t\t<\/span>\n\t\t\t\t\t<\/a>\n\t\t<\/div>\n\t\t\t\t<\/div>\n\t\t\t\t<\/div>\n\t\t\t\t\t<\/div>\n\t\t<\/div>\n\t\t\t\t<div class=\"elementor-column elementor-col-50 elementor-top-column elementor-element elementor-element-7ca20c93\" data-id=\"7ca20c93\" data-element_type=\"column\" data-settings=\"{&quot;background_background&quot;:&quot;classic&quot;}\">\n\t\t\t<div class=\"elementor-widget-wrap elementor-element-populated\">\n\t\t\t\t\t\t\t\t<div class=\"elementor-element elementor-element-9ee150a elementor-widget elementor-widget-image\" data-id=\"9ee150a\" data-element_type=\"widget\" data-widget_type=\"image.default\">\n\t\t\t\t<div class=\"elementor-widget-container\">\n\t\t\t\t\t\t\t\t\t\t\t\t\t\t\t<img loading=\"lazy\" decoding=\"async\" width=\"770\" height=\"533\" src=\"https:\/\/wevaccine.ca\/wp-content\/uploads\/2022\/03\/wmnPregnantBooster-1318852282-770x533-1.jpeg\" class=\"attachment-full size-full\" alt=\"\" srcset=\"https:\/\/wevaccine.ca\/wp-content\/uploads\/2022\/03\/wmnPregnantBooster-1318852282-770x533-1.jpeg 770w, https:\/\/wevaccine.ca\/wp-content\/uploads\/2022\/03\/wmnPregnantBooster-1318852282-770x533-1-300x208.jpeg 300w, https:\/\/wevaccine.ca\/wp-content\/uploads\/2022\/03\/wmnPregnantBooster-1318852282-770x533-1-768x532.jpeg 768w\" sizes=\"auto, (max-width: 770px) 100vw, 770px\" \/>\t\t\t\t\t\t\t\t\t\t\t\t\t\t\t<\/div>\n\t\t\t\t<\/div>\n\t\t\t\t\t<\/div>\n\t\t<\/div>\n\t\t\t\t\t\t\t<\/div>\n\t\t<\/section>\n\t\t\t\t<section class=\"elementor-section elementor-top-section elementor-element elementor-element-370c5668 elementor-section-items-stretch elementor-section-content-bottom elementor-section-height-min-height elementor-section-boxed elementor-section-height-default\" data-id=\"370c5668\" data-element_type=\"section\" id=\"credentials\" data-settings=\"{&quot;background_background&quot;:&quot;classic&quot;}\">\n\t\t\t\t\t\t<div class=\"elementor-container elementor-column-gap-no\">\n\t\t\t\t\t<div class=\"elementor-column elementor-col-100 elementor-top-column elementor-element elementor-element-73fe1f4f\" data-id=\"73fe1f4f\" data-element_type=\"column\" data-settings=\"{&quot;background_background&quot;:&quot;classic&quot;}\">\n\t\t\t<div class=\"elementor-widget-wrap elementor-element-populated\">\n\t\t\t\t\t\t\t\t<div class=\"elementor-element elementor-element-6fb2761e elementor-widget elementor-widget-heading\" data-id=\"6fb2761e\" data-element_type=\"widget\" data-widget_type=\"heading.default\">\n\t\t\t\t<div class=\"elementor-widget-container\">\n\t\t\t<h2 class=\"elementor-heading-title elementor-size-default\">Directives vaccinales standard pendant la grossesse<\/h2>\t\t<\/div>\n\t\t\t\t<\/div>\n\t\t\t\t<section class=\"elementor-section elementor-inner-section elementor-element elementor-element-6ab1f72b elementor-section-full_width elementor-section-height-default elementor-section-height-default\" data-id=\"6ab1f72b\" data-element_type=\"section\" data-settings=\"{&quot;background_background&quot;:&quot;classic&quot;}\">\n\t\t\t\t\t\t<div class=\"elementor-container elementor-column-gap-no\">\n\t\t\t\t\t<div class=\"elementor-column elementor-col-33 elementor-inner-column elementor-element elementor-element-3999c434 animated-fast elementor-invisible\" data-id=\"3999c434\" data-element_type=\"column\" data-settings=\"{&quot;animation&quot;:&quot;fadeIn&quot;,&quot;animation_delay&quot;:&quot;200&quot;,&quot;animation_mobile&quot;:&quot;none&quot;}\">\n\t\t\t<div class=\"elementor-widget-wrap elementor-element-populated\">\n\t\t\t\t\t\t\t\t<div class=\"elementor-element elementor-element-6acc9344 elementor-widget elementor-widget-heading\" data-id=\"6acc9344\" data-element_type=\"widget\" data-widget_type=\"heading.default\">\n\t\t\t\t<div class=\"elementor-widget-container\">\n\t\t\t<h3 class=\"elementor-heading-title elementor-size-default\">COVID-19<\/h3>\t\t<\/div>\n\t\t\t\t<\/div>\n\t\t\t\t<div class=\"elementor-element elementor-element-5974544c elementor-widget-divider--view-line elementor-widget elementor-widget-divider\" data-id=\"5974544c\" data-element_type=\"widget\" data-widget_type=\"divider.default\">\n\t\t\t\t<div class=\"elementor-widget-container\">\n\t\t\t\t\t<div class=\"elementor-divider\">\n\t\t\t<span class=\"elementor-divider-separator\">\n\t\t\t\t\t\t<\/span>\n\t\t<\/div>\n\t\t\t\t<\/div>\n\t\t\t\t<\/div>\n\t\t\t\t<div class=\"elementor-element elementor-element-88d6705 elementor-widget__width-initial elementor-widget elementor-widget-text-editor\" data-id=\"88d6705\" data-element_type=\"widget\" data-widget_type=\"text-editor.default\">\n\t\t\t\t<div class=\"elementor-widget-container\">\n\t\t\t\t\t\t\t<ul><li>Tous les vaccins contre la COVID-19 en Ontario sont s\u00fbrs et peuvent \u00eatre administr\u00e9s aux femmes avant de tomber enceintes, pendant tous les trimestres et au cours de l\u2019allaitement.<\/li><\/ul>\t\t\t\t\t\t<\/div>\n\t\t\t\t<\/div>\n\t\t\t\t\t<\/div>\n\t\t<\/div>\n\t\t\t\t<div class=\"elementor-column elementor-col-33 elementor-inner-column elementor-element elementor-element-143fa023 animated-fast elementor-invisible\" data-id=\"143fa023\" data-element_type=\"column\" data-settings=\"{&quot;animation&quot;:&quot;fadeIn&quot;,&quot;animation_delay&quot;:&quot;400&quot;,&quot;animation_mobile&quot;:&quot;none&quot;}\">\n\t\t\t<div class=\"elementor-widget-wrap elementor-element-populated\">\n\t\t\t\t\t\t\t\t<div class=\"elementor-element elementor-element-687e7c4a elementor-widget elementor-widget-heading\" data-id=\"687e7c4a\" data-element_type=\"widget\" data-widget_type=\"heading.default\">\n\t\t\t\t<div class=\"elementor-widget-container\">\n\t\t\t<h3 class=\"elementor-heading-title elementor-size-default\">Grippe<\/h3>\t\t<\/div>\n\t\t\t\t<\/div>\n\t\t\t\t<div class=\"elementor-element elementor-element-661fa4b0 elementor-widget-divider--view-line elementor-widget elementor-widget-divider\" data-id=\"661fa4b0\" data-element_type=\"widget\" data-widget_type=\"divider.default\">\n\t\t\t\t<div class=\"elementor-widget-container\">\n\t\t\t\t\t<div class=\"elementor-divider\">\n\t\t\t<span class=\"elementor-divider-separator\">\n\t\t\t\t\t\t<\/span>\n\t\t<\/div>\n\t\t\t\t<\/div>\n\t\t\t\t<\/div>\n\t\t\t\t<div class=\"elementor-element elementor-element-470a6401 elementor-widget__width-initial elementor-widget elementor-widget-text-editor\" data-id=\"470a6401\" data-element_type=\"widget\" data-widget_type=\"text-editor.default\">\n\t\t\t\t<div class=\"elementor-widget-container\">\n\t\t\t\t\t\t\t<ul><li>Toutes les femmes enceintes devraient recevoir le vaccin antigrippal \u00e0 n\u2019importe quel moment de chacune de leurs grossesses afin de prot\u00e9ger \u00e0 la fois la m\u00e8re et le b\u00e9b\u00e9.<\/li><li>Le vaccin antigrippal est l\u2019un des vaccins les plus importants pour les femmes enceintes car la grippe peut augmenter le risque de pneumonie, d\u2019insuffisance pond\u00e9rale \u00e0 la naissance et d\u2019accouchement pr\u00e9matur\u00e9, ce qui met en danger \u00e0 la fois la m\u00e8re et le f\u0153tus.<\/li><\/ul>\t\t\t\t\t\t<\/div>\n\t\t\t\t<\/div>\n\t\t\t\t\t<\/div>\n\t\t<\/div>\n\t\t\t\t<div class=\"elementor-column elementor-col-33 elementor-inner-column elementor-element elementor-element-34058dae animated-fast elementor-invisible\" data-id=\"34058dae\" data-element_type=\"column\" data-settings=\"{&quot;animation&quot;:&quot;fadeIn&quot;,&quot;animation_delay&quot;:&quot;600&quot;,&quot;animation_mobile&quot;:&quot;none&quot;}\">\n\t\t\t<div class=\"elementor-widget-wrap elementor-element-populated\">\n\t\t\t\t\t\t\t\t<div class=\"elementor-element elementor-element-13f4718 elementor-widget elementor-widget-heading\" data-id=\"13f4718\" data-element_type=\"widget\" data-widget_type=\"heading.default\">\n\t\t\t\t<div class=\"elementor-widget-container\">\n\t\t\t<h3 class=\"elementor-heading-title elementor-size-default\">RRO<\/h3>\t\t<\/div>\n\t\t\t\t<\/div>\n\t\t\t\t<div class=\"elementor-element elementor-element-7e7f25c7 elementor-widget-divider--view-line elementor-widget elementor-widget-divider\" data-id=\"7e7f25c7\" data-element_type=\"widget\" data-widget_type=\"divider.default\">\n\t\t\t\t<div class=\"elementor-widget-container\">\n\t\t\t\t\t<div class=\"elementor-divider\">\n\t\t\t<span class=\"elementor-divider-separator\">\n\t\t\t\t\t\t<\/span>\n\t\t<\/div>\n\t\t\t\t<\/div>\n\t\t\t\t<\/div>\n\t\t\t\t<div class=\"elementor-element elementor-element-1f6bb307 elementor-widget__width-initial elementor-widget elementor-widget-text-editor\" data-id=\"1f6bb307\" data-element_type=\"widget\" data-widget_type=\"text-editor.default\">\n\t\t\t\t<div class=\"elementor-widget-container\">\n\t\t\t\t\t\t\t<ul><li>Le vaccin RRO est un vaccin vivant et ne doit pas \u00eatre administr\u00e9 pendant la grossesse dans la plupart des cas, car il peut augmenter le risque de fausse couche, de mortinaissance ou de malformations f\u0153tales.<\/li><li>Le meilleur moment pour recevoir le vaccin RRO est avant la grossesse ou apr\u00e8s l\u2019accouchement et avant la sortie de l\u2019h\u00f4pital, car la protection contre la rougeole, les oreillons et la rub\u00e9ole est toujours n\u00e9cessaire.<\/li><\/ul>\t\t\t\t\t\t<\/div>\n\t\t\t\t<\/div>\n\t\t\t\t\t<\/div>\n\t\t<\/div>\n\t\t\t\t\t\t\t<\/div>\n\t\t<\/section>\n\t\t\t\t<section class=\"elementor-section elementor-inner-section elementor-element elementor-element-35553ee elementor-section-full_width elementor-section-height-default elementor-section-height-default\" data-id=\"35553ee\" data-element_type=\"section\">\n\t\t\t\t\t\t<div class=\"elementor-container elementor-column-gap-no\">\n\t\t\t\t\t<div class=\"elementor-column elementor-col-100 elementor-inner-column elementor-element elementor-element-516a0b4 animated-fast elementor-invisible\" data-id=\"516a0b4\" data-element_type=\"column\" data-settings=\"{&quot;animation&quot;:&quot;fadeIn&quot;,&quot;animation_delay&quot;:&quot;600&quot;,&quot;animation_mobile&quot;:&quot;none&quot;}\">\n\t\t\t<div class=\"elementor-widget-wrap elementor-element-populated\">\n\t\t\t\t\t\t\t\t<div class=\"elementor-element elementor-element-042822d elementor-widget elementor-widget-heading\" data-id=\"042822d\" data-element_type=\"widget\" data-widget_type=\"heading.default\">\n\t\t\t\t<div class=\"elementor-widget-container\">\n\t\t\t<h3 class=\"elementor-heading-title elementor-size-default\">Coqueluche<\/h3>\t\t<\/div>\n\t\t\t\t<\/div>\n\t\t\t\t<div class=\"elementor-element elementor-element-dcd8231 elementor-widget-divider--view-line elementor-widget elementor-widget-divider\" data-id=\"dcd8231\" data-element_type=\"widget\" data-widget_type=\"divider.default\">\n\t\t\t\t<div class=\"elementor-widget-container\">\n\t\t\t\t\t<div class=\"elementor-divider\">\n\t\t\t<span class=\"elementor-divider-separator\">\n\t\t\t\t\t\t<\/span>\n\t\t<\/div>\n\t\t\t\t<\/div>\n\t\t\t\t<\/div>\n\t\t\t\t<div class=\"elementor-element elementor-element-81e902b elementor-widget__width-inherit elementor-widget elementor-widget-text-editor\" data-id=\"81e902b\" data-element_type=\"widget\" data-widget_type=\"text-editor.default\">\n\t\t\t\t<div class=\"elementor-widget-container\">\n\t\t\t\t\t\t\t<ul><li>Le vaccin contre la coqueluche (dcaT) doit \u00eatre administr\u00e9 \u00e0 chaque grossesse, peu importe l\u2019immunisation ant\u00e9rieure, car l\u2019immunit\u00e9 commence \u00e0 d\u00e9cliner apr\u00e8s plusieurs ann\u00e9es.<\/li><li>Dans la majorit\u00e9 des cas, il doit \u00eatre administr\u00e9 entre 27 et 32 semaines de grossesse.<\/li><li>Pour les m\u00e8res qui sont plus vuln\u00e9rables aux risques pendant la grossesse, comme l\u2019accouchement pr\u00e9matur\u00e9, il est sugg\u00e9r\u00e9 que le vaccin soit administr\u00e9 entre 13 et 26 semaines de grossesse.<\/li><li>Dans tous les cas, les m\u00e8res doivent recevoir le vaccin dcaT au moins 4 semaines avant l\u2019accouchement car cela permettra un transfert optimal des anticorps du corps maternel, pour assurer la protection de la m\u00e8re et du b\u00e9b\u00e9.<\/li><li>Le vaccin dcaT ne pr\u00e9sente aucun risque pour la m\u00e8re ou le f\u0153tus et on estime qu\u2019il prot\u00e8ge 90 % des nourrissons de moins de 3 mois contre la coqueluche.<\/li><\/ul>\t\t\t\t\t\t<\/div>\n\t\t\t\t<\/div>\n\t\t\t\t\t<\/div>\n\t\t<\/div>\n\t\t\t\t\t\t\t<\/div>\n\t\t<\/section>\n\t\t\t\t\t<\/div>\n\t\t<\/div>\n\t\t\t\t\t\t\t<\/div>\n\t\t<\/section>\n\t\t\t\t\t\t\t<\/div>\n\t\t","protected":false},"excerpt":{"rendered":"<p>Femmes enceintes Avant de recevoir un vaccin au cours de la grossesse, vous devriez consulter votre professionnel de sant\u00e9 (par exemple, gyn\u00e9cologue-obst\u00e9tricien) pour savoir ce qui vous convient le mieux. En r\u00e8gle g\u00e9n\u00e9rale, la plupart des vaccins inactiv\u00e9s, comme celui contre la grippe, sont s\u00fbrs et offrent une protection aux femmes enceintes. Alors que les [&hellip;]<\/p>\n","protected":false},"author":1,"featured_media":0,"parent":0,"menu_order":0,"comment_status":"closed","ping_status":"closed","template":"elementor_header_footer","meta":{"footnotes":""},"class_list":["post-2952","page","type-page","status-publish","hentry"],"yoast_head":"<!-- This site is optimized with the Yoast SEO plugin v19.9 - https:\/\/yoast.com\/wordpress\/plugins\/seo\/ -->\n<title>Femmes enceintes | Windsor Essex Vaccine<\/title>\n<meta name=\"description\" content=\"Femmes enceintes | Windsor Essex Vaccine\" \/>\n<meta name=\"robots\" content=\"index, follow, max-snippet:-1, max-image-preview:large, max-video-preview:-1\" \/>\n<link rel=\"canonical\" href=\"https:\/\/wevaccine.ca\/fr\/femmes-enceintes\/\" \/>\n<meta property=\"og:locale\" content=\"fr_FR\" \/>\n<meta property=\"og:type\" content=\"article\" \/>\n<meta property=\"og:title\" content=\"Femmes enceintes | Windsor Essex Vaccine\" \/>\n<meta property=\"og:description\" content=\"Femmes enceintes | Windsor Essex Vaccine\" \/>\n<meta property=\"og:url\" content=\"https:\/\/wevaccine.ca\/fr\/femmes-enceintes\/\" \/>\n<meta property=\"og:site_name\" content=\"Windsor Essex Vaccine\" \/>\n<meta property=\"article:modified_time\" content=\"2022-06-17T16:23:25+00:00\" \/>\n<meta property=\"og:image\" content=\"https:\/\/wevaccine.ca\/wp-content\/uploads\/2022\/03\/wmnPregnantBooster-1318852282-770x533-1.jpeg\" \/>\n<meta name=\"twitter:card\" content=\"summary_large_image\" \/>\n<meta name=\"twitter:label1\" content=\"Dur\u00e9e de lecture estim\u00e9e\" \/>\n\t<meta name=\"twitter:data1\" content=\"2 minutes\" \/>\n<script type=\"application\/ld+json\" class=\"yoast-schema-graph\">{\"@context\":\"https:\/\/schema.org\",\"@graph\":[{\"@type\":\"WebPage\",\"@id\":\"https:\/\/wevaccine.ca\/fr\/femmes-enceintes\/\",\"url\":\"https:\/\/wevaccine.ca\/fr\/femmes-enceintes\/\",\"name\":\"Femmes enceintes | Windsor Essex Vaccine\",\"isPartOf\":{\"@id\":\"https:\/\/wevaccine.ca\/#website\"},\"datePublished\":\"2021-08-29T15:12:34+00:00\",\"dateModified\":\"2022-06-17T16:23:25+00:00\",\"description\":\"Femmes enceintes | Windsor Essex Vaccine\",\"breadcrumb\":{\"@id\":\"https:\/\/wevaccine.ca\/fr\/femmes-enceintes\/#breadcrumb\"},\"inLanguage\":\"fr-FR\",\"potentialAction\":[{\"@type\":\"ReadAction\",\"target\":[\"https:\/\/wevaccine.ca\/fr\/femmes-enceintes\/\"]}]},{\"@type\":\"BreadcrumbList\",\"@id\":\"https:\/\/wevaccine.ca\/fr\/femmes-enceintes\/#breadcrumb\",\"itemListElement\":[{\"@type\":\"ListItem\",\"position\":1,\"name\":\"Home\",\"item\":\"https:\/\/wevaccine.ca\/fr\/accueil\/\"},{\"@type\":\"ListItem\",\"position\":2,\"name\":\"Femmes enceintes\"}]},{\"@type\":\"WebSite\",\"@id\":\"https:\/\/wevaccine.ca\/#website\",\"url\":\"https:\/\/wevaccine.ca\/\",\"name\":\"Windsor Essex Vaccine\",\"description\":\"Windsor Essex Vaccination Education Site by the University of Windsor\",\"publisher\":{\"@id\":\"https:\/\/wevaccine.ca\/#organization\"},\"potentialAction\":[{\"@type\":\"SearchAction\",\"target\":{\"@type\":\"EntryPoint\",\"urlTemplate\":\"https:\/\/wevaccine.ca\/?s={search_term_string}\"},\"query-input\":\"required name=search_term_string\"}],\"inLanguage\":\"fr-FR\"},{\"@type\":\"Organization\",\"@id\":\"https:\/\/wevaccine.ca\/#organization\",\"name\":\"Windsor Essex Vaccination Education\",\"url\":\"https:\/\/wevaccine.ca\/\",\"logo\":{\"@type\":\"ImageObject\",\"inLanguage\":\"fr-FR\",\"@id\":\"https:\/\/wevaccine.ca\/#\/schema\/logo\/image\/\",\"url\":\"https:\/\/wevaccine.ca\/wp-content\/uploads\/2021\/08\/Screen-Shot-2021-08-02-at-6.29.54-PM.png\",\"contentUrl\":\"https:\/\/wevaccine.ca\/wp-content\/uploads\/2021\/08\/Screen-Shot-2021-08-02-at-6.29.54-PM.png\",\"width\":408,\"height\":244,\"caption\":\"Windsor Essex Vaccination Education\"},\"image\":{\"@id\":\"https:\/\/wevaccine.ca\/#\/schema\/logo\/image\/\"}}]}<\/script>\n<!-- \/ Yoast SEO plugin. -->","yoast_head_json":{"title":"Femmes enceintes | Windsor Essex Vaccine","description":"Femmes enceintes | Windsor Essex Vaccine","robots":{"index":"index","follow":"follow","max-snippet":"max-snippet:-1","max-image-preview":"max-image-preview:large","max-video-preview":"max-video-preview:-1"},"canonical":"https:\/\/wevaccine.ca\/fr\/femmes-enceintes\/","og_locale":"fr_FR","og_type":"article","og_title":"Femmes enceintes | Windsor Essex Vaccine","og_description":"Femmes enceintes | Windsor Essex Vaccine","og_url":"https:\/\/wevaccine.ca\/fr\/femmes-enceintes\/","og_site_name":"Windsor Essex Vaccine","article_modified_time":"2022-06-17T16:23:25+00:00","og_image":[{"url":"https:\/\/wevaccine.ca\/wp-content\/uploads\/2022\/03\/wmnPregnantBooster-1318852282-770x533-1.jpeg"}],"twitter_card":"summary_large_image","twitter_misc":{"Dur\u00e9e de lecture estim\u00e9e":"2 minutes"},"schema":{"@context":"https:\/\/schema.org","@graph":[{"@type":"WebPage","@id":"https:\/\/wevaccine.ca\/fr\/femmes-enceintes\/","url":"https:\/\/wevaccine.ca\/fr\/femmes-enceintes\/","name":"Femmes enceintes | Windsor Essex Vaccine","isPartOf":{"@id":"https:\/\/wevaccine.ca\/#website"},"datePublished":"2021-08-29T15:12:34+00:00","dateModified":"2022-06-17T16:23:25+00:00","description":"Femmes enceintes | Windsor Essex Vaccine","breadcrumb":{"@id":"https:\/\/wevaccine.ca\/fr\/femmes-enceintes\/#breadcrumb"},"inLanguage":"fr-FR","potentialAction":[{"@type":"ReadAction","target":["https:\/\/wevaccine.ca\/fr\/femmes-enceintes\/"]}]},{"@type":"BreadcrumbList","@id":"https:\/\/wevaccine.ca\/fr\/femmes-enceintes\/#breadcrumb","itemListElement":[{"@type":"ListItem","position":1,"name":"Home","item":"https:\/\/wevaccine.ca\/fr\/accueil\/"},{"@type":"ListItem","position":2,"name":"Femmes enceintes"}]},{"@type":"WebSite","@id":"https:\/\/wevaccine.ca\/#website","url":"https:\/\/wevaccine.ca\/","name":"Windsor Essex Vaccine","description":"Windsor Essex Vaccination Education Site by the University of Windsor","publisher":{"@id":"https:\/\/wevaccine.ca\/#organization"},"potentialAction":[{"@type":"SearchAction","target":{"@type":"EntryPoint","urlTemplate":"https:\/\/wevaccine.ca\/?s={search_term_string}"},"query-input":"required name=search_term_string"}],"inLanguage":"fr-FR"},{"@type":"Organization","@id":"https:\/\/wevaccine.ca\/#organization","name":"Windsor Essex Vaccination Education","url":"https:\/\/wevaccine.ca\/","logo":{"@type":"ImageObject","inLanguage":"fr-FR","@id":"https:\/\/wevaccine.ca\/#\/schema\/logo\/image\/","url":"https:\/\/wevaccine.ca\/wp-content\/uploads\/2021\/08\/Screen-Shot-2021-08-02-at-6.29.54-PM.png","contentUrl":"https:\/\/wevaccine.ca\/wp-content\/uploads\/2021\/08\/Screen-Shot-2021-08-02-at-6.29.54-PM.png","width":408,"height":244,"caption":"Windsor Essex Vaccination Education"},"image":{"@id":"https:\/\/wevaccine.ca\/#\/schema\/logo\/image\/"}}]}},"_links":{"self":[{"href":"https:\/\/wevaccine.ca\/fr\/wp-json\/wp\/v2\/pages\/2952","targetHints":{"allow":["GET"]}}],"collection":[{"href":"https:\/\/wevaccine.ca\/fr\/wp-json\/wp\/v2\/pages"}],"about":[{"href":"https:\/\/wevaccine.ca\/fr\/wp-json\/wp\/v2\/types\/page"}],"author":[{"embeddable":true,"href":"https:\/\/wevaccine.ca\/fr\/wp-json\/wp\/v2\/users\/1"}],"replies":[{"embeddable":true,"href":"https:\/\/wevaccine.ca\/fr\/wp-json\/wp\/v2\/comments?post=2952"}],"version-history":[{"count":1,"href":"https:\/\/wevaccine.ca\/fr\/wp-json\/wp\/v2\/pages\/2952\/revisions"}],"predecessor-version":[{"id":2953,"href":"https:\/\/wevaccine.ca\/fr\/wp-json\/wp\/v2\/pages\/2952\/revisions\/2953"}],"wp:attachment":[{"href":"https:\/\/wevaccine.ca\/fr\/wp-json\/wp\/v2\/media?parent=2952"}],"curies":[{"name":"wp","href":"https:\/\/api.w.org\/{rel}","templated":true}]}}