{"id":2960,"date":"2021-08-29T11:05:48","date_gmt":"2021-08-29T15:05:48","guid":{"rendered":"https:\/\/wevaccine.ca\/vaccins\/"},"modified":"2022-06-17T12:37:32","modified_gmt":"2022-06-17T16:37:32","slug":"vaccins","status":"publish","type":"page","link":"https:\/\/wevaccine.ca\/fr\/vaccins\/","title":{"rendered":"Vaccins"},"content":{"rendered":"\t\t<div data-elementor-type=\"wp-page\" data-elementor-id=\"2960\" class=\"elementor elementor-2960 elementor-923\">\n\t\t\t\t\t\t\t\t\t<section class=\"elementor-section elementor-top-section elementor-element elementor-element-745977d8 elementor-section-content-middle elementor-section-boxed elementor-section-height-default elementor-section-height-default\" data-id=\"745977d8\" data-element_type=\"section\">\n\t\t\t\t\t\t<div class=\"elementor-container elementor-column-gap-no\">\n\t\t\t\t\t<div class=\"elementor-column elementor-col-100 elementor-top-column elementor-element elementor-element-2e6cb0fb\" data-id=\"2e6cb0fb\" data-element_type=\"column\">\n\t\t\t<div class=\"elementor-widget-wrap elementor-element-populated\">\n\t\t\t\t\t\t\t\t<div class=\"elementor-element elementor-element-5de66d09 elementor-widget elementor-widget-heading\" data-id=\"5de66d09\" data-element_type=\"widget\" data-widget_type=\"heading.default\">\n\t\t\t\t<div class=\"elementor-widget-container\">\n\t\t\t<h4 class=\"elementor-heading-title elementor-size-default\">Connaissez-vous les doses de rappel?<\/h4>\t\t<\/div>\n\t\t\t\t<\/div>\n\t\t\t\t<section class=\"elementor-section elementor-inner-section elementor-element elementor-element-772dd5bf elementor-section-content-middle elementor-section-boxed elementor-section-height-default elementor-section-height-default\" data-id=\"772dd5bf\" data-element_type=\"section\">\n\t\t\t\t\t\t<div class=\"elementor-container elementor-column-gap-no\">\n\t\t\t\t\t<div class=\"elementor-column elementor-col-50 elementor-inner-column elementor-element elementor-element-2c61d1d8\" data-id=\"2c61d1d8\" data-element_type=\"column\" data-settings=\"{&quot;background_background&quot;:&quot;classic&quot;}\">\n\t\t\t<div class=\"elementor-widget-wrap elementor-element-populated\">\n\t\t\t\t\t\t\t\t<div class=\"elementor-element elementor-element-71d50535 elementor-position-top elementor-vertical-align-top elementor-widget elementor-widget-image-box\" data-id=\"71d50535\" data-element_type=\"widget\" data-widget_type=\"image-box.default\">\n\t\t\t\t<div class=\"elementor-widget-container\">\n\t\t\t<div class=\"elementor-image-box-wrapper\"><figure class=\"elementor-image-box-img\"><a href=\"https:\/\/wevaccine.ca\/fr\/grippe\/\" target=\"_blank\"><img decoding=\"async\" src=\"https:\/\/wevaccine.ca\/wp-content\/uploads\/elementor\/thumbs\/influenza-vaccine-pcopjns0s4xyzapl0dxa35m25n6ad82ayew4x76v94.jpeg\" title=\"influenza-vaccine\" alt=\"influenza-vaccine\" class=\"elementor-animation-grow\" \/><\/a><\/figure><div class=\"elementor-image-box-content\"><h3 class=\"elementor-image-box-title\"><a href=\"https:\/\/wevaccine.ca\/fr\/grippe\/\" target=\"_blank\">Grippe<\/a><\/h3><p class=\"elementor-image-box-description\">La grippe cause chaque ann\u00e9e environ 12 000 hospitalisations et 3 500 d\u00e9c\u00e8s au Canada.<\/p><\/div><\/div>\t\t<\/div>\n\t\t\t\t<\/div>\n\t\t\t\t<div class=\"elementor-element elementor-element-97945 elementor-align-center elementor-widget elementor-widget-button\" data-id=\"97945\" data-element_type=\"widget\" data-widget_type=\"button.default\">\n\t\t\t\t<div class=\"elementor-widget-container\">\n\t\t\t\t\t<div class=\"elementor-button-wrapper\">\n\t\t\t<a href=\"https:\/\/wevaccine.ca\/fr\/grippe\/\" target=\"_blank\" class=\"elementor-button-link elementor-button elementor-size-sm\" role=\"button\">\n\t\t\t\t\t\t<span class=\"elementor-button-content-wrapper\">\n\t\t\t\t\t\t<span class=\"elementor-button-text\">Lire la suite<\/span>\n\t\t<\/span>\n\t\t\t\t\t<\/a>\n\t\t<\/div>\n\t\t\t\t<\/div>\n\t\t\t\t<\/div>\n\t\t\t\t\t<\/div>\n\t\t<\/div>\n\t\t\t\t<div class=\"elementor-column elementor-col-50 elementor-inner-column elementor-element elementor-element-5bf017b3\" data-id=\"5bf017b3\" data-element_type=\"column\" data-settings=\"{&quot;background_background&quot;:&quot;classic&quot;}\">\n\t\t\t<div class=\"elementor-widget-wrap elementor-element-populated\">\n\t\t\t\t\t\t\t\t<div class=\"elementor-element elementor-element-125d146c elementor-position-top elementor-vertical-align-top elementor-widget elementor-widget-image-box\" data-id=\"125d146c\" data-element_type=\"widget\" data-widget_type=\"image-box.default\">\n\t\t\t\t<div class=\"elementor-widget-container\">\n\t\t\t<div class=\"elementor-image-box-wrapper\"><figure class=\"elementor-image-box-img\"><a href=\"https:\/\/wevaccine.ca\/fr\/rro\/\" target=\"_blank\"><img decoding=\"async\" src=\"https:\/\/wevaccine.ca\/wp-content\/uploads\/elementor\/thumbs\/MMR-Vaccine-Vial-pcorjsw3bdp81vx4r2jgyg8nh9lg4xgnvhepwq83p4.jpeg\" title=\"MMR-Vaccine-Vial\" alt=\"MMR-Vaccine-Vial\" class=\"elementor-animation-grow\" \/><\/a><\/figure><div class=\"elementor-image-box-content\"><h3 class=\"elementor-image-box-title\"><a href=\"https:\/\/wevaccine.ca\/fr\/rro\/\" target=\"_blank\">RRO<\/a><\/h3><p class=\"elementor-image-box-description\">La rougeole, la rub\u00e9ole et les oreillons (RRO) font partie des maladies infectieuses les plus transmissibles.<\/p><\/div><\/div>\t\t<\/div>\n\t\t\t\t<\/div>\n\t\t\t\t<div class=\"elementor-element elementor-element-986f501 elementor-align-center elementor-widget elementor-widget-button\" data-id=\"986f501\" data-element_type=\"widget\" data-widget_type=\"button.default\">\n\t\t\t\t<div class=\"elementor-widget-container\">\n\t\t\t\t\t<div class=\"elementor-button-wrapper\">\n\t\t\t<a href=\"https:\/\/wevaccine.ca\/fr\/rro\/\" target=\"_blank\" class=\"elementor-button-link elementor-button elementor-size-sm\" role=\"button\">\n\t\t\t\t\t\t<span class=\"elementor-button-content-wrapper\">\n\t\t\t\t\t\t<span class=\"elementor-button-text\">Lire la suite<\/span>\n\t\t<\/span>\n\t\t\t\t\t<\/a>\n\t\t<\/div>\n\t\t\t\t<\/div>\n\t\t\t\t<\/div>\n\t\t\t\t\t<\/div>\n\t\t<\/div>\n\t\t\t\t\t\t\t<\/div>\n\t\t<\/section>\n\t\t\t\t<section class=\"elementor-section elementor-inner-section elementor-element elementor-element-4669ff04 elementor-section-content-middle elementor-section-boxed elementor-section-height-default elementor-section-height-default\" data-id=\"4669ff04\" data-element_type=\"section\">\n\t\t\t\t\t\t<div class=\"elementor-container elementor-column-gap-no\">\n\t\t\t\t\t<div class=\"elementor-column elementor-col-50 elementor-inner-column elementor-element elementor-element-155583b0\" data-id=\"155583b0\" data-element_type=\"column\" data-settings=\"{&quot;background_background&quot;:&quot;classic&quot;}\">\n\t\t\t<div class=\"elementor-widget-wrap elementor-element-populated\">\n\t\t\t\t\t\t\t\t<div class=\"elementor-element elementor-element-220a84a9 elementor-position-top elementor-vertical-align-top elementor-widget elementor-widget-image-box\" data-id=\"220a84a9\" data-element_type=\"widget\" data-widget_type=\"image-box.default\">\n\t\t\t\t<div class=\"elementor-widget-container\">\n\t\t\t<div class=\"elementor-image-box-wrapper\"><figure class=\"elementor-image-box-img\"><a href=\"https:\/\/wevaccine.ca\/fr\/coqueluche\/\" target=\"_blank\"><img decoding=\"async\" src=\"https:\/\/wevaccine.ca\/wp-content\/uploads\/elementor\/thumbs\/pertussis.vaccine_G_954825388-pcosv51hi0i2qx5rc163107cgu9ws6e0ps60ze1cc8.jpg\" title=\"Pertussis Immunization\" alt=\"Pertussis vaccine - administration of antigenic material (vaccine) to stimulate an individual's immune system to develop adaptive immunity to a pathogen.\" class=\"elementor-animation-grow\" \/><\/a><\/figure><div class=\"elementor-image-box-content\"><h3 class=\"elementor-image-box-title\"><a href=\"https:\/\/wevaccine.ca\/fr\/coqueluche\/\" target=\"_blank\">Coqueluche<\/a><\/h3><p class=\"elementor-image-box-description\">Chaque ann\u00e9e, environ 1 000 \u00e0 3 000 Canadiens tombent malades de la coqueluche.<\/p><\/div><\/div>\t\t<\/div>\n\t\t\t\t<\/div>\n\t\t\t\t<div class=\"elementor-element elementor-element-7a01c3b9 elementor-align-center elementor-widget elementor-widget-button\" data-id=\"7a01c3b9\" data-element_type=\"widget\" data-widget_type=\"button.default\">\n\t\t\t\t<div class=\"elementor-widget-container\">\n\t\t\t\t\t<div class=\"elementor-button-wrapper\">\n\t\t\t<a href=\"https:\/\/wevaccine.ca\/fr\/coqueluche\/\" target=\"_blank\" class=\"elementor-button-link elementor-button elementor-size-sm\" role=\"button\">\n\t\t\t\t\t\t<span class=\"elementor-button-content-wrapper\">\n\t\t\t\t\t\t<span class=\"elementor-button-text\">Lire la suite<\/span>\n\t\t<\/span>\n\t\t\t\t\t<\/a>\n\t\t<\/div>\n\t\t\t\t<\/div>\n\t\t\t\t<\/div>\n\t\t\t\t\t<\/div>\n\t\t<\/div>\n\t\t\t\t<div class=\"elementor-column elementor-col-50 elementor-inner-column elementor-element elementor-element-546ccb8e\" data-id=\"546ccb8e\" data-element_type=\"column\" data-settings=\"{&quot;background_background&quot;:&quot;classic&quot;}\">\n\t\t\t<div class=\"elementor-widget-wrap elementor-element-populated\">\n\t\t\t\t\t\t\t\t<div class=\"elementor-element elementor-element-5766733c elementor-position-top elementor-vertical-align-top elementor-widget elementor-widget-image-box\" data-id=\"5766733c\" data-element_type=\"widget\" data-widget_type=\"image-box.default\">\n\t\t\t\t<div class=\"elementor-widget-container\">\n\t\t\t<div class=\"elementor-image-box-wrapper\"><figure class=\"elementor-image-box-img\"><a href=\"https:\/\/wevaccine.ca\/fr\/zona\/\" target=\"_blank\"><img decoding=\"async\" src=\"https:\/\/wevaccine.ca\/wp-content\/uploads\/elementor\/thumbs\/67866_iStock-1029428024.jpg_bc8a4a2b-154d-4b6d-9c7d-9121ca14165a_x2-pcp0eomzv084riq5peq3chd6g3v8gcegpsvs13eyt4.jpeg\" title=\"67866_iStock-1029428024.jpg_bc8a4a2b-154d-4b6d-9c7d-9121ca14165a_x2\" alt=\"67866_iStock-1029428024.jpg_bc8a4a2b-154d-4b6d-9c7d-9121ca14165a_x2\" class=\"elementor-animation-grow\" \/><\/a><\/figure><div class=\"elementor-image-box-content\"><h3 class=\"elementor-image-box-title\"><a href=\"https:\/\/wevaccine.ca\/fr\/zona\/\" target=\"_blank\">Zona<\/a><\/h3><p class=\"elementor-image-box-description\">Pr\u00e8s d\u2019un Canadien sur trois d\u00e9veloppe le zona au cours de sa vie<\/p><\/div><\/div>\t\t<\/div>\n\t\t\t\t<\/div>\n\t\t\t\t<div class=\"elementor-element elementor-element-dd618a7 elementor-align-center elementor-widget elementor-widget-button\" data-id=\"dd618a7\" data-element_type=\"widget\" data-widget_type=\"button.default\">\n\t\t\t\t<div class=\"elementor-widget-container\">\n\t\t\t\t\t<div class=\"elementor-button-wrapper\">\n\t\t\t<a href=\"https:\/\/wevaccine.ca\/fr\/zona\/\" target=\"_blank\" class=\"elementor-button-link elementor-button elementor-size-sm\" role=\"button\">\n\t\t\t\t\t\t<span class=\"elementor-button-content-wrapper\">\n\t\t\t\t\t\t<span class=\"elementor-button-text\">Lire la suite<\/span>\n\t\t<\/span>\n\t\t\t\t\t<\/a>\n\t\t<\/div>\n\t\t\t\t<\/div>\n\t\t\t\t<\/div>\n\t\t\t\t\t<\/div>\n\t\t<\/div>\n\t\t\t\t\t\t\t<\/div>\n\t\t<\/section>\n\t\t\t\t<section class=\"elementor-section elementor-inner-section elementor-element elementor-element-71b1cfb elementor-section-content-middle elementor-section-boxed elementor-section-height-default elementor-section-height-default\" data-id=\"71b1cfb\" data-element_type=\"section\">\n\t\t\t\t\t\t<div class=\"elementor-container elementor-column-gap-no\">\n\t\t\t\t\t<div class=\"elementor-column elementor-col-50 elementor-inner-column elementor-element elementor-element-4c6851f\" data-id=\"4c6851f\" data-element_type=\"column\" data-settings=\"{&quot;background_background&quot;:&quot;classic&quot;}\">\n\t\t\t<div class=\"elementor-widget-wrap elementor-element-populated\">\n\t\t\t\t\t\t\t\t<div class=\"elementor-element elementor-element-bc3c7f0 elementor-position-top elementor-vertical-align-top elementor-widget elementor-widget-image-box\" data-id=\"bc3c7f0\" data-element_type=\"widget\" data-widget_type=\"image-box.default\">\n\t\t\t\t<div class=\"elementor-widget-container\">\n\t\t\t<div class=\"elementor-image-box-wrapper\"><figure class=\"elementor-image-box-img\"><a href=\"https:\/\/wevaccine.ca\/fr\/td\/\" target=\"_blank\"><img decoding=\"async\" src=\"https:\/\/wevaccine.ca\/wp-content\/uploads\/elementor\/thumbs\/AdobeStock_270886213-scaled-pcp2obwbhxzr864py78hfdnjzzg01vj49wv3pccwc8.jpeg\" title=\"Vaccines, botulinum toxin and insulin ampules concept theme with glass vials with clear liquid next to a syringe and a hypodermic needle isolated on white background\" alt=\"Vaccines, botulinum toxin and insulin ampules concept theme with glass vials with clear liquid next to a syringe and a hypodermic needle isolated on white background\" class=\"elementor-animation-grow\" \/><\/a><\/figure><div class=\"elementor-image-box-content\"><h3 class=\"elementor-image-box-title\"><a href=\"https:\/\/wevaccine.ca\/fr\/td\/\" target=\"_blank\">TD<\/a><\/h3><p class=\"elementor-image-box-description\">Le vaccin TD est un vaccin deux en un qui prot\u00e8ge \u00e0 la fois contre le t\u00e9tanos et la dipht\u00e9rie.<\/p><\/div><\/div>\t\t<\/div>\n\t\t\t\t<\/div>\n\t\t\t\t<div class=\"elementor-element elementor-element-f19b420 elementor-align-center elementor-widget elementor-widget-button\" data-id=\"f19b420\" data-element_type=\"widget\" data-widget_type=\"button.default\">\n\t\t\t\t<div class=\"elementor-widget-container\">\n\t\t\t\t\t<div class=\"elementor-button-wrapper\">\n\t\t\t<a href=\"https:\/\/wevaccine.ca\/fr\/td\/\" target=\"_blank\" class=\"elementor-button-link elementor-button elementor-size-sm\" role=\"button\">\n\t\t\t\t\t\t<span class=\"elementor-button-content-wrapper\">\n\t\t\t\t\t\t<span class=\"elementor-button-text\">Lire la suite<\/span>\n\t\t<\/span>\n\t\t\t\t\t<\/a>\n\t\t<\/div>\n\t\t\t\t<\/div>\n\t\t\t\t<\/div>\n\t\t\t\t\t<\/div>\n\t\t<\/div>\n\t\t\t\t<div class=\"elementor-column elementor-col-50 elementor-inner-column elementor-element elementor-element-cd16e30\" data-id=\"cd16e30\" data-element_type=\"column\" data-settings=\"{&quot;background_background&quot;:&quot;classic&quot;}\">\n\t\t\t<div class=\"elementor-widget-wrap elementor-element-populated\">\n\t\t\t\t\t\t\t\t<div class=\"elementor-element elementor-element-54a5d2d elementor-position-top elementor-vertical-align-top elementor-widget elementor-widget-image-box\" data-id=\"54a5d2d\" data-element_type=\"widget\" data-widget_type=\"image-box.default\">\n\t\t\t\t<div class=\"elementor-widget-container\">\n\t\t\t<div class=\"elementor-image-box-wrapper\"><figure class=\"elementor-image-box-img\"><a href=\"https:\/\/wevaccine.ca\/fr\/ppsv23-pcv13\/\" target=\"_blank\"><img decoding=\"async\" src=\"https:\/\/wevaccine.ca\/wp-content\/uploads\/elementor\/thumbs\/l218_6391625722938-pcp3sbx2c4r1as10dhoxja9q2aabm6bwfwayx91rjs.webp\" title=\"l218_6391625722938\" alt=\"l218_6391625722938\" class=\"elementor-animation-grow\" \/><\/a><\/figure><div class=\"elementor-image-box-content\"><h3 class=\"elementor-image-box-title\"><a href=\"https:\/\/wevaccine.ca\/fr\/ppsv23-pcv13\/\" target=\"_blank\">PPSV23, PCV13<\/a><\/h3><p class=\"elementor-image-box-description\">Au Canada, environ 3 000 cas de pneumococcie invasive sont signal\u00e9s chaque ann\u00e9e. <\/p><\/div><\/div>\t\t<\/div>\n\t\t\t\t<\/div>\n\t\t\t\t<div class=\"elementor-element elementor-element-2a0b156 elementor-align-center elementor-widget elementor-widget-button\" data-id=\"2a0b156\" data-element_type=\"widget\" data-widget_type=\"button.default\">\n\t\t\t\t<div class=\"elementor-widget-container\">\n\t\t\t\t\t<div class=\"elementor-button-wrapper\">\n\t\t\t<a href=\"https:\/\/wevaccine.ca\/fr\/ppsv23-pcv13\/\" target=\"_blank\" class=\"elementor-button-link elementor-button elementor-size-sm\" role=\"button\">\n\t\t\t\t\t\t<span class=\"elementor-button-content-wrapper\">\n\t\t\t\t\t\t<span class=\"elementor-button-text\">Lire la suite<\/span>\n\t\t<\/span>\n\t\t\t\t\t<\/a>\n\t\t<\/div>\n\t\t\t\t<\/div>\n\t\t\t\t<\/div>\n\t\t\t\t\t<\/div>\n\t\t<\/div>\n\t\t\t\t\t\t\t<\/div>\n\t\t<\/section>\n\t\t\t\t<section class=\"elementor-section elementor-inner-section elementor-element elementor-element-849e21d elementor-section-content-middle elementor-section-boxed elementor-section-height-default elementor-section-height-default\" data-id=\"849e21d\" data-element_type=\"section\">\n\t\t\t\t\t\t<div class=\"elementor-container elementor-column-gap-no\">\n\t\t\t\t\t<div class=\"elementor-column elementor-col-100 elementor-inner-column elementor-element elementor-element-a72f17f\" data-id=\"a72f17f\" data-element_type=\"column\" data-settings=\"{&quot;background_background&quot;:&quot;classic&quot;}\">\n\t\t\t<div class=\"elementor-widget-wrap elementor-element-populated\">\n\t\t\t\t\t\t\t\t<div class=\"elementor-element elementor-element-aef7f77 elementor-position-top elementor-vertical-align-top elementor-widget elementor-widget-image-box\" data-id=\"aef7f77\" data-element_type=\"widget\" data-widget_type=\"image-box.default\">\n\t\t\t\t<div class=\"elementor-widget-container\">\n\t\t\t<div class=\"elementor-image-box-wrapper\"><figure class=\"elementor-image-box-img\"><a href=\"https:\/\/wevaccine.ca\/fr\/covid-19\/\" target=\"_blank\"><img decoding=\"async\" src=\"https:\/\/wevaccine.ca\/wp-content\/uploads\/elementor\/thumbs\/hakan-nural-niBllet7sTw-unsplash-scaled-pd203z53fr7itnmcqx5mp5f08czzoua6mnq0a4lfp4.jpg\" title=\"hakan-nural-niBllet7sTw-unsplash\" alt=\"hakan-nural-niBllet7sTw-unsplash\" class=\"elementor-animation-grow\" \/><\/a><\/figure><div class=\"elementor-image-box-content\"><h3 class=\"elementor-image-box-title\"><a href=\"https:\/\/wevaccine.ca\/fr\/covid-19\/\" target=\"_blank\">COVID-19<\/a><\/h3><p class=\"elementor-image-box-description\">La COVID-19 est une infection respiratoire caus\u00e9e par le coronavirus.<\/p><\/div><\/div>\t\t<\/div>\n\t\t\t\t<\/div>\n\t\t\t\t<div class=\"elementor-element elementor-element-5d3932a elementor-align-center elementor-widget elementor-widget-button\" data-id=\"5d3932a\" data-element_type=\"widget\" data-widget_type=\"button.default\">\n\t\t\t\t<div class=\"elementor-widget-container\">\n\t\t\t\t\t<div class=\"elementor-button-wrapper\">\n\t\t\t<a href=\"https:\/\/wevaccine.ca\/fr\/covid-19\/\" target=\"_blank\" class=\"elementor-button-link elementor-button elementor-size-sm\" role=\"button\">\n\t\t\t\t\t\t<span class=\"elementor-button-content-wrapper\">\n\t\t\t\t\t\t<span class=\"elementor-button-text\">Lire la suite<\/span>\n\t\t<\/span>\n\t\t\t\t\t<\/a>\n\t\t<\/div>\n\t\t\t\t<\/div>\n\t\t\t\t<\/div>\n\t\t\t\t\t<\/div>\n\t\t<\/div>\n\t\t\t\t\t\t\t<\/div>\n\t\t<\/section>\n\t\t\t\t\t<\/div>\n\t\t<\/div>\n\t\t\t\t\t\t\t<\/div>\n\t\t<\/section>\n\t\t\t\t\t\t\t<\/div>\n\t\t","protected":false},"excerpt":{"rendered":"<p>Connaissez-vous les doses de rappel? Grippe La grippe cause chaque ann\u00e9e environ 12 000 hospitalisations et 3 500 d\u00e9c\u00e8s au Canada. Lire la suite RRO La rougeole, la rub\u00e9ole et les oreillons (RRO) font partie des maladies infectieuses les plus transmissibles. Lire la suite Coqueluche Chaque ann\u00e9e, environ 1 000 \u00e0 3 000 Canadiens tombent [&hellip;]<\/p>\n","protected":false},"author":1,"featured_media":0,"parent":0,"menu_order":0,"comment_status":"closed","ping_status":"closed","template":"elementor_header_footer","meta":{"footnotes":""},"class_list":["post-2960","page","type-page","status-publish","hentry"],"yoast_head":"<!-- This site is optimized with the Yoast SEO plugin v19.9 - https:\/\/yoast.com\/wordpress\/plugins\/seo\/ -->\n<title>Vaccins | Windsor Essex Vaccine<\/title>\n<meta name=\"description\" content=\"Vaccins | Windsor Essex Vaccine\" \/>\n<meta name=\"robots\" content=\"index, follow, max-snippet:-1, max-image-preview:large, max-video-preview:-1\" \/>\n<link rel=\"canonical\" href=\"https:\/\/wevaccine.ca\/fr\/vaccins\/\" \/>\n<meta property=\"og:locale\" content=\"fr_FR\" \/>\n<meta property=\"og:type\" content=\"article\" \/>\n<meta property=\"og:title\" content=\"Vaccins | Windsor Essex Vaccine\" \/>\n<meta property=\"og:description\" content=\"Vaccins | Windsor Essex Vaccine\" \/>\n<meta property=\"og:url\" content=\"https:\/\/wevaccine.ca\/fr\/vaccins\/\" \/>\n<meta property=\"og:site_name\" content=\"Windsor Essex Vaccine\" \/>\n<meta property=\"article:modified_time\" content=\"2022-06-17T16:37:32+00:00\" \/>\n<meta property=\"og:image\" content=\"https:\/\/wevaccine.ca\/wp-content\/uploads\/elementor\/thumbs\/influenza-vaccine-pcopjns0s4xyzapl0dxa35m25n6ad82ayew4x76v94.jpeg\" \/>\n<meta name=\"twitter:card\" content=\"summary_large_image\" \/>\n<meta name=\"twitter:label1\" content=\"Dur\u00e9e de lecture estim\u00e9e\" \/>\n\t<meta name=\"twitter:data1\" content=\"1 minute\" \/>\n<script type=\"application\/ld+json\" class=\"yoast-schema-graph\">{\"@context\":\"https:\/\/schema.org\",\"@graph\":[{\"@type\":\"WebPage\",\"@id\":\"https:\/\/wevaccine.ca\/fr\/vaccins\/\",\"url\":\"https:\/\/wevaccine.ca\/fr\/vaccins\/\",\"name\":\"Vaccins | Windsor Essex Vaccine\",\"isPartOf\":{\"@id\":\"https:\/\/wevaccine.ca\/#website\"},\"datePublished\":\"2021-08-29T15:05:48+00:00\",\"dateModified\":\"2022-06-17T16:37:32+00:00\",\"description\":\"Vaccins | Windsor Essex Vaccine\",\"breadcrumb\":{\"@id\":\"https:\/\/wevaccine.ca\/fr\/vaccins\/#breadcrumb\"},\"inLanguage\":\"fr-FR\",\"potentialAction\":[{\"@type\":\"ReadAction\",\"target\":[\"https:\/\/wevaccine.ca\/fr\/vaccins\/\"]}]},{\"@type\":\"BreadcrumbList\",\"@id\":\"https:\/\/wevaccine.ca\/fr\/vaccins\/#breadcrumb\",\"itemListElement\":[{\"@type\":\"ListItem\",\"position\":1,\"name\":\"Home\",\"item\":\"https:\/\/wevaccine.ca\/fr\/accueil\/\"},{\"@type\":\"ListItem\",\"position\":2,\"name\":\"Vaccins\"}]},{\"@type\":\"WebSite\",\"@id\":\"https:\/\/wevaccine.ca\/#website\",\"url\":\"https:\/\/wevaccine.ca\/\",\"name\":\"Windsor Essex Vaccine\",\"description\":\"Windsor Essex Vaccination Education Site by the University of Windsor\",\"publisher\":{\"@id\":\"https:\/\/wevaccine.ca\/#organization\"},\"potentialAction\":[{\"@type\":\"SearchAction\",\"target\":{\"@type\":\"EntryPoint\",\"urlTemplate\":\"https:\/\/wevaccine.ca\/?s={search_term_string}\"},\"query-input\":\"required name=search_term_string\"}],\"inLanguage\":\"fr-FR\"},{\"@type\":\"Organization\",\"@id\":\"https:\/\/wevaccine.ca\/#organization\",\"name\":\"Windsor Essex Vaccination Education\",\"url\":\"https:\/\/wevaccine.ca\/\",\"logo\":{\"@type\":\"ImageObject\",\"inLanguage\":\"fr-FR\",\"@id\":\"https:\/\/wevaccine.ca\/#\/schema\/logo\/image\/\",\"url\":\"https:\/\/wevaccine.ca\/wp-content\/uploads\/2021\/08\/Screen-Shot-2021-08-02-at-6.29.54-PM.png\",\"contentUrl\":\"https:\/\/wevaccine.ca\/wp-content\/uploads\/2021\/08\/Screen-Shot-2021-08-02-at-6.29.54-PM.png\",\"width\":408,\"height\":244,\"caption\":\"Windsor Essex Vaccination Education\"},\"image\":{\"@id\":\"https:\/\/wevaccine.ca\/#\/schema\/logo\/image\/\"}}]}<\/script>\n<!-- \/ Yoast SEO plugin. -->","yoast_head_json":{"title":"Vaccins | Windsor Essex Vaccine","description":"Vaccins | Windsor Essex Vaccine","robots":{"index":"index","follow":"follow","max-snippet":"max-snippet:-1","max-image-preview":"max-image-preview:large","max-video-preview":"max-video-preview:-1"},"canonical":"https:\/\/wevaccine.ca\/fr\/vaccins\/","og_locale":"fr_FR","og_type":"article","og_title":"Vaccins | Windsor Essex Vaccine","og_description":"Vaccins | Windsor Essex Vaccine","og_url":"https:\/\/wevaccine.ca\/fr\/vaccins\/","og_site_name":"Windsor Essex Vaccine","article_modified_time":"2022-06-17T16:37:32+00:00","og_image":[{"url":"https:\/\/wevaccine.ca\/wp-content\/uploads\/elementor\/thumbs\/influenza-vaccine-pcopjns0s4xyzapl0dxa35m25n6ad82ayew4x76v94.jpeg"}],"twitter_card":"summary_large_image","twitter_misc":{"Dur\u00e9e de lecture estim\u00e9e":"1 minute"},"schema":{"@context":"https:\/\/schema.org","@graph":[{"@type":"WebPage","@id":"https:\/\/wevaccine.ca\/fr\/vaccins\/","url":"https:\/\/wevaccine.ca\/fr\/vaccins\/","name":"Vaccins | Windsor Essex Vaccine","isPartOf":{"@id":"https:\/\/wevaccine.ca\/#website"},"datePublished":"2021-08-29T15:05:48+00:00","dateModified":"2022-06-17T16:37:32+00:00","description":"Vaccins | Windsor Essex Vaccine","breadcrumb":{"@id":"https:\/\/wevaccine.ca\/fr\/vaccins\/#breadcrumb"},"inLanguage":"fr-FR","potentialAction":[{"@type":"ReadAction","target":["https:\/\/wevaccine.ca\/fr\/vaccins\/"]}]},{"@type":"BreadcrumbList","@id":"https:\/\/wevaccine.ca\/fr\/vaccins\/#breadcrumb","itemListElement":[{"@type":"ListItem","position":1,"name":"Home","item":"https:\/\/wevaccine.ca\/fr\/accueil\/"},{"@type":"ListItem","position":2,"name":"Vaccins"}]},{"@type":"WebSite","@id":"https:\/\/wevaccine.ca\/#website","url":"https:\/\/wevaccine.ca\/","name":"Windsor Essex Vaccine","description":"Windsor Essex Vaccination Education Site by the University of Windsor","publisher":{"@id":"https:\/\/wevaccine.ca\/#organization"},"potentialAction":[{"@type":"SearchAction","target":{"@type":"EntryPoint","urlTemplate":"https:\/\/wevaccine.ca\/?s={search_term_string}"},"query-input":"required name=search_term_string"}],"inLanguage":"fr-FR"},{"@type":"Organization","@id":"https:\/\/wevaccine.ca\/#organization","name":"Windsor Essex Vaccination Education","url":"https:\/\/wevaccine.ca\/","logo":{"@type":"ImageObject","inLanguage":"fr-FR","@id":"https:\/\/wevaccine.ca\/#\/schema\/logo\/image\/","url":"https:\/\/wevaccine.ca\/wp-content\/uploads\/2021\/08\/Screen-Shot-2021-08-02-at-6.29.54-PM.png","contentUrl":"https:\/\/wevaccine.ca\/wp-content\/uploads\/2021\/08\/Screen-Shot-2021-08-02-at-6.29.54-PM.png","width":408,"height":244,"caption":"Windsor Essex Vaccination Education"},"image":{"@id":"https:\/\/wevaccine.ca\/#\/schema\/logo\/image\/"}}]}},"_links":{"self":[{"href":"https:\/\/wevaccine.ca\/fr\/wp-json\/wp\/v2\/pages\/2960","targetHints":{"allow":["GET"]}}],"collection":[{"href":"https:\/\/wevaccine.ca\/fr\/wp-json\/wp\/v2\/pages"}],"about":[{"href":"https:\/\/wevaccine.ca\/fr\/wp-json\/wp\/v2\/types\/page"}],"author":[{"embeddable":true,"href":"https:\/\/wevaccine.ca\/fr\/wp-json\/wp\/v2\/users\/1"}],"replies":[{"embeddable":true,"href":"https:\/\/wevaccine.ca\/fr\/wp-json\/wp\/v2\/comments?post=2960"}],"version-history":[{"count":1,"href":"https:\/\/wevaccine.ca\/fr\/wp-json\/wp\/v2\/pages\/2960\/revisions"}],"predecessor-version":[{"id":2961,"href":"https:\/\/wevaccine.ca\/fr\/wp-json\/wp\/v2\/pages\/2960\/revisions\/2961"}],"wp:attachment":[{"href":"https:\/\/wevaccine.ca\/fr\/wp-json\/wp\/v2\/media?parent=2960"}],"curies":[{"name":"wp","href":"https:\/\/api.w.org\/{rel}","templated":true}]}}